{"id":34464,"date":"2026-04-17T13:41:11","date_gmt":"2026-04-17T13:41:11","guid":{"rendered":"https:\/\/singuli.wpress.me\/index.php\/proizvod\/barbie-dream-besties-malibu-lutka\/"},"modified":"2026-04-20T12:33:12","modified_gmt":"2026-04-20T12:33:12","slug":"barbie-dream-besties-malibu-lutka","status":"publish","type":"product","link":"https:\/\/singuli.wpress.me\/index.php\/proizvod\/barbie-dream-besties-malibu-lutka\/","title":{"rendered":"BARBIE Dream Besties Malibu, lutka"},"content":{"rendered":"<p>\n    Barbie Dream Besties lutka \u2013 &#8216;Malibu&#8217; poduzetnica (s dodacima za ljepotu)<\/p>\n<p>\n    Barbie Dream Besties lutke poti\u010du djecu da podijele svoje jedinstvene talente sa svijetom, ba\u0161 poput Barbie &#8216;Malibu&#8217;!<\/p>\n<p>\n    Barbie &#8216;Malibu&#8217; sanja o tome da posjeduje vlastitu tvrtku za \u0161minkanje. Pomozite joj da ostvari svoje snove uz 11 razli\u010ditih dodataka s temom ljepote, uklju\u010duju\u0107i su\u0161ilo za kosu, ogledalo i ru\u017e za usne!<\/p>\n<p>\n    Ova modna lutka ima i dugu, valovitu plavu kosu za zabavno stiliziranje. Nadahnite djecu da slijede svoje snove uz ovu inspirativnu lutku. (Napomena: Lutka ne mo\u017ee stajati samostalno. Boje i ukrasi mogu se razlikovati).<\/p>\n","protected":false},"excerpt":{"rendered":"<p>Tematska uloga: Barbie &#8216;Malibu&#8217; poduzetnica s temom tvrtke za \u0161minkanje<br \/>\nBogati dodaci: Uklju\u010deno 11 dodataka s temom ljepote<br \/>\nZabavno stiliziranje: Duga, valovita plava kosa<\/p>\n","protected":false},"featured_media":34465,"template":"","meta":{"_seopress_robots_primary_cat":"","_seopress_titles_title":"","_seopress_titles_desc":"","_seopress_robots_index":"","iawp_total_views":0},"product_brand":[324],"product_cat":[221,291],"product_tag":[],"class_list":{"0":"post-34464","1":"product","2":"type-product","3":"status-publish","4":"has-post-thumbnail","6":"product_brand-barbie","7":"product_cat-igracke","8":"product_cat-igracke-za-djecu-221","10":"first","11":"instock","12":"shipping-taxable","13":"purchasable","14":"product-type-simple"},"_links":{"self":[{"href":"https:\/\/singuli.wpress.me\/index.php\/wp-json\/wp\/v2\/product\/34464","targetHints":{"allow":["GET"]}}],"collection":[{"href":"https:\/\/singuli.wpress.me\/index.php\/wp-json\/wp\/v2\/product"}],"about":[{"href":"https:\/\/singuli.wpress.me\/index.php\/wp-json\/wp\/v2\/types\/product"}],"version-history":[{"count":0,"href":"https:\/\/singuli.wpress.me\/index.php\/wp-json\/wp\/v2\/product\/34464\/revisions"}],"wp:featuredmedia":[{"embeddable":true,"href":"https:\/\/singuli.wpress.me\/index.php\/wp-json\/wp\/v2\/media\/34465"}],"wp:attachment":[{"href":"https:\/\/singuli.wpress.me\/index.php\/wp-json\/wp\/v2\/media?parent=34464"}],"wp:term":[{"taxonomy":"product_brand","embeddable":true,"href":"https:\/\/singuli.wpress.me\/index.php\/wp-json\/wp\/v2\/product_brand?post=34464"},{"taxonomy":"product_cat","embeddable":true,"href":"https:\/\/singuli.wpress.me\/index.php\/wp-json\/wp\/v2\/product_cat?post=34464"},{"taxonomy":"product_tag","embeddable":true,"href":"https:\/\/singuli.wpress.me\/index.php\/wp-json\/wp\/v2\/product_tag?post=34464"}],"curies":[{"name":"wp","href":"https:\/\/api.w.org\/{rel}","templated":true}]}}