{"id":34470,"date":"2026-04-17T13:41:13","date_gmt":"2026-04-17T13:41:13","guid":{"rendered":"https:\/\/singuli.wpress.me\/index.php\/proizvod\/barbie-dream-besties-lutka-renee\/"},"modified":"2026-04-21T00:26:41","modified_gmt":"2026-04-21T00:26:41","slug":"barbie-dream-besties-lutka-renee","status":"publish","type":"product","link":"https:\/\/singuli.wpress.me\/index.php\/proizvod\/barbie-dream-besties-lutka-renee\/","title":{"rendered":"BARBIE Dream Besties, lutka, Renee"},"content":{"rendered":"<p><span style=\"font-weight: bold\">Lutke Barbie Dream Besties<\/span> poti\u010du djecu da podijele svoje jedinstvene talente sa svijetom, ba\u0161 poput Renee! Renee sanja o vo\u0111enju kulinarsko-putopisne emisije \u2013 pomozite joj u snimanju vlogova uz 11 dodataka, uklju\u010duju\u0107i pizzu, perec i prijenosno ra\u010dunalo! Ova modna lutka ima dugu crnu kosu s sjajnim ljubi\u010dastim pramenovima za jo\u0161 zabavnije stiliziranje. Barbie Dream Besties lutke nadahnjuju djecu od 4 godine i stariju da sanjaju veliko i \u017eive svoje snove. Lutka ne mo\u017ee samostalno stajati. Boje i ukrasi mogu se razlikovati.<\/p>\n","protected":false},"excerpt":{"rendered":"<p>Lutka ne mo\u017ee samostalno stajati<br \/>\nBoje i ukrasi mogu se razlikovati<br \/>\nDob: 4+ god<\/p>\n","protected":false},"featured_media":34471,"template":"","meta":{"_seopress_robots_primary_cat":"","_seopress_titles_title":"","_seopress_titles_desc":"","_seopress_robots_index":"","iawp_total_views":0},"product_brand":[324],"product_cat":[221,291],"product_tag":[],"class_list":{"0":"post-34470","1":"product","2":"type-product","3":"status-publish","4":"has-post-thumbnail","6":"product_brand-barbie","7":"product_cat-igracke","8":"product_cat-igracke-za-djecu-221","10":"first","11":"instock","12":"shipping-taxable","13":"purchasable","14":"product-type-simple"},"_links":{"self":[{"href":"https:\/\/singuli.wpress.me\/index.php\/wp-json\/wp\/v2\/product\/34470","targetHints":{"allow":["GET"]}}],"collection":[{"href":"https:\/\/singuli.wpress.me\/index.php\/wp-json\/wp\/v2\/product"}],"about":[{"href":"https:\/\/singuli.wpress.me\/index.php\/wp-json\/wp\/v2\/types\/product"}],"version-history":[{"count":0,"href":"https:\/\/singuli.wpress.me\/index.php\/wp-json\/wp\/v2\/product\/34470\/revisions"}],"wp:featuredmedia":[{"embeddable":true,"href":"https:\/\/singuli.wpress.me\/index.php\/wp-json\/wp\/v2\/media\/34471"}],"wp:attachment":[{"href":"https:\/\/singuli.wpress.me\/index.php\/wp-json\/wp\/v2\/media?parent=34470"}],"wp:term":[{"taxonomy":"product_brand","embeddable":true,"href":"https:\/\/singuli.wpress.me\/index.php\/wp-json\/wp\/v2\/product_brand?post=34470"},{"taxonomy":"product_cat","embeddable":true,"href":"https:\/\/singuli.wpress.me\/index.php\/wp-json\/wp\/v2\/product_cat?post=34470"},{"taxonomy":"product_tag","embeddable":true,"href":"https:\/\/singuli.wpress.me\/index.php\/wp-json\/wp\/v2\/product_tag?post=34470"}],"curies":[{"name":"wp","href":"https:\/\/api.w.org\/{rel}","templated":true}]}}