{"id":34476,"date":"2026-04-17T13:41:15","date_gmt":"2026-04-17T13:41:15","guid":{"rendered":"https:\/\/singuli.wpress.me\/index.php\/proizvod\/barbie-dream-besties-teresa-lutka\/"},"modified":"2026-04-20T12:33:12","modified_gmt":"2026-04-20T12:33:12","slug":"barbie-dream-besties-teresa-lutka","status":"publish","type":"product","link":"https:\/\/singuli.wpress.me\/index.php\/proizvod\/barbie-dream-besties-teresa-lutka\/","title":{"rendered":"BARBIE Dream Besties Teresa, lutka"},"content":{"rendered":"<p>\n    Barbie Dream Besties lutka \u2013 Teresa poduzetnica (s dodacima za videoigre)<\/p>\n<p>\n    Barbie Dream Besties lutke poti\u010du djecu da podijele svoje jedinstvene talente sa svijetom, ba\u0161 poput Terese!<\/p>\n<p>\n    Teresa sanja o tome da pokrene vlastitu tvrtku za videoigre. Pomozite joj da ostvari svoje snove uz tematske dodatke, uklju\u010duju\u0107i slu\u0161alice, tipkovnicu i ruksak za videoigre!<\/p>\n<p>\n    Ova modna lutka tako\u0111er ima dugu kosu, ukra\u0161enu crvenim ma\u0161nama za zabavno stiliziranje!<\/p>\n<p>\n    Barbie Dream Besties lutke nadahnjuju djecu od 4 godine i stariju da slijede svoje snove. (Napomena: Lutka ne mo\u017ee stajati samostalno. Boje i ukrasi mogu se razlikovati).<\/p>\n","protected":false},"excerpt":{"rendered":"<p>Tematska uloga: Teresa \u2013 poduzetnica s temom tvrtke za videoigre<br \/>\nBogati dodaci: Uklju\u010deni dodaci s temom videoigara (slu\u0161alice, tipkovnica, ruksak)<br \/>\nZabavno stiliziranje: Duga kosa ukra\u0161ena crvenim ma\u0161nama<\/p>\n","protected":false},"featured_media":34477,"template":"","meta":{"_seopress_robots_primary_cat":"","_seopress_titles_title":"","_seopress_titles_desc":"","_seopress_robots_index":"","iawp_total_views":0},"product_brand":[324],"product_cat":[221,291],"product_tag":[],"class_list":{"0":"post-34476","1":"product","2":"type-product","3":"status-publish","4":"has-post-thumbnail","6":"product_brand-barbie","7":"product_cat-igracke","8":"product_cat-igracke-za-djecu-221","10":"first","11":"instock","12":"shipping-taxable","13":"purchasable","14":"product-type-simple"},"_links":{"self":[{"href":"https:\/\/singuli.wpress.me\/index.php\/wp-json\/wp\/v2\/product\/34476","targetHints":{"allow":["GET"]}}],"collection":[{"href":"https:\/\/singuli.wpress.me\/index.php\/wp-json\/wp\/v2\/product"}],"about":[{"href":"https:\/\/singuli.wpress.me\/index.php\/wp-json\/wp\/v2\/types\/product"}],"version-history":[{"count":0,"href":"https:\/\/singuli.wpress.me\/index.php\/wp-json\/wp\/v2\/product\/34476\/revisions"}],"wp:featuredmedia":[{"embeddable":true,"href":"https:\/\/singuli.wpress.me\/index.php\/wp-json\/wp\/v2\/media\/34477"}],"wp:attachment":[{"href":"https:\/\/singuli.wpress.me\/index.php\/wp-json\/wp\/v2\/media?parent=34476"}],"wp:term":[{"taxonomy":"product_brand","embeddable":true,"href":"https:\/\/singuli.wpress.me\/index.php\/wp-json\/wp\/v2\/product_brand?post=34476"},{"taxonomy":"product_cat","embeddable":true,"href":"https:\/\/singuli.wpress.me\/index.php\/wp-json\/wp\/v2\/product_cat?post=34476"},{"taxonomy":"product_tag","embeddable":true,"href":"https:\/\/singuli.wpress.me\/index.php\/wp-json\/wp\/v2\/product_tag?post=34476"}],"curies":[{"name":"wp","href":"https:\/\/api.w.org\/{rel}","templated":true}]}}