{"id":34482,"date":"2026-04-17T13:41:16","date_gmt":"2026-04-17T13:41:16","guid":{"rendered":"https:\/\/singuli.wpress.me\/index.php\/proizvod\/hot-wheels-city-set-za-igru-t-rexov-vatreni-napad\/"},"modified":"2026-04-20T12:33:12","modified_gmt":"2026-04-20T12:33:12","slug":"hot-wheels-city-set-za-igru-t-rexov-vatreni-napad","status":"publish","type":"product","link":"https:\/\/singuli.wpress.me\/index.php\/proizvod\/hot-wheels-city-set-za-igru-t-rexov-vatreni-napad\/","title":{"rendered":"HOT WHEELS City, set za igru, T-Rexov vatreni napad"},"content":{"rendered":"<p>Iskoristi nevjerojatnu vje\u0161tinu vo\u017enje kako bi za\u0161titio <span style=\"font-weight: bold\">Hot Wheels grad<\/span> od dinami\u010dnog <span style=\"font-weight: bold\">T-Rexa<\/span> koji \u017eeli pojesti sve auti\u0107e! Djeca voze auti\u0107 oko dinosaura s tri mogu\u0107a scenarija: biti pojedeni i izba\u010deni; skrenuti na obilaznicu kako bi nato\u010dili gorivo; ili pobijediti zvijer i spasiti prijatelje. Svaki put kada auti\u0107i prolete pored T-Rexa, njegove o\u010di se okre\u0107u, a ruke podrhtavaju dok kona\u010dno ne padne! Sadr\u017ei prostor za pohranu dodatnih auti\u0107a i detalji za igru s pomicanjem za neograni\u010denu kreativnost u pri\u010danju pri\u010da. Boje i ukrasi mogu se razlikovati.<\/p>\n","protected":false},"excerpt":{"rendered":"<p>Uklju\u010den Hot Wheels auti\u0107<br \/>\nBoje i ukrasi mogu se razlikovati<br \/>\nDob: 4+ god<\/p>\n","protected":false},"featured_media":34483,"template":"","meta":{"_seopress_robots_primary_cat":"","_seopress_titles_title":"","_seopress_titles_desc":"","_seopress_robots_index":"","iawp_total_views":0},"product_brand":[429],"product_cat":[221,291],"product_tag":[],"class_list":{"0":"post-34482","1":"product","2":"type-product","3":"status-publish","4":"has-post-thumbnail","6":"product_brand-hot-wheels","7":"product_cat-igracke","8":"product_cat-igracke-za-djecu-221","10":"first","11":"instock","12":"shipping-taxable","13":"purchasable","14":"product-type-simple"},"_links":{"self":[{"href":"https:\/\/singuli.wpress.me\/index.php\/wp-json\/wp\/v2\/product\/34482","targetHints":{"allow":["GET"]}}],"collection":[{"href":"https:\/\/singuli.wpress.me\/index.php\/wp-json\/wp\/v2\/product"}],"about":[{"href":"https:\/\/singuli.wpress.me\/index.php\/wp-json\/wp\/v2\/types\/product"}],"version-history":[{"count":0,"href":"https:\/\/singuli.wpress.me\/index.php\/wp-json\/wp\/v2\/product\/34482\/revisions"}],"wp:featuredmedia":[{"embeddable":true,"href":"https:\/\/singuli.wpress.me\/index.php\/wp-json\/wp\/v2\/media\/34483"}],"wp:attachment":[{"href":"https:\/\/singuli.wpress.me\/index.php\/wp-json\/wp\/v2\/media?parent=34482"}],"wp:term":[{"taxonomy":"product_brand","embeddable":true,"href":"https:\/\/singuli.wpress.me\/index.php\/wp-json\/wp\/v2\/product_brand?post=34482"},{"taxonomy":"product_cat","embeddable":true,"href":"https:\/\/singuli.wpress.me\/index.php\/wp-json\/wp\/v2\/product_cat?post=34482"},{"taxonomy":"product_tag","embeddable":true,"href":"https:\/\/singuli.wpress.me\/index.php\/wp-json\/wp\/v2\/product_tag?post=34482"}],"curies":[{"name":"wp","href":"https:\/\/api.w.org\/{rel}","templated":true}]}}