{"id":34488,"date":"2026-04-17T13:41:18","date_gmt":"2026-04-17T13:41:18","guid":{"rendered":"https:\/\/singuli.wpress.me\/index.php\/proizvod\/disney-princeze-lutka-vaiana\/"},"modified":"2026-04-21T00:26:41","modified_gmt":"2026-04-21T00:26:41","slug":"disney-princeze-lutka-vaiana","status":"publish","type":"product","link":"https:\/\/singuli.wpress.me\/index.php\/proizvod\/disney-princeze-lutka-vaiana\/","title":{"rendered":"DISNEY Princeze, lutka, Vaiana"},"content":{"rendered":"<p>Otkrijte svijet igre s <span style=\"font-weight: bold\">Disney Princezom Vaiana 2<\/span>! Savr\u0161eno za male i velike istra\u017eiva\u010de, ovaj proizvod razveselit \u0107e svako dijete. Inspirirana Disneyjevim filmom Vaiana 2, djeca \u0107e obo\u017eavati sanjariti o beskrajnim morskim avanturama s Vaianom, modnom lutkom. Kao hrabra liderica, Vaiana je spremna istra\u017eivati kopno i more. Spremna za svako putovanje, Vaiana lutka odjevena je u svoj avanturisti\u010dki outfit iz filma, a uz to ima ogrlicu i narukvicu na nozi. Njezina duga, valovita kosa mo\u017ee se kretati kao i njezine pokretne ruke, glava i noge. A ni jedno morsko putovanje nije potpuno bez briljantne  Vaiane! Lutke ne mogu samostalno stajati. Boje i ukrasi mogu varirati.<\/p>\n","protected":false},"excerpt":{"rendered":"<p>Savr\u0161ena za kreativnu igru<br \/>\nBoje i ukrasi mogu varirati<br \/>\nDob: 3+ god<\/p>\n","protected":false},"featured_media":34489,"template":"","meta":{"_seopress_robots_primary_cat":"","_seopress_titles_title":"","_seopress_titles_desc":"","_seopress_robots_index":"","iawp_total_views":0},"product_brand":[522],"product_cat":[221,291],"product_tag":[],"class_list":{"0":"post-34488","1":"product","2":"type-product","3":"status-publish","4":"has-post-thumbnail","6":"product_brand-disney","7":"product_cat-igracke","8":"product_cat-igracke-za-djecu-221","10":"first","11":"instock","12":"shipping-taxable","13":"purchasable","14":"product-type-simple"},"_links":{"self":[{"href":"https:\/\/singuli.wpress.me\/index.php\/wp-json\/wp\/v2\/product\/34488","targetHints":{"allow":["GET"]}}],"collection":[{"href":"https:\/\/singuli.wpress.me\/index.php\/wp-json\/wp\/v2\/product"}],"about":[{"href":"https:\/\/singuli.wpress.me\/index.php\/wp-json\/wp\/v2\/types\/product"}],"version-history":[{"count":0,"href":"https:\/\/singuli.wpress.me\/index.php\/wp-json\/wp\/v2\/product\/34488\/revisions"}],"wp:featuredmedia":[{"embeddable":true,"href":"https:\/\/singuli.wpress.me\/index.php\/wp-json\/wp\/v2\/media\/34489"}],"wp:attachment":[{"href":"https:\/\/singuli.wpress.me\/index.php\/wp-json\/wp\/v2\/media?parent=34488"}],"wp:term":[{"taxonomy":"product_brand","embeddable":true,"href":"https:\/\/singuli.wpress.me\/index.php\/wp-json\/wp\/v2\/product_brand?post=34488"},{"taxonomy":"product_cat","embeddable":true,"href":"https:\/\/singuli.wpress.me\/index.php\/wp-json\/wp\/v2\/product_cat?post=34488"},{"taxonomy":"product_tag","embeddable":true,"href":"https:\/\/singuli.wpress.me\/index.php\/wp-json\/wp\/v2\/product_tag?post=34488"}],"curies":[{"name":"wp","href":"https:\/\/api.w.org\/{rel}","templated":true}]}}