{"id":34494,"date":"2026-04-17T13:41:20","date_gmt":"2026-04-17T13:41:20","guid":{"rendered":"https:\/\/singuli.wpress.me\/index.php\/proizvod\/fisher-price-grickalica-za-zubice\/"},"modified":"2026-04-20T12:33:12","modified_gmt":"2026-04-20T12:33:12","slug":"fisher-price-grickalica-za-zubice","status":"publish","type":"product","link":"https:\/\/singuli.wpress.me\/index.php\/proizvod\/fisher-price-grickalica-za-zubice\/","title":{"rendered":"FISHER PRICE, grickalica za zubi\u0107e"},"content":{"rendered":"<p><span style=\"font-weight: bold\">Fisher-Price grickalice za zubi\u0107e<\/span> su dizajnirane za olak\u0161avanje neugodnosti tijekom faze nicanja zubi\u0107a kod beba. Ove sigurnosne igra\u010dke poti\u010du djecu na \u017evakanje, pru\u017eaju\u0107i im umiruju\u0107i osje\u0107aj. Oblik i materijali su prilago\u0111eni malim rukama, olak\u0161avaju\u0107i dr\u017eanje i upotrebu. Dostupno u 4 razli\u010dita dizajna. Svaka se prodaje zasebno, ovisno o dostupnosti<\/p>\n","protected":false},"excerpt":{"rendered":"<p>Ergonomski dizajn za male ruke<br \/>\nDostupno u 4 razli\u010dita dizajna<br \/>\nDob: 3+m<\/p>\n","protected":false},"featured_media":34495,"template":"","meta":{"_seopress_robots_primary_cat":"","_seopress_titles_title":"","_seopress_titles_desc":"","_seopress_robots_index":"","iawp_total_views":0},"product_brand":[458],"product_cat":[221,291],"product_tag":[],"class_list":{"0":"post-34494","1":"product","2":"type-product","3":"status-publish","4":"has-post-thumbnail","6":"product_brand-fisher-price","7":"product_cat-igracke","8":"product_cat-igracke-za-djecu-221","10":"first","11":"instock","12":"shipping-taxable","13":"purchasable","14":"product-type-simple"},"_links":{"self":[{"href":"https:\/\/singuli.wpress.me\/index.php\/wp-json\/wp\/v2\/product\/34494","targetHints":{"allow":["GET"]}}],"collection":[{"href":"https:\/\/singuli.wpress.me\/index.php\/wp-json\/wp\/v2\/product"}],"about":[{"href":"https:\/\/singuli.wpress.me\/index.php\/wp-json\/wp\/v2\/types\/product"}],"version-history":[{"count":0,"href":"https:\/\/singuli.wpress.me\/index.php\/wp-json\/wp\/v2\/product\/34494\/revisions"}],"wp:featuredmedia":[{"embeddable":true,"href":"https:\/\/singuli.wpress.me\/index.php\/wp-json\/wp\/v2\/media\/34495"}],"wp:attachment":[{"href":"https:\/\/singuli.wpress.me\/index.php\/wp-json\/wp\/v2\/media?parent=34494"}],"wp:term":[{"taxonomy":"product_brand","embeddable":true,"href":"https:\/\/singuli.wpress.me\/index.php\/wp-json\/wp\/v2\/product_brand?post=34494"},{"taxonomy":"product_cat","embeddable":true,"href":"https:\/\/singuli.wpress.me\/index.php\/wp-json\/wp\/v2\/product_cat?post=34494"},{"taxonomy":"product_tag","embeddable":true,"href":"https:\/\/singuli.wpress.me\/index.php\/wp-json\/wp\/v2\/product_tag?post=34494"}],"curies":[{"name":"wp","href":"https:\/\/api.w.org\/{rel}","templated":true}]}}