{"id":34500,"date":"2026-04-17T13:41:22","date_gmt":"2026-04-17T13:41:22","guid":{"rendered":"https:\/\/singuli.wpress.me\/index.php\/proizvod\/barbie-color-reveal-lutka-disco-zvijezda\/"},"modified":"2026-04-20T12:33:12","modified_gmt":"2026-04-20T12:33:12","slug":"barbie-color-reveal-lutka-disco-zvijezda","status":"publish","type":"product","link":"https:\/\/singuli.wpress.me\/index.php\/proizvod\/barbie-color-reveal-lutka-disco-zvijezda\/","title":{"rendered":"BARBIE Color Reveal, lutka, disco zvijezda"},"content":{"rendered":"<p><span style=\"font-weight: bold\">Barbie Color Reveal lutke<\/span> pru\u017eaju iskustvo puno zabave sa \u0161est iznena\u0111enja za otkrivanje! Uz seriju Barbie Disco Zvijezda, djeca mogu prona\u0107i jednu od \u010detiri modne lutke, svaku sa sjajem i blje\u0161tavilom. Inspirirane svijetlim metalik tonovima i zabavnim western stilom, ove modne lutke imaju dugu, \u0161arenu kosu u kombinaciji s upadljivim \u0161e\u0161irom. Koju \u0107e\u0161 lutku otkriti?<br \/>\nTajanstveni dodaci uklju\u010duju suknju, \u010dizme, ukras za vrat i \u0161e\u0161ir. Transformiraj izgled lutkinog lica pomo\u0107u ledene i tople vode za dodatnu zabavu, a cijev u kojoj dolazi mo\u017ee\u0161 koristiti za pohranu dodataka. Djeca \u0107e ih po\u017eeljeti sve!<br \/>\nSvaka lutka prodaje se zasebno, dostupnost mo\u017ee varirati. Lutke ne mogu stajati samostalno. Boje i dekoracije mogu se razlikovati.<\/p>\n","protected":false},"excerpt":{"rendered":"<p>Efekti promjene boje<br \/>\nBoje i dekoracije mogu se razlikovati<br \/>\nDob: 3+ god<\/p>\n","protected":false},"featured_media":34501,"template":"","meta":{"_seopress_robots_primary_cat":"","_seopress_titles_title":"","_seopress_titles_desc":"","_seopress_robots_index":"","iawp_total_views":0},"product_brand":[324],"product_cat":[221,291],"product_tag":[],"class_list":{"0":"post-34500","1":"product","2":"type-product","3":"status-publish","4":"has-post-thumbnail","6":"product_brand-barbie","7":"product_cat-igracke","8":"product_cat-igracke-za-djecu-221","10":"first","11":"outofstock","12":"shipping-taxable","13":"purchasable","14":"product-type-simple"},"_links":{"self":[{"href":"https:\/\/singuli.wpress.me\/index.php\/wp-json\/wp\/v2\/product\/34500","targetHints":{"allow":["GET"]}}],"collection":[{"href":"https:\/\/singuli.wpress.me\/index.php\/wp-json\/wp\/v2\/product"}],"about":[{"href":"https:\/\/singuli.wpress.me\/index.php\/wp-json\/wp\/v2\/types\/product"}],"version-history":[{"count":0,"href":"https:\/\/singuli.wpress.me\/index.php\/wp-json\/wp\/v2\/product\/34500\/revisions"}],"wp:featuredmedia":[{"embeddable":true,"href":"https:\/\/singuli.wpress.me\/index.php\/wp-json\/wp\/v2\/media\/34501"}],"wp:attachment":[{"href":"https:\/\/singuli.wpress.me\/index.php\/wp-json\/wp\/v2\/media?parent=34500"}],"wp:term":[{"taxonomy":"product_brand","embeddable":true,"href":"https:\/\/singuli.wpress.me\/index.php\/wp-json\/wp\/v2\/product_brand?post=34500"},{"taxonomy":"product_cat","embeddable":true,"href":"https:\/\/singuli.wpress.me\/index.php\/wp-json\/wp\/v2\/product_cat?post=34500"},{"taxonomy":"product_tag","embeddable":true,"href":"https:\/\/singuli.wpress.me\/index.php\/wp-json\/wp\/v2\/product_tag?post=34500"}],"curies":[{"name":"wp","href":"https:\/\/api.w.org\/{rel}","templated":true}]}}