{"id":34505,"date":"2026-04-17T13:41:23","date_gmt":"2026-04-17T13:41:23","guid":{"rendered":"https:\/\/singuli.wpress.me\/index.php\/proizvod\/games-uno-teams-drustvena-igra\/"},"modified":"2026-04-20T12:33:12","modified_gmt":"2026-04-20T12:33:12","slug":"games-uno-teams-drustvena-igra","status":"publish","type":"product","link":"https:\/\/singuli.wpress.me\/index.php\/proizvod\/games-uno-teams-drustvena-igra\/","title":{"rendered":"GAMES Uno Teams, dru\u0161tvena igra"},"content":{"rendered":"<p><span style=\"font-weight: bold\">UNO Teams<\/span> je novi na\u010din igranja klasi\u010dne igre! Igra\u010di i dalje spajaju boje, brojeve i simbole, ali umjesto da svatko igra za sebe, udru\u017euju se u parove i igraju zajedno kako bi pobijedili. Posebne karte i pravila poma\u017eu suigra\u010dima da sura\u0111uju, ali oba igra\u010da moraju se rije\u0161iti svih svojih karata kako bi pobijedili. I ne zaboravite \u2013 kada vi (ili va\u0161 partner!) ostanete s jednom kartom, obavezno viknite &#8216;UNO!&#8217;<\/p>\n","protected":false},"excerpt":{"rendered":"<p>Timski duh<br \/>\nKlasi\u010dna zabava s novim twistom<br \/>\nDob: 7+ god<\/p>\n","protected":false},"featured_media":34506,"template":"","meta":{"_seopress_robots_primary_cat":"","_seopress_titles_title":"","_seopress_titles_desc":"","_seopress_robots_index":"","iawp_total_views":0},"product_brand":[390],"product_cat":[290,221],"product_tag":[],"class_list":{"0":"post-34505","1":"product","2":"type-product","3":"status-publish","4":"has-post-thumbnail","6":"product_brand-games","7":"product_cat-drustvene-igre-221","8":"product_cat-igracke","10":"first","11":"instock","12":"shipping-taxable","13":"purchasable","14":"product-type-simple"},"_links":{"self":[{"href":"https:\/\/singuli.wpress.me\/index.php\/wp-json\/wp\/v2\/product\/34505","targetHints":{"allow":["GET"]}}],"collection":[{"href":"https:\/\/singuli.wpress.me\/index.php\/wp-json\/wp\/v2\/product"}],"about":[{"href":"https:\/\/singuli.wpress.me\/index.php\/wp-json\/wp\/v2\/types\/product"}],"version-history":[{"count":0,"href":"https:\/\/singuli.wpress.me\/index.php\/wp-json\/wp\/v2\/product\/34505\/revisions"}],"wp:featuredmedia":[{"embeddable":true,"href":"https:\/\/singuli.wpress.me\/index.php\/wp-json\/wp\/v2\/media\/34506"}],"wp:attachment":[{"href":"https:\/\/singuli.wpress.me\/index.php\/wp-json\/wp\/v2\/media?parent=34505"}],"wp:term":[{"taxonomy":"product_brand","embeddable":true,"href":"https:\/\/singuli.wpress.me\/index.php\/wp-json\/wp\/v2\/product_brand?post=34505"},{"taxonomy":"product_cat","embeddable":true,"href":"https:\/\/singuli.wpress.me\/index.php\/wp-json\/wp\/v2\/product_cat?post=34505"},{"taxonomy":"product_tag","embeddable":true,"href":"https:\/\/singuli.wpress.me\/index.php\/wp-json\/wp\/v2\/product_tag?post=34505"}],"curies":[{"name":"wp","href":"https:\/\/api.w.org\/{rel}","templated":true}]}}