{"id":34511,"date":"2026-04-17T13:41:25","date_gmt":"2026-04-17T13:41:25","guid":{"rendered":"https:\/\/singuli.wpress.me\/index.php\/proizvod\/barbie-vila-s-promjenom-boje-lutka\/"},"modified":"2026-04-20T12:33:12","modified_gmt":"2026-04-20T12:33:12","slug":"barbie-vila-s-promjenom-boje-lutka","status":"publish","type":"product","link":"https:\/\/singuli.wpress.me\/index.php\/proizvod\/barbie-vila-s-promjenom-boje-lutka\/","title":{"rendered":"BARBIE vila s promjenom boje, lutka"},"content":{"rendered":"<p>\n    Barbie\u00ae vilinska lutka s \u010darolijom promjene boje<\/p>\n<p>\n    Stvorite malo \u010darolije boja s ovom Barbie\u00ae vilinskom lutkom! Ova lutka nadahnjuje igru u fantasti\u010dnim svjetovima i ima nevjerojatnu funkciju promjene boje.<\/p>\n<p>\n    Jednostavno zaronite njezin zvjezdasti \u010darobni \u0161tapi\u0107 u hladnu vodu, a zatim pomaknite njezina krila. Gledajte kako se srca mijenjaju iz nje\u017eno ru\u017ei\u010daste u blistavo crvenu! Za dodatnu \u010daroliju, pomaknite \u0161tapi\u0107 po njezinu korzetu kako biste otkrili o\u010daravaju\u0107i ombre efekt.<\/p>\n<p>\n    Boje mo\u017eete promijeniti natrag pomo\u0107u tople vode i ponoviti zabavu iznova i iznova.<\/p>\n<p>\n    Ova Barbie\u00ae vilinska lutka blista u svojoj haljini, s sandalama omotanim vinovom lozom, trakom za kosu u obliku leptira i ogrlicom u obliku kapi vode.<\/p>\n","protected":false},"excerpt":{"rendered":"<p>Magi\u010dna promjena boje: Srca na krilima mijenjaju se iz nje\u017eno ru\u017ei\u010daste u blistavo crvenu hladnom vodom<br \/>\nInteraktivna funkcija: Zvjezdasti \u010darobni \u0161tapi\u0107 koristi se za promjenu boje i otkrivanje ombre efekta na korzetu<br \/>\nFantasti\u010dan izgled: Krila, haljina, te dodaci poput sandala omotanih vinovom lozom i trake s leptirom<\/p>\n","protected":false},"featured_media":34512,"template":"","meta":{"_seopress_robots_primary_cat":"","_seopress_titles_title":"","_seopress_titles_desc":"","_seopress_robots_index":"","iawp_total_views":0},"product_brand":[324],"product_cat":[221,291],"product_tag":[],"class_list":{"0":"post-34511","1":"product","2":"type-product","3":"status-publish","4":"has-post-thumbnail","6":"product_brand-barbie","7":"product_cat-igracke","8":"product_cat-igracke-za-djecu-221","10":"first","11":"instock","12":"shipping-taxable","13":"purchasable","14":"product-type-simple"},"_links":{"self":[{"href":"https:\/\/singuli.wpress.me\/index.php\/wp-json\/wp\/v2\/product\/34511","targetHints":{"allow":["GET"]}}],"collection":[{"href":"https:\/\/singuli.wpress.me\/index.php\/wp-json\/wp\/v2\/product"}],"about":[{"href":"https:\/\/singuli.wpress.me\/index.php\/wp-json\/wp\/v2\/types\/product"}],"version-history":[{"count":0,"href":"https:\/\/singuli.wpress.me\/index.php\/wp-json\/wp\/v2\/product\/34511\/revisions"}],"wp:featuredmedia":[{"embeddable":true,"href":"https:\/\/singuli.wpress.me\/index.php\/wp-json\/wp\/v2\/media\/34512"}],"wp:attachment":[{"href":"https:\/\/singuli.wpress.me\/index.php\/wp-json\/wp\/v2\/media?parent=34511"}],"wp:term":[{"taxonomy":"product_brand","embeddable":true,"href":"https:\/\/singuli.wpress.me\/index.php\/wp-json\/wp\/v2\/product_brand?post=34511"},{"taxonomy":"product_cat","embeddable":true,"href":"https:\/\/singuli.wpress.me\/index.php\/wp-json\/wp\/v2\/product_cat?post=34511"},{"taxonomy":"product_tag","embeddable":true,"href":"https:\/\/singuli.wpress.me\/index.php\/wp-json\/wp\/v2\/product_tag?post=34511"}],"curies":[{"name":"wp","href":"https:\/\/api.w.org\/{rel}","templated":true}]}}