{"id":34517,"date":"2026-04-17T13:41:27","date_gmt":"2026-04-17T13:41:27","guid":{"rendered":"https:\/\/singuli.wpress.me\/index.php\/proizvod\/helix-ultra-sp-0w20-motorno-ulje-za-osobna-vozila-3x5-l-15-l\/"},"modified":"2026-04-20T12:33:12","modified_gmt":"2026-04-20T12:33:12","slug":"helix-ultra-sp-0w20-motorno-ulje-za-osobna-vozila-3x5-l-15-l","status":"publish","type":"product","link":"https:\/\/singuli.wpress.me\/index.php\/proizvod\/helix-ultra-sp-0w20-motorno-ulje-za-osobna-vozila-3x5-l-15-l\/","title":{"rendered":"HELIX ULTRA SP 0W20, motorno ulje za osobna vozila, 3&#215;5 l, 15\u00a0l"},"content":{"rendered":"<p>Potpuno sinteti\u010dko motorno ulje koje koristi jedinstvenu tehnologiju aktivnog \u010di\u0161\u0107enja kako bi pomoglo motorima visokih performansi da rade s maksimalnom u\u010dinkovito\u0161\u0107u osiguravaju\u0107i stvaranje manje naslaga i tro\u0161enja. Poma\u017ee u smanjenju trenja motora kako bi se smanjila potro\u0161nji goriva. Nudi maksimalnu za\u0161titu pri jako niskim kao i ekstremno visokim temperaturamau i te\u0161kim uvjetima vo\u017enje. Shell Helix Ultra SP posebno je dizajniran za najnovije benzinske motore s turbopunja\u010dem i izravnim ubrizgavanjem (TGDI) za za\u0161titu od LSPI efekta (preuranjeno paljenje pri niskom broju okretaja i velikom optere\u0107enju). Tako\u0111er prikladno za moderne benzinske motore opremljene kataliti\u010dkim konverterima i recirkulacijom ispu\u0161nih plinova gdje je potrebna gradacijska viskoznost 0W-20.<\/p>\n","protected":false},"excerpt":{"rendered":"<p>Pobolj\u0161ava u\u010dinkovitost motora jedinstvenom tehnologijom aktivnog \u010di\u0161\u0107enja.<br \/>\nSmanjuje trenje i potro\u0161nju goriva, nude\u0107i za\u0161titu u ekstremnim temperaturama.<br \/>\n\u0160titi TGDI motore od LSPI efekta, idealno za moderne benzinske motore 0W-20.<\/p>\n","protected":false},"featured_media":34518,"template":"","meta":{"_seopress_robots_primary_cat":"","_seopress_titles_title":"","_seopress_titles_desc":"","_seopress_robots_index":"","iawp_total_views":0},"product_brand":[398],"product_cat":[243,272],"product_tag":[],"class_list":{"0":"post-34517","1":"product","2":"type-product","3":"status-publish","4":"has-post-thumbnail","6":"product_brand-helix","7":"product_cat-automobili-i-motori","8":"product_cat-motorna-ulja-243","10":"first","11":"instock","12":"shipping-taxable","13":"purchasable","14":"product-type-simple"},"_links":{"self":[{"href":"https:\/\/singuli.wpress.me\/index.php\/wp-json\/wp\/v2\/product\/34517","targetHints":{"allow":["GET"]}}],"collection":[{"href":"https:\/\/singuli.wpress.me\/index.php\/wp-json\/wp\/v2\/product"}],"about":[{"href":"https:\/\/singuli.wpress.me\/index.php\/wp-json\/wp\/v2\/types\/product"}],"version-history":[{"count":0,"href":"https:\/\/singuli.wpress.me\/index.php\/wp-json\/wp\/v2\/product\/34517\/revisions"}],"wp:featuredmedia":[{"embeddable":true,"href":"https:\/\/singuli.wpress.me\/index.php\/wp-json\/wp\/v2\/media\/34518"}],"wp:attachment":[{"href":"https:\/\/singuli.wpress.me\/index.php\/wp-json\/wp\/v2\/media?parent=34517"}],"wp:term":[{"taxonomy":"product_brand","embeddable":true,"href":"https:\/\/singuli.wpress.me\/index.php\/wp-json\/wp\/v2\/product_brand?post=34517"},{"taxonomy":"product_cat","embeddable":true,"href":"https:\/\/singuli.wpress.me\/index.php\/wp-json\/wp\/v2\/product_cat?post=34517"},{"taxonomy":"product_tag","embeddable":true,"href":"https:\/\/singuli.wpress.me\/index.php\/wp-json\/wp\/v2\/product_tag?post=34517"}],"curies":[{"name":"wp","href":"https:\/\/api.w.org\/{rel}","templated":true}]}}