{"id":34519,"date":"2026-04-17T13:41:27","date_gmt":"2026-04-17T13:41:27","guid":{"rendered":"https:\/\/singuli.wpress.me\/index.php\/proizvod\/helix-ultra-ect-c3-sp-0w30-motorno-ulje-za-osobna-vozila-12-l\/"},"modified":"2026-04-20T12:33:12","modified_gmt":"2026-04-20T12:33:12","slug":"helix-ultra-ect-c3-sp-0w30-motorno-ulje-za-osobna-vozila-12-l","status":"publish","type":"product","link":"https:\/\/singuli.wpress.me\/index.php\/proizvod\/helix-ultra-ect-c3-sp-0w30-motorno-ulje-za-osobna-vozila-12-l\/","title":{"rendered":"HELIX ULTRA ECT C3 SP 0W30, motorno ulje za osobna vozila, 12\u00a0l"},"content":{"rendered":"<p>Shell Helix Ultra ECT sadr\u017ei svoju najnapredniju tehnologiju kompatibilnu s emisijama, koja poma\u017ee u odr\u017eavanju \u010disto\u0107e dizelskih filtera krutih \u010destica (DPF) kako bi se o\u010duvala u\u010dinkovitost motora. Tako\u0111er poma\u017ee u smanjenju trenja u motoru, \u0161to doprinosi  smanjenoj potro\u0161nje goriva. Dolazi u pakiranju 12X1 L.<\/p>\n","protected":false},"excerpt":{"rendered":"<p>Napredna tehnologija kompatibilna s emisijama za odr\u017eavanje \u010disto\u0107e DPF-a.<br \/>\nPoma\u017ee u smanjenju trenja motora, pridonose\u0107i manjoj potro\u0161nji goriva.<br \/>\nDostupno u pakiranju od 12 x 1 litre.<\/p>\n","protected":false},"featured_media":34520,"template":"","meta":{"_seopress_robots_primary_cat":"","_seopress_titles_title":"","_seopress_titles_desc":"","_seopress_robots_index":"","iawp_total_views":0},"product_brand":[398],"product_cat":[243,272],"product_tag":[],"class_list":{"0":"post-34519","1":"product","2":"type-product","3":"status-publish","4":"has-post-thumbnail","6":"product_brand-helix","7":"product_cat-automobili-i-motori","8":"product_cat-motorna-ulja-243","10":"first","11":"instock","12":"shipping-taxable","13":"purchasable","14":"product-type-simple"},"_links":{"self":[{"href":"https:\/\/singuli.wpress.me\/index.php\/wp-json\/wp\/v2\/product\/34519","targetHints":{"allow":["GET"]}}],"collection":[{"href":"https:\/\/singuli.wpress.me\/index.php\/wp-json\/wp\/v2\/product"}],"about":[{"href":"https:\/\/singuli.wpress.me\/index.php\/wp-json\/wp\/v2\/types\/product"}],"version-history":[{"count":0,"href":"https:\/\/singuli.wpress.me\/index.php\/wp-json\/wp\/v2\/product\/34519\/revisions"}],"wp:featuredmedia":[{"embeddable":true,"href":"https:\/\/singuli.wpress.me\/index.php\/wp-json\/wp\/v2\/media\/34520"}],"wp:attachment":[{"href":"https:\/\/singuli.wpress.me\/index.php\/wp-json\/wp\/v2\/media?parent=34519"}],"wp:term":[{"taxonomy":"product_brand","embeddable":true,"href":"https:\/\/singuli.wpress.me\/index.php\/wp-json\/wp\/v2\/product_brand?post=34519"},{"taxonomy":"product_cat","embeddable":true,"href":"https:\/\/singuli.wpress.me\/index.php\/wp-json\/wp\/v2\/product_cat?post=34519"},{"taxonomy":"product_tag","embeddable":true,"href":"https:\/\/singuli.wpress.me\/index.php\/wp-json\/wp\/v2\/product_tag?post=34519"}],"curies":[{"name":"wp","href":"https:\/\/api.w.org\/{rel}","templated":true}]}}