{"id":34529,"date":"2026-04-17T13:41:30","date_gmt":"2026-04-17T13:41:30","guid":{"rendered":"https:\/\/singuli.wpress.me\/index.php\/proizvod\/helix-ultra-professional-at-l-0w20-motorno-ulje-za-osobna-vozila-209-l\/"},"modified":"2026-04-21T00:26:41","modified_gmt":"2026-04-21T00:26:41","slug":"helix-ultra-professional-at-l-0w20-motorno-ulje-za-osobna-vozila-209-l","status":"publish","type":"product","link":"https:\/\/singuli.wpress.me\/index.php\/proizvod\/helix-ultra-professional-at-l-0w20-motorno-ulje-za-osobna-vozila-209-l\/","title":{"rendered":"HELIX ULTRA PROFESSIONAL AT-L 0W20, motorno ulje za osobna vozila, 209\u00a0l"},"content":{"rendered":"<p>Potpuno sinteti\u010dko motorno ulje \u2013 prilago\u0111eno posebnim zahtjevima proizvo\u0111a\u010da motora. Dizajnirano da zadovolji visoke zahtjeve specifi\u010dnih visokou\u010dinkovitih motora, uklju\u010duju\u0107i Fiat. Dolazi u pakiranju od 209 L.<\/p>\n","protected":false},"excerpt":{"rendered":"<p>Potpuno sinteti\u010dko motorno ulje prilago\u0111eno posebnim zahtjevima proizvo\u0111a\u010da.<br \/>\nDizajnirano za visoke performanse u specifi\u010dnim motorima.<br \/>\nIspunjava zahtjeve visokou\u010dinkovitih motora, uklju\u010duju\u0107i Fiat.<\/p>\n","protected":false},"featured_media":34530,"template":"","meta":{"_seopress_robots_primary_cat":"","_seopress_titles_title":"","_seopress_titles_desc":"","_seopress_robots_index":"","iawp_total_views":0},"product_brand":[398],"product_cat":[243,272],"product_tag":[],"class_list":{"0":"post-34529","1":"product","2":"type-product","3":"status-publish","4":"has-post-thumbnail","6":"product_brand-helix","7":"product_cat-automobili-i-motori","8":"product_cat-motorna-ulja-243","10":"first","11":"outofstock","12":"shipping-taxable","13":"purchasable","14":"product-type-simple"},"_links":{"self":[{"href":"https:\/\/singuli.wpress.me\/index.php\/wp-json\/wp\/v2\/product\/34529","targetHints":{"allow":["GET"]}}],"collection":[{"href":"https:\/\/singuli.wpress.me\/index.php\/wp-json\/wp\/v2\/product"}],"about":[{"href":"https:\/\/singuli.wpress.me\/index.php\/wp-json\/wp\/v2\/types\/product"}],"version-history":[{"count":0,"href":"https:\/\/singuli.wpress.me\/index.php\/wp-json\/wp\/v2\/product\/34529\/revisions"}],"wp:featuredmedia":[{"embeddable":true,"href":"https:\/\/singuli.wpress.me\/index.php\/wp-json\/wp\/v2\/media\/34530"}],"wp:attachment":[{"href":"https:\/\/singuli.wpress.me\/index.php\/wp-json\/wp\/v2\/media?parent=34529"}],"wp:term":[{"taxonomy":"product_brand","embeddable":true,"href":"https:\/\/singuli.wpress.me\/index.php\/wp-json\/wp\/v2\/product_brand?post=34529"},{"taxonomy":"product_cat","embeddable":true,"href":"https:\/\/singuli.wpress.me\/index.php\/wp-json\/wp\/v2\/product_cat?post=34529"},{"taxonomy":"product_tag","embeddable":true,"href":"https:\/\/singuli.wpress.me\/index.php\/wp-json\/wp\/v2\/product_tag?post=34529"}],"curies":[{"name":"wp","href":"https:\/\/api.w.org\/{rel}","templated":true}]}}