{"id":34533,"date":"2026-04-17T13:41:31","date_gmt":"2026-04-17T13:41:31","guid":{"rendered":"https:\/\/singuli.wpress.me\/index.php\/proizvod\/helix-ultra-professional-ap-l-0w20-motorno-ulje-za-osobna-vozila-12-l\/"},"modified":"2026-04-20T12:33:12","modified_gmt":"2026-04-20T12:33:12","slug":"helix-ultra-professional-ap-l-0w20-motorno-ulje-za-osobna-vozila-12-l","status":"publish","type":"product","link":"https:\/\/singuli.wpress.me\/index.php\/proizvod\/helix-ultra-professional-ap-l-0w20-motorno-ulje-za-osobna-vozila-12-l\/","title":{"rendered":"HELIX ULTRA PROFESSIONAL AP-L 0W20, motorno ulje za osobna vozila, 12\u00a0l"},"content":{"rendered":"<p>Potpuno sinteti\u010dko motorno ulje \u2013 prilago\u0111eno posebnim zahtjevima proizvo\u0111a\u010da motora. Dizajnirano da zadovolji visoke zahtjeve specifi\u010dnih visokou\u010dinkovitih benzinskih motora Jaguar Land Rovera i onih koji zahtijevaju API SN specifikaciju. Poma\u017ee u smanjenju trenja u motoru, \u0161to doprinosi  smanjenoj potro\u0161nje goriva.<\/p>\n","protected":false},"excerpt":{"rendered":"<p>Potpuno sinteti\u010dko ulje prilago\u0111eno posebnim zahtjevima proizvo\u0111a\u010da motora.<br \/>\nDizajnirano za Jaguar Land Rover benzinske motore i API SN specifikaciju.<br \/>\nSmanjuje trenje i potro\u0161nju goriva za optimiziranu u\u010dinkovitost motora.<\/p>\n","protected":false},"featured_media":34534,"template":"","meta":{"_seopress_robots_primary_cat":"","_seopress_titles_title":"","_seopress_titles_desc":"","_seopress_robots_index":"","iawp_total_views":0},"product_brand":[398],"product_cat":[243,272],"product_tag":[],"class_list":{"0":"post-34533","1":"product","2":"type-product","3":"status-publish","4":"has-post-thumbnail","6":"product_brand-helix","7":"product_cat-automobili-i-motori","8":"product_cat-motorna-ulja-243","10":"first","11":"instock","12":"shipping-taxable","13":"purchasable","14":"product-type-simple"},"_links":{"self":[{"href":"https:\/\/singuli.wpress.me\/index.php\/wp-json\/wp\/v2\/product\/34533","targetHints":{"allow":["GET"]}}],"collection":[{"href":"https:\/\/singuli.wpress.me\/index.php\/wp-json\/wp\/v2\/product"}],"about":[{"href":"https:\/\/singuli.wpress.me\/index.php\/wp-json\/wp\/v2\/types\/product"}],"version-history":[{"count":0,"href":"https:\/\/singuli.wpress.me\/index.php\/wp-json\/wp\/v2\/product\/34533\/revisions"}],"wp:featuredmedia":[{"embeddable":true,"href":"https:\/\/singuli.wpress.me\/index.php\/wp-json\/wp\/v2\/media\/34534"}],"wp:attachment":[{"href":"https:\/\/singuli.wpress.me\/index.php\/wp-json\/wp\/v2\/media?parent=34533"}],"wp:term":[{"taxonomy":"product_brand","embeddable":true,"href":"https:\/\/singuli.wpress.me\/index.php\/wp-json\/wp\/v2\/product_brand?post=34533"},{"taxonomy":"product_cat","embeddable":true,"href":"https:\/\/singuli.wpress.me\/index.php\/wp-json\/wp\/v2\/product_cat?post=34533"},{"taxonomy":"product_tag","embeddable":true,"href":"https:\/\/singuli.wpress.me\/index.php\/wp-json\/wp\/v2\/product_tag?post=34533"}],"curies":[{"name":"wp","href":"https:\/\/api.w.org\/{rel}","templated":true}]}}