{"id":34546,"date":"2026-04-17T13:41:34","date_gmt":"2026-04-17T13:41:34","guid":{"rendered":"https:\/\/singuli.wpress.me\/index.php\/proizvod\/glade-aromatherapy-mirisni-stapici-ruzmarin-i-bobice-borovnice-80-ml\/"},"modified":"2026-04-20T12:33:12","modified_gmt":"2026-04-20T12:33:12","slug":"glade-aromatherapy-mirisni-stapici-ruzmarin-i-bobice-borovnice-80-ml","status":"publish","type":"product","link":"https:\/\/singuli.wpress.me\/index.php\/proizvod\/glade-aromatherapy-mirisni-stapici-ruzmarin-i-bobice-borovnice-80-ml\/","title":{"rendered":"GLADE Aromatherapy, mirisni \u0161tapi\u0107i, ru\u017emarin i bobice borovnice, 80\u00a0ml"},"content":{"rendered":"<p>Dvostruka mje\u0161avina mirisa ru\u017emarina i bobica borovice, oboga\u0107ena esencijalnim uljima. <\/p>\n<p>Pakiranje od 8 mirisnih \u0161tapi\u0107a. <\/p>\n<p>Ne sadr\u017ei parabene, ftalate, nitro mo\u0161us, boje ili umjetna bojila.<\/p>\n","protected":false},"excerpt":{"rendered":"<p>8 mirisnih \u0161tapi\u0107a od prirodne trske<br \/>\nOboga\u0107eno dvostrukom mje\u0161avinom esencijalnih ulja<br \/>\nDo 45 dana mirisa<\/p>\n","protected":false},"featured_media":34547,"template":"","meta":{"_seopress_robots_primary_cat":"","_seopress_titles_title":"","_seopress_titles_desc":"","_seopress_robots_index":"","iawp_total_views":0},"product_brand":[405],"product_cat":[294,238],"product_tag":[],"class_list":{"0":"post-34546","1":"product","2":"type-product","3":"status-publish","4":"has-post-thumbnail","6":"product_brand-glade","7":"product_cat-osvjezivaci-zraka-238","8":"product_cat-sve-za-dom","10":"first","11":"instock","12":"shipping-taxable","13":"purchasable","14":"product-type-simple"},"_links":{"self":[{"href":"https:\/\/singuli.wpress.me\/index.php\/wp-json\/wp\/v2\/product\/34546","targetHints":{"allow":["GET"]}}],"collection":[{"href":"https:\/\/singuli.wpress.me\/index.php\/wp-json\/wp\/v2\/product"}],"about":[{"href":"https:\/\/singuli.wpress.me\/index.php\/wp-json\/wp\/v2\/types\/product"}],"version-history":[{"count":0,"href":"https:\/\/singuli.wpress.me\/index.php\/wp-json\/wp\/v2\/product\/34546\/revisions"}],"wp:featuredmedia":[{"embeddable":true,"href":"https:\/\/singuli.wpress.me\/index.php\/wp-json\/wp\/v2\/media\/34547"}],"wp:attachment":[{"href":"https:\/\/singuli.wpress.me\/index.php\/wp-json\/wp\/v2\/media?parent=34546"}],"wp:term":[{"taxonomy":"product_brand","embeddable":true,"href":"https:\/\/singuli.wpress.me\/index.php\/wp-json\/wp\/v2\/product_brand?post=34546"},{"taxonomy":"product_cat","embeddable":true,"href":"https:\/\/singuli.wpress.me\/index.php\/wp-json\/wp\/v2\/product_cat?post=34546"},{"taxonomy":"product_tag","embeddable":true,"href":"https:\/\/singuli.wpress.me\/index.php\/wp-json\/wp\/v2\/product_tag?post=34546"}],"curies":[{"name":"wp","href":"https:\/\/api.w.org\/{rel}","templated":true}]}}