{"id":34548,"date":"2026-04-17T13:41:35","date_gmt":"2026-04-17T13:41:35","guid":{"rendered":"https:\/\/singuli.wpress.me\/index.php\/proizvod\/glade-pet-punjenje-za-automatski-osvjezivac-zraka-refreshing-air-269-ml\/"},"modified":"2026-04-20T12:33:12","modified_gmt":"2026-04-20T12:33:12","slug":"glade-pet-punjenje-za-automatski-osvjezivac-zraka-refreshing-air-269-ml","status":"publish","type":"product","link":"https:\/\/singuli.wpress.me\/index.php\/proizvod\/glade-pet-punjenje-za-automatski-osvjezivac-zraka-refreshing-air-269-ml\/","title":{"rendered":"GLADE Pet, punjenje za automatski osvje\u017eiva\u010d zraka, Refreshing Air, 269\u00a0ml"},"content":{"rendered":"<p>Glade\u00ae Aerosol &#8211; Refreshing Air\u2122, osvje\u017eiva\u010d zraka u spreju -protiv neugodnih mirisa ku\u0107nih ljubimaca, posebno je formuliran za borbu protiv neugodnih mirisa ku\u0107nih ljubimaca, ostavljaju\u0107i va\u0161 dom svje\u017eim i ugodnim. Zahvaljuju\u0107i svojoj u\u010dinkovitosti i osvje\u017eavaju\u0107em mirisu, ovaj proizvod poma\u017ee stvoriti \u010disto i opu\u0161teno okru\u017eenje za vas i va\u0161e ljubimce. Preporu\u010duje ga \u010dak 97% vlasnika ku\u0107nih ljubimaca, \u0161to potvr\u0111uje njegovu kvalitetu i djelotvornost. Jednostavan je za upotrebu i idealan za svakodnevno osvje\u017eavanje prostora.<\/p>\n<p>Upute za upotrebu: Dobro protresite prije uporabe. Kako biste osvje\u017eili zrak, usmjerite mlaz prema sredini prostorije i raspr\u0161ite. Ne preporu\u010da se kori\u0161tenje na tkaninama.<\/p>\n","protected":false},"excerpt":{"rendered":"<p>Neutralizira neugodne mirise ku\u0107nih ljubimaca, preporu\u010duje ga 97% vlasnika ku\u0107nih ljubimaca<br \/>\nOsvje\u017eava prostor te pru\u017ea dugotrajnu svje\u017einu<br \/>\nJednostavna primjena<\/p>\n","protected":false},"featured_media":34549,"template":"","meta":{"_seopress_robots_primary_cat":"","_seopress_titles_title":"","_seopress_titles_desc":"","_seopress_robots_index":"","iawp_total_views":0},"product_brand":[405],"product_cat":[243,272],"product_tag":[],"class_list":{"0":"post-34548","1":"product","2":"type-product","3":"status-publish","4":"has-post-thumbnail","6":"product_brand-glade","7":"product_cat-automobili-i-motori","8":"product_cat-motorna-ulja-243","10":"first","11":"instock","12":"shipping-taxable","13":"purchasable","14":"product-type-simple"},"_links":{"self":[{"href":"https:\/\/singuli.wpress.me\/index.php\/wp-json\/wp\/v2\/product\/34548","targetHints":{"allow":["GET"]}}],"collection":[{"href":"https:\/\/singuli.wpress.me\/index.php\/wp-json\/wp\/v2\/product"}],"about":[{"href":"https:\/\/singuli.wpress.me\/index.php\/wp-json\/wp\/v2\/types\/product"}],"version-history":[{"count":0,"href":"https:\/\/singuli.wpress.me\/index.php\/wp-json\/wp\/v2\/product\/34548\/revisions"}],"wp:featuredmedia":[{"embeddable":true,"href":"https:\/\/singuli.wpress.me\/index.php\/wp-json\/wp\/v2\/media\/34549"}],"wp:attachment":[{"href":"https:\/\/singuli.wpress.me\/index.php\/wp-json\/wp\/v2\/media?parent=34548"}],"wp:term":[{"taxonomy":"product_brand","embeddable":true,"href":"https:\/\/singuli.wpress.me\/index.php\/wp-json\/wp\/v2\/product_brand?post=34548"},{"taxonomy":"product_cat","embeddable":true,"href":"https:\/\/singuli.wpress.me\/index.php\/wp-json\/wp\/v2\/product_cat?post=34548"},{"taxonomy":"product_tag","embeddable":true,"href":"https:\/\/singuli.wpress.me\/index.php\/wp-json\/wp\/v2\/product_tag?post=34548"}],"curies":[{"name":"wp","href":"https:\/\/api.w.org\/{rel}","templated":true}]}}