{"id":34577,"date":"2026-04-17T13:41:46","date_gmt":"2026-04-17T13:41:46","guid":{"rendered":"https:\/\/singuli.wpress.me\/index.php\/proizvod\/dana-borovnicevec-vocni-liker-20-alk-0-7-l\/"},"modified":"2026-04-20T12:33:12","modified_gmt":"2026-04-20T12:33:12","slug":"dana-borovnicevec-vocni-liker-20-alk-0-7-l","status":"publish","type":"product","link":"https:\/\/singuli.wpress.me\/index.php\/proizvod\/dana-borovnicevec-vocni-liker-20-alk-0-7-l\/","title":{"rendered":"DANA Borovni\u010devec, vo\u0107ni liker, 20% alk., 0.7\u00a0l"},"content":{"rendered":"<p><span style=\"font-weight: bold\">Liker sa vo\u0107nim sokom i vo\u0107em<\/span> pripremljenim od vo\u0107ne rakije i koncentriranog soka borovnice s dodatkom plodova borovnice. <br \/><span style=\"font-weight: bold\"><br \/>\nBorovni\u010devec<\/span> je vo\u0107ni liker. Glavni je dodatak ovoj izvornoj rakiji sok od borovnice i mno\u0161tvo borovnica. Borovni\u010devec objedinjuje svu plemenitost darova prirode. Borovni\u010devec je proizvod s oznakom zemljopisnoga podrijetla.<\/p>\n","protected":false},"excerpt":{"rendered":"<p>Stara receptura<br \/>\nLiker od soka borovnice<br \/>\n\u010cuvati ga na hladnom i tamnom mjestu<\/p>\n","protected":false},"featured_media":34578,"template":"","meta":{"_seopress_robots_primary_cat":"","_seopress_titles_title":"","_seopress_titles_desc":"","_seopress_robots_index":"","iawp_total_views":0},"product_brand":[485],"product_cat":[298,261],"product_tag":[],"class_list":{"0":"post-34577","1":"product","2":"type-product","3":"status-publish","4":"has-post-thumbnail","6":"product_brand-dana","7":"product_cat-alkoholna-pica-261","8":"product_cat-hrana-i-pice","10":"first","11":"instock","12":"shipping-taxable","13":"purchasable","14":"product-type-simple"},"_links":{"self":[{"href":"https:\/\/singuli.wpress.me\/index.php\/wp-json\/wp\/v2\/product\/34577","targetHints":{"allow":["GET"]}}],"collection":[{"href":"https:\/\/singuli.wpress.me\/index.php\/wp-json\/wp\/v2\/product"}],"about":[{"href":"https:\/\/singuli.wpress.me\/index.php\/wp-json\/wp\/v2\/types\/product"}],"version-history":[{"count":0,"href":"https:\/\/singuli.wpress.me\/index.php\/wp-json\/wp\/v2\/product\/34577\/revisions"}],"wp:featuredmedia":[{"embeddable":true,"href":"https:\/\/singuli.wpress.me\/index.php\/wp-json\/wp\/v2\/media\/34578"}],"wp:attachment":[{"href":"https:\/\/singuli.wpress.me\/index.php\/wp-json\/wp\/v2\/media?parent=34577"}],"wp:term":[{"taxonomy":"product_brand","embeddable":true,"href":"https:\/\/singuli.wpress.me\/index.php\/wp-json\/wp\/v2\/product_brand?post=34577"},{"taxonomy":"product_cat","embeddable":true,"href":"https:\/\/singuli.wpress.me\/index.php\/wp-json\/wp\/v2\/product_cat?post=34577"},{"taxonomy":"product_tag","embeddable":true,"href":"https:\/\/singuli.wpress.me\/index.php\/wp-json\/wp\/v2\/product_tag?post=34577"}],"curies":[{"name":"wp","href":"https:\/\/api.w.org\/{rel}","templated":true}]}}