{"id":34593,"date":"2026-04-17T13:41:49","date_gmt":"2026-04-17T13:41:49","guid":{"rendered":"https:\/\/singuli.wpress.me\/index.php\/proizvod\/dana-koktel-sex-on-the-beach-4-5-0-33-l-2\/"},"modified":"2026-04-20T12:33:12","modified_gmt":"2026-04-20T12:33:12","slug":"dana-koktel-sex-on-the-beach-4-5-0-33-l-2","status":"publish","type":"product","link":"https:\/\/singuli.wpress.me\/index.php\/proizvod\/dana-koktel-sex-on-the-beach-4-5-0-33-l-2\/","title":{"rendered":"DANA, koktel, Sex on the beach 4.5%, 0.33\u00a0l"},"content":{"rendered":"<p>Legendarni Sex on the beach vole svi \u2013 \u010dak i oni koji ne vole jak okus alkohola. Iako ima izrazito vo\u0107ni karakter, nije previ\u0161e sladak jer mu brusnica daje dozu \u201ctrpkosti\u201d, a ugodne boje pretvaraju ga u omiljeni ovoljetni modni dodatak.<\/p>\n<p>Ukrasite ga kri\u0161kom ananasa i zabava mo\u017ee po\u010deti!<\/p>\n","protected":false},"excerpt":{"rendered":"<p>Alkoholno pi\u0107e s vo\u0107nim sokom<br \/>\nBrusnica i naran\u010da<br \/>\n4.5% alkohola<\/p>\n","protected":false},"featured_media":34594,"template":"","meta":{"_seopress_robots_primary_cat":"","_seopress_titles_title":"","_seopress_titles_desc":"","_seopress_robots_index":"","iawp_total_views":0},"product_brand":[485],"product_cat":[298,261],"product_tag":[],"class_list":{"0":"post-34593","1":"product","2":"type-product","3":"status-publish","4":"has-post-thumbnail","6":"product_brand-dana","7":"product_cat-alkoholna-pica-261","8":"product_cat-hrana-i-pice","10":"first","11":"instock","12":"shipping-taxable","13":"purchasable","14":"product-type-simple"},"_links":{"self":[{"href":"https:\/\/singuli.wpress.me\/index.php\/wp-json\/wp\/v2\/product\/34593","targetHints":{"allow":["GET"]}}],"collection":[{"href":"https:\/\/singuli.wpress.me\/index.php\/wp-json\/wp\/v2\/product"}],"about":[{"href":"https:\/\/singuli.wpress.me\/index.php\/wp-json\/wp\/v2\/types\/product"}],"version-history":[{"count":0,"href":"https:\/\/singuli.wpress.me\/index.php\/wp-json\/wp\/v2\/product\/34593\/revisions"}],"wp:featuredmedia":[{"embeddable":true,"href":"https:\/\/singuli.wpress.me\/index.php\/wp-json\/wp\/v2\/media\/34594"}],"wp:attachment":[{"href":"https:\/\/singuli.wpress.me\/index.php\/wp-json\/wp\/v2\/media?parent=34593"}],"wp:term":[{"taxonomy":"product_brand","embeddable":true,"href":"https:\/\/singuli.wpress.me\/index.php\/wp-json\/wp\/v2\/product_brand?post=34593"},{"taxonomy":"product_cat","embeddable":true,"href":"https:\/\/singuli.wpress.me\/index.php\/wp-json\/wp\/v2\/product_cat?post=34593"},{"taxonomy":"product_tag","embeddable":true,"href":"https:\/\/singuli.wpress.me\/index.php\/wp-json\/wp\/v2\/product_tag?post=34593"}],"curies":[{"name":"wp","href":"https:\/\/api.w.org\/{rel}","templated":true}]}}