{"id":34608,"date":"2026-04-17T13:41:52","date_gmt":"2026-04-17T13:41:52","guid":{"rendered":"https:\/\/singuli.wpress.me\/index.php\/proizvod\/basic-fun-misfittens-plisana-igracka-zec\/"},"modified":"2026-04-21T00:26:41","modified_gmt":"2026-04-21T00:26:41","slug":"basic-fun-misfittens-plisana-igracka-zec","status":"publish","type":"product","link":"https:\/\/singuli.wpress.me\/index.php\/proizvod\/basic-fun-misfittens-plisana-igracka-zec\/","title":{"rendered":"BASIC FUN Misfittens, pli\u0161ana igra\u010dka, zec"},"content":{"rendered":"<p>Usko\u010dite u prolje\u0107e s najsla\u0111im i najzabavnijim Misfittens ze\u010devima! <br \/>\nMisfittens ze\u010devi su \u0161arene pli\u0161ane igra\u010dke koje donose pravo proljetno veselje! Ovi mekani ze\u010di\u0107i vole se ugurati u uske prostore \u2013 ni\u0161ta im nije premalo ili barem tako misle!<br \/>\nIzra\u0111eni od mekanih materijala, savr\u0161eni su za ma\u017eenje, stiskanje i uguravanje u male kapsule.<br \/>\nSpasi svog Misfittens zeca iz kapsule i gledaj kako naraste u svoju punu, pufastu veli\u010dinu od 15 cm!<br \/>\nUkupno 6 razli\u010ditih Misfittens ze\u010deva za sakupljanje! Svaki ima \u0161areni, veseli dizajn i posebnu osobnost koja \u0107e uljep\u0161ati svaki poklon ili igru. Misfittens ze\u010devi \u2013 savr\u0161eni za darivanje, sakupljanje ili ma\u0161tovitu igru! <br \/>\nDob: 4+<\/p>\n","protected":false},"excerpt":{"rendered":"<p>\u0160arene pli\u0161ane igra\u010dke koje donose pravo proljetno veselje<br \/>\nInspirirani viralnim trendom #IFitsISits, stisnuli su se u si\u0107u\u0161ne tajanstvene kapsule<br \/>\nDob: 4+ god<\/p>\n","protected":false},"featured_media":34609,"template":"","meta":{"_seopress_robots_primary_cat":"","_seopress_titles_title":"","_seopress_titles_desc":"","_seopress_robots_index":"","iawp_total_views":0},"product_brand":[537],"product_cat":[221,291],"product_tag":[],"class_list":{"0":"post-34608","1":"product","2":"type-product","3":"status-publish","4":"has-post-thumbnail","6":"product_brand-basic-fun","7":"product_cat-igracke","8":"product_cat-igracke-za-djecu-221","10":"first","11":"instock","12":"shipping-taxable","13":"purchasable","14":"product-type-simple"},"_links":{"self":[{"href":"https:\/\/singuli.wpress.me\/index.php\/wp-json\/wp\/v2\/product\/34608","targetHints":{"allow":["GET"]}}],"collection":[{"href":"https:\/\/singuli.wpress.me\/index.php\/wp-json\/wp\/v2\/product"}],"about":[{"href":"https:\/\/singuli.wpress.me\/index.php\/wp-json\/wp\/v2\/types\/product"}],"version-history":[{"count":0,"href":"https:\/\/singuli.wpress.me\/index.php\/wp-json\/wp\/v2\/product\/34608\/revisions"}],"wp:featuredmedia":[{"embeddable":true,"href":"https:\/\/singuli.wpress.me\/index.php\/wp-json\/wp\/v2\/media\/34609"}],"wp:attachment":[{"href":"https:\/\/singuli.wpress.me\/index.php\/wp-json\/wp\/v2\/media?parent=34608"}],"wp:term":[{"taxonomy":"product_brand","embeddable":true,"href":"https:\/\/singuli.wpress.me\/index.php\/wp-json\/wp\/v2\/product_brand?post=34608"},{"taxonomy":"product_cat","embeddable":true,"href":"https:\/\/singuli.wpress.me\/index.php\/wp-json\/wp\/v2\/product_cat?post=34608"},{"taxonomy":"product_tag","embeddable":true,"href":"https:\/\/singuli.wpress.me\/index.php\/wp-json\/wp\/v2\/product_tag?post=34608"}],"curies":[{"name":"wp","href":"https:\/\/api.w.org\/{rel}","templated":true}]}}