{"id":34614,"date":"2026-04-17T13:41:54","date_gmt":"2026-04-17T13:41:54","guid":{"rendered":"https:\/\/singuli.wpress.me\/index.php\/proizvod\/heinz-yellow-mustard-senf-954-g\/"},"modified":"2026-04-20T12:33:12","modified_gmt":"2026-04-20T12:33:12","slug":"heinz-yellow-mustard-senf-954-g","status":"publish","type":"product","link":"https:\/\/singuli.wpress.me\/index.php\/proizvod\/heinz-yellow-mustard-senf-954-g\/","title":{"rendered":"HEINZ Yellow Mustard, senf, 954\u00a0g"},"content":{"rendered":"<p>Heinz gor\u010dica Yellow Mustard je jedan od najprepoznatljivijih umaka za burgere na svijetu, s autenti\u010dnim ameri\u010dkim okusom. Proizveden je bez umjetnih bojila, aroma i konzervansa. Njegova uravnote\u017eena pikantnost savr\u0161eno se sla\u017ee s hamburgerima, hrenovkama i piletinom, a odli\u010dno nadopunjuje i salate i riblja jela. Klasi\u010dan je izbor za svakodnevnu upotrebu u kuhinji ili uz ro\u0161tilj. Kao i drugi Heinz proizvodi, ova je gor\u010dica proizvedena u skladu s visokim standardima kvalitete i sigurnosti hrane.<\/p>\n","protected":false},"excerpt":{"rendered":"<p>Jedan od najprepoznatljivijih umaka na svijetu s autenti\u010dnom pikantno\u0161\u0107u<br \/>\nIzra\u0111en bez umjetnih bojila, aroma i konzervansa<br \/>\nIdealno se sla\u017ee s mesnim jelima poput burgera i piletine, ali i s ribom i salatama<\/p>\n","protected":false},"featured_media":34615,"template":"","meta":{"_seopress_robots_primary_cat":"","_seopress_titles_title":"","_seopress_titles_desc":"","_seopress_robots_index":"","iawp_total_views":0},"product_brand":[395],"product_cat":[266,265,160],"product_tag":[],"class_list":{"0":"post-34614","1":"product","2":"type-product","3":"status-publish","4":"has-post-thumbnail","6":"product_brand-heinz","7":"product_cat-aparati-za-kuhanje-265","8":"product_cat-kuhinjski-aparati-160","9":"product_cat-mali-kucanski-aparati","11":"first","12":"instock","13":"shipping-taxable","14":"purchasable","15":"product-type-simple"},"_links":{"self":[{"href":"https:\/\/singuli.wpress.me\/index.php\/wp-json\/wp\/v2\/product\/34614","targetHints":{"allow":["GET"]}}],"collection":[{"href":"https:\/\/singuli.wpress.me\/index.php\/wp-json\/wp\/v2\/product"}],"about":[{"href":"https:\/\/singuli.wpress.me\/index.php\/wp-json\/wp\/v2\/types\/product"}],"version-history":[{"count":0,"href":"https:\/\/singuli.wpress.me\/index.php\/wp-json\/wp\/v2\/product\/34614\/revisions"}],"wp:featuredmedia":[{"embeddable":true,"href":"https:\/\/singuli.wpress.me\/index.php\/wp-json\/wp\/v2\/media\/34615"}],"wp:attachment":[{"href":"https:\/\/singuli.wpress.me\/index.php\/wp-json\/wp\/v2\/media?parent=34614"}],"wp:term":[{"taxonomy":"product_brand","embeddable":true,"href":"https:\/\/singuli.wpress.me\/index.php\/wp-json\/wp\/v2\/product_brand?post=34614"},{"taxonomy":"product_cat","embeddable":true,"href":"https:\/\/singuli.wpress.me\/index.php\/wp-json\/wp\/v2\/product_cat?post=34614"},{"taxonomy":"product_tag","embeddable":true,"href":"https:\/\/singuli.wpress.me\/index.php\/wp-json\/wp\/v2\/product_tag?post=34614"}],"curies":[{"name":"wp","href":"https:\/\/api.w.org\/{rel}","templated":true}]}}