{"id":34616,"date":"2026-04-17T13:41:54","date_gmt":"2026-04-17T13:41:54","guid":{"rendered":"https:\/\/singuli.wpress.me\/index.php\/proizvod\/laica-set-tlakomjer-za-zapesce-bm1007-beskontaktni-toplomjer-th1000\/"},"modified":"2026-04-20T12:33:12","modified_gmt":"2026-04-20T12:33:12","slug":"laica-set-tlakomjer-za-zapesce-bm1007-beskontaktni-toplomjer-th1000","status":"publish","type":"product","link":"https:\/\/singuli.wpress.me\/index.php\/proizvod\/laica-set-tlakomjer-za-zapesce-bm1007-beskontaktni-toplomjer-th1000\/","title":{"rendered":"LAICA, set, tlakomjer za zape\u0161\u0107e BM1007 + beskontaktni toplomjer TH1000"},"content":{"rendered":"<p>Tlakomjer za zape\u0161\u0107e potpuno je automatski medicinski ure\u0111aj za ku\u0107nu upotrebu.<br \/>\nOmogu\u0107uje brzo mjerenje arterijskog krvnog tlaka (sistoli\u010dkog i dijastoli\u010dkog), te otkucaja srca i ukazuje na bilo kakve aritmije.<br \/>\nJednostavan za upotrebu, omogu\u0107uje vam pra\u0107enje krvnog tlaka svaki dan kod ku\u0107e.<br \/>\n30 memorija za 4 osobe (120 memorija).<br \/>\nPakiranje uklju\u010duje: tlakomjer, 2 x 1.5V baterije AAA, man\u017eetu za tlakomjer<\/p>\n<p>Beskontaktni toplomjer brzo mjeri tjelesnu temperaturu , posebno je pogodan za djecu jer i\u0161\u010ditava temperaturu u roku od 1 sekunde.<br \/>\nMjeri temperaturu \u010dela i teku\u0107ine, te pohranjuje do 10 mjerenja.<br \/>\nZvu\u010dni signal javlja kada je temperatura pre\u0161la 37.8\u00b0C.<br \/>\nUklju\u010dene 2 x 1.5V alkalne baterije AAA<\/p>\n","protected":false},"excerpt":{"rendered":"<p>Set sadr\u017ei tlakomjer za zape\u0161\u0107e BM1007 i beskontaktni toplomjer TH1000<br \/>\nTlakomjer za zape\u0161\u0107e mogu\u0107uje brzo mjerenje arterijskog krvnog tlaka, otkucaje srca i ukazuje na bilo kakve aritmije<br \/>\nBeskontaktni toplomjer brzo mjeri tjelesnu temperaturu<\/p>\n","protected":false},"featured_media":34617,"template":"","meta":{"_seopress_robots_primary_cat":"","_seopress_titles_title":"","_seopress_titles_desc":"","_seopress_robots_index":"","iawp_total_views":0},"product_brand":[148],"product_cat":[192,267],"product_tag":[],"class_list":{"0":"post-34616","1":"product","2":"type-product","3":"status-publish","4":"has-post-thumbnail","6":"product_brand-laica","7":"product_cat-aparati-za-osobnu-njegu","8":"product_cat-zdravstveni-uredaji-192","10":"first","11":"outofstock","12":"shipping-taxable","13":"purchasable","14":"product-type-simple"},"_links":{"self":[{"href":"https:\/\/singuli.wpress.me\/index.php\/wp-json\/wp\/v2\/product\/34616","targetHints":{"allow":["GET"]}}],"collection":[{"href":"https:\/\/singuli.wpress.me\/index.php\/wp-json\/wp\/v2\/product"}],"about":[{"href":"https:\/\/singuli.wpress.me\/index.php\/wp-json\/wp\/v2\/types\/product"}],"version-history":[{"count":0,"href":"https:\/\/singuli.wpress.me\/index.php\/wp-json\/wp\/v2\/product\/34616\/revisions"}],"wp:featuredmedia":[{"embeddable":true,"href":"https:\/\/singuli.wpress.me\/index.php\/wp-json\/wp\/v2\/media\/34617"}],"wp:attachment":[{"href":"https:\/\/singuli.wpress.me\/index.php\/wp-json\/wp\/v2\/media?parent=34616"}],"wp:term":[{"taxonomy":"product_brand","embeddable":true,"href":"https:\/\/singuli.wpress.me\/index.php\/wp-json\/wp\/v2\/product_brand?post=34616"},{"taxonomy":"product_cat","embeddable":true,"href":"https:\/\/singuli.wpress.me\/index.php\/wp-json\/wp\/v2\/product_cat?post=34616"},{"taxonomy":"product_tag","embeddable":true,"href":"https:\/\/singuli.wpress.me\/index.php\/wp-json\/wp\/v2\/product_tag?post=34616"}],"curies":[{"name":"wp","href":"https:\/\/api.w.org\/{rel}","templated":true}]}}