{"id":34626,"date":"2026-04-17T13:41:58","date_gmt":"2026-04-17T13:41:58","guid":{"rendered":"https:\/\/singuli.wpress.me\/index.php\/proizvod\/ariel-touch-of-lenor-fresh-air-tekuci-deterdzent-za-pranje-rublja-30-pranja-1-35-l\/"},"modified":"2026-04-20T12:33:12","modified_gmt":"2026-04-20T12:33:12","slug":"ariel-touch-of-lenor-fresh-air-tekuci-deterdzent-za-pranje-rublja-30-pranja-1-35-l","status":"publish","type":"product","link":"https:\/\/singuli.wpress.me\/index.php\/proizvod\/ariel-touch-of-lenor-fresh-air-tekuci-deterdzent-za-pranje-rublja-30-pranja-1-35-l\/","title":{"rendered":"ARIEL Touch Of Lenor Fresh Air, teku\u0107i deterd\u017eent za pranje rublja, 30 pranja, 1.35\u00a0l"},"content":{"rendered":"<p>Ariel, marka koju preporu\u010duju Whirlpool, Beko, Electrolux i Candy, predstavlja <span style=\"font-weight: bold\">teku\u0107i deterd\u017eent za pranje rublja Ariel + Touch of Lenor Fresh Air<\/span>. Pru\u017ea dubinsku \u010disto\u0107u i sedmodnevnu dugotrajnu svje\u017einu (u ormaru). Teku\u0107i deterd\u017eent Ariel + Touch of Lenor Fresh Air pru\u017ea besprijekorne rezultate na ni\u017eim temperaturama. <br \/>\nTvrdokorne mrlje prije pranja tretirajte teku\u0107im deterd\u017eentom Ariel + Touch of Lenor Fresh Air uz pomo\u0107 njegovog zelenog \u010depa, a zatim operite rublje u perilici. <br \/>\nZa najbolje rezultate \u010dep s deterd\u017eentom stavite izravno u bubanj perilice rublja. Iz ekolo\u0161kih razloga na neke boce ne stavljamo \u010dep s mjericom. Takav je \u010dep besplatno dostupan na internetskoj stranici ariel.info.<\/p>\n","protected":false},"excerpt":{"rendered":"<p>U\u010dinkovito uklanjanje mrlja \u010dak i u hladnoj vodi i s kratkim ciklusom pranja<br \/>\nDjelovanje Turbo Clean tehnologije te \u0161tedi energiju pri svakom pranju<br \/>\nDolazi u pakiranju koje se mo\u017ee 100 % reciklirati<\/p>\n","protected":false},"featured_media":34627,"template":"","meta":{"_seopress_robots_primary_cat":"","_seopress_titles_title":"","_seopress_titles_desc":"","_seopress_robots_index":"","iawp_total_views":0},"product_brand":[427],"product_cat":[283,238],"product_tag":[],"class_list":{"0":"post-34626","1":"product","2":"type-product","3":"status-publish","4":"has-post-thumbnail","6":"product_brand-ariel","7":"product_cat-pranje-rublja-238","8":"product_cat-sve-za-dom","10":"first","11":"instock","12":"shipping-taxable","13":"purchasable","14":"product-type-simple"},"_links":{"self":[{"href":"https:\/\/singuli.wpress.me\/index.php\/wp-json\/wp\/v2\/product\/34626","targetHints":{"allow":["GET"]}}],"collection":[{"href":"https:\/\/singuli.wpress.me\/index.php\/wp-json\/wp\/v2\/product"}],"about":[{"href":"https:\/\/singuli.wpress.me\/index.php\/wp-json\/wp\/v2\/types\/product"}],"version-history":[{"count":0,"href":"https:\/\/singuli.wpress.me\/index.php\/wp-json\/wp\/v2\/product\/34626\/revisions"}],"wp:featuredmedia":[{"embeddable":true,"href":"https:\/\/singuli.wpress.me\/index.php\/wp-json\/wp\/v2\/media\/34627"}],"wp:attachment":[{"href":"https:\/\/singuli.wpress.me\/index.php\/wp-json\/wp\/v2\/media?parent=34626"}],"wp:term":[{"taxonomy":"product_brand","embeddable":true,"href":"https:\/\/singuli.wpress.me\/index.php\/wp-json\/wp\/v2\/product_brand?post=34626"},{"taxonomy":"product_cat","embeddable":true,"href":"https:\/\/singuli.wpress.me\/index.php\/wp-json\/wp\/v2\/product_cat?post=34626"},{"taxonomy":"product_tag","embeddable":true,"href":"https:\/\/singuli.wpress.me\/index.php\/wp-json\/wp\/v2\/product_tag?post=34626"}],"curies":[{"name":"wp","href":"https:\/\/api.w.org\/{rel}","templated":true}]}}