{"id":34630,"date":"2026-04-17T13:41:58","date_gmt":"2026-04-17T13:41:58","guid":{"rendered":"https:\/\/singuli.wpress.me\/index.php\/proizvod\/ariel-mountain-spring-praskasti-deterdzent-40-pranja-2-2-kg\/"},"modified":"2026-04-21T00:26:41","modified_gmt":"2026-04-21T00:26:41","slug":"ariel-mountain-spring-praskasti-deterdzent-40-pranja-2-2-kg","status":"publish","type":"product","link":"https:\/\/singuli.wpress.me\/index.php\/proizvod\/ariel-mountain-spring-praskasti-deterdzent-40-pranja-2-2-kg\/","title":{"rendered":"ARIEL Mountain Spring, pra\u0161kasti deterd\u017eent, 40 pranja, 2.2\u00a0kg"},"content":{"rendered":"<p>Ariel, marka koju preporu\u010duju Whirlpool, Electrolux, Candy i Beko, predstavlja brzo topivi <span style=\"font-weight: bold\">pra\u0161kasti deterd\u017eent za rublje Ariel Alpine Fresh<\/span>. Pra\u0161kasti deterd\u017eent Ariel uklanja tvrdokorne mrlje i neugodne mirise, \u010dak i na 30 \u00b0C. Zahvaljuju\u0107i jedinstvenoj tehnologiji brzo se otapa u dodiru s vodom, aktivira se u trenu i prodire duboko u vlakna, \u010dak i na niskim temperaturama pranja. Pranje na ni\u017eim temperaturama dulje \u0161titi tkanine u usporedbi s pranjem na vi\u0161im temperaturama.<\/p>\n","protected":false},"excerpt":{"rendered":"<p>Omogu\u0107ava vrhunsko uklanjanje mrlja ve\u0107 u prvom pranju, \u010dak i pri ni\u017eoj temperaturi<br \/>\nBlistavo \u010di\u0161\u0107enje na ni\u017eim temperaturama omogu\u0107uje u\u0161tedu energije<br \/>\nDubinsko \u010di\u0161\u0107enje za higijenu i obnavljanje bjeline<\/p>\n","protected":false},"featured_media":34631,"template":"","meta":{"_seopress_robots_primary_cat":"","_seopress_titles_title":"","_seopress_titles_desc":"","_seopress_robots_index":"","iawp_total_views":0},"product_brand":[427],"product_cat":[283,238],"product_tag":[],"class_list":{"0":"post-34630","1":"product","2":"type-product","3":"status-publish","4":"has-post-thumbnail","6":"product_brand-ariel","7":"product_cat-pranje-rublja-238","8":"product_cat-sve-za-dom","10":"first","11":"instock","12":"shipping-taxable","13":"purchasable","14":"product-type-simple"},"_links":{"self":[{"href":"https:\/\/singuli.wpress.me\/index.php\/wp-json\/wp\/v2\/product\/34630","targetHints":{"allow":["GET"]}}],"collection":[{"href":"https:\/\/singuli.wpress.me\/index.php\/wp-json\/wp\/v2\/product"}],"about":[{"href":"https:\/\/singuli.wpress.me\/index.php\/wp-json\/wp\/v2\/types\/product"}],"version-history":[{"count":0,"href":"https:\/\/singuli.wpress.me\/index.php\/wp-json\/wp\/v2\/product\/34630\/revisions"}],"wp:featuredmedia":[{"embeddable":true,"href":"https:\/\/singuli.wpress.me\/index.php\/wp-json\/wp\/v2\/media\/34631"}],"wp:attachment":[{"href":"https:\/\/singuli.wpress.me\/index.php\/wp-json\/wp\/v2\/media?parent=34630"}],"wp:term":[{"taxonomy":"product_brand","embeddable":true,"href":"https:\/\/singuli.wpress.me\/index.php\/wp-json\/wp\/v2\/product_brand?post=34630"},{"taxonomy":"product_cat","embeddable":true,"href":"https:\/\/singuli.wpress.me\/index.php\/wp-json\/wp\/v2\/product_cat?post=34630"},{"taxonomy":"product_tag","embeddable":true,"href":"https:\/\/singuli.wpress.me\/index.php\/wp-json\/wp\/v2\/product_tag?post=34630"}],"curies":[{"name":"wp","href":"https:\/\/api.w.org\/{rel}","templated":true}]}}