{"id":34633,"date":"2026-04-17T13:41:59","date_gmt":"2026-04-17T13:41:59","guid":{"rendered":"https:\/\/singuli.wpress.me\/index.php\/proizvod\/ariel-sensitive-tekuci-deterdzent-za-pranje-rublja-25-pranja-1-125-l\/"},"modified":"2026-04-20T12:33:12","modified_gmt":"2026-04-20T12:33:12","slug":"ariel-sensitive-tekuci-deterdzent-za-pranje-rublja-25-pranja-1-125-l","status":"publish","type":"product","link":"https:\/\/singuli.wpress.me\/index.php\/proizvod\/ariel-sensitive-tekuci-deterdzent-za-pranje-rublja-25-pranja-1-125-l\/","title":{"rendered":"ARIEL Sensitive, teku\u0107i deterd\u017eent za pranje rublja, 25 pranja, 1.125\u00a0l"},"content":{"rendered":"<p>Zahvaljuju\u0107i svojoj blagoj i nje\u017enoj formuli, <span style=\"font-weight: bold\">teku\u0107i deterd\u017eent za pranje rublja Ariel Sensitive Skin Clean &amp; Fresh<\/span> idealno je rje\u0161enje za dubinsko \u010di\u0161\u0107enje odje\u0107e va\u0161e obitelji, ako imate osjetljivu ko\u017eu. Dermatolo\u0161ki testirana formula koju je odobrio ECARF sadr\u017ei 0 % bojila.<\/p>\n","protected":false},"excerpt":{"rendered":"<p>Nemilosrdan prema mrljama, nje\u017ean prema ko\u017ei<br \/>\nFormula za osjetljivu ko\u017eu: 0 % bojila i osmi\u0161ljeno s ni\u017eom razinom alergena<br \/>\nDermatolo\u0161ki ispitan i s odobrenjem Europskog centra za istra\u017eivanje alergija (ECARF)<\/p>\n","protected":false},"featured_media":34634,"template":"","meta":{"_seopress_robots_primary_cat":"","_seopress_titles_title":"","_seopress_titles_desc":"","_seopress_robots_index":"","iawp_total_views":0},"product_brand":[427],"product_cat":[283,238],"product_tag":[],"class_list":{"0":"post-34633","1":"product","2":"type-product","3":"status-publish","4":"has-post-thumbnail","6":"product_brand-ariel","7":"product_cat-pranje-rublja-238","8":"product_cat-sve-za-dom","10":"first","11":"instock","12":"shipping-taxable","13":"purchasable","14":"product-type-simple"},"_links":{"self":[{"href":"https:\/\/singuli.wpress.me\/index.php\/wp-json\/wp\/v2\/product\/34633","targetHints":{"allow":["GET"]}}],"collection":[{"href":"https:\/\/singuli.wpress.me\/index.php\/wp-json\/wp\/v2\/product"}],"about":[{"href":"https:\/\/singuli.wpress.me\/index.php\/wp-json\/wp\/v2\/types\/product"}],"version-history":[{"count":0,"href":"https:\/\/singuli.wpress.me\/index.php\/wp-json\/wp\/v2\/product\/34633\/revisions"}],"wp:featuredmedia":[{"embeddable":true,"href":"https:\/\/singuli.wpress.me\/index.php\/wp-json\/wp\/v2\/media\/34634"}],"wp:attachment":[{"href":"https:\/\/singuli.wpress.me\/index.php\/wp-json\/wp\/v2\/media?parent=34633"}],"wp:term":[{"taxonomy":"product_brand","embeddable":true,"href":"https:\/\/singuli.wpress.me\/index.php\/wp-json\/wp\/v2\/product_brand?post=34633"},{"taxonomy":"product_cat","embeddable":true,"href":"https:\/\/singuli.wpress.me\/index.php\/wp-json\/wp\/v2\/product_cat?post=34633"},{"taxonomy":"product_tag","embeddable":true,"href":"https:\/\/singuli.wpress.me\/index.php\/wp-json\/wp\/v2\/product_tag?post=34633"}],"curies":[{"name":"wp","href":"https:\/\/api.w.org\/{rel}","templated":true}]}}