{"id":34650,"date":"2026-04-17T13:42:04","date_gmt":"2026-04-17T13:42:04","guid":{"rendered":"https:\/\/singuli.wpress.me\/index.php\/proizvod\/ariel-ultra-oxi-effect-praskasti-deterdzent-30-pranja-1-65-kg\/"},"modified":"2026-04-20T12:33:12","modified_gmt":"2026-04-20T12:33:12","slug":"ariel-ultra-oxi-effect-praskasti-deterdzent-30-pranja-1-65-kg","status":"publish","type":"product","link":"https:\/\/singuli.wpress.me\/index.php\/proizvod\/ariel-ultra-oxi-effect-praskasti-deterdzent-30-pranja-1-65-kg\/","title":{"rendered":"ARIEL + Ultra OXI Effect, pra\u0161kasti deterd\u017eent, 30 pranja, 1.65\u00a0kg"},"content":{"rendered":"<p>Ariel, marka koju preporu\u010duju Whirlpool, Electrolux, Candy i Beko, predstavlja brzo topivi <span style=\"font-weight: bold\">pra\u0161kasti deterd\u017eent za rublje + Ultra OXI Effect<\/span> koji u\u010dinkovito uklanja \u010dak i sedmodnevne skorene mrlje i neugodne mirise. Zahvaljuju\u0107i jedinstvenoj tehnologiji brzo se otapa u dodiru s vodom, trenutno se aktivira i prodire duboko u vlakna, \u010dak i na niskim temperaturama pranja. Pranje na ni\u017eim temperaturama dulje \u0161titi tkanine u usporedbi s pranjem na vi\u0161im temperaturama.<\/p>\n","protected":false},"excerpt":{"rendered":"<p>Brzo otapanje i na ni\u017eim temperaturama<br \/>\nPerite na ni\u017eim temperaturama i u\u0161tedite do 60% energije<br \/>\nPakiranje koje se mo\u017ee 100% reciklirati<\/p>\n","protected":false},"featured_media":34651,"template":"","meta":{"_seopress_robots_primary_cat":"","_seopress_titles_title":"","_seopress_titles_desc":"","_seopress_robots_index":"","iawp_total_views":0},"product_brand":[427],"product_cat":[283,238],"product_tag":[],"class_list":{"0":"post-34650","1":"product","2":"type-product","3":"status-publish","4":"has-post-thumbnail","6":"product_brand-ariel","7":"product_cat-pranje-rublja-238","8":"product_cat-sve-za-dom","10":"first","11":"outofstock","12":"shipping-taxable","13":"purchasable","14":"product-type-simple"},"_links":{"self":[{"href":"https:\/\/singuli.wpress.me\/index.php\/wp-json\/wp\/v2\/product\/34650","targetHints":{"allow":["GET"]}}],"collection":[{"href":"https:\/\/singuli.wpress.me\/index.php\/wp-json\/wp\/v2\/product"}],"about":[{"href":"https:\/\/singuli.wpress.me\/index.php\/wp-json\/wp\/v2\/types\/product"}],"version-history":[{"count":0,"href":"https:\/\/singuli.wpress.me\/index.php\/wp-json\/wp\/v2\/product\/34650\/revisions"}],"wp:featuredmedia":[{"embeddable":true,"href":"https:\/\/singuli.wpress.me\/index.php\/wp-json\/wp\/v2\/media\/34651"}],"wp:attachment":[{"href":"https:\/\/singuli.wpress.me\/index.php\/wp-json\/wp\/v2\/media?parent=34650"}],"wp:term":[{"taxonomy":"product_brand","embeddable":true,"href":"https:\/\/singuli.wpress.me\/index.php\/wp-json\/wp\/v2\/product_brand?post=34650"},{"taxonomy":"product_cat","embeddable":true,"href":"https:\/\/singuli.wpress.me\/index.php\/wp-json\/wp\/v2\/product_cat?post=34650"},{"taxonomy":"product_tag","embeddable":true,"href":"https:\/\/singuli.wpress.me\/index.php\/wp-json\/wp\/v2\/product_tag?post=34650"}],"curies":[{"name":"wp","href":"https:\/\/api.w.org\/{rel}","templated":true}]}}