{"id":34658,"date":"2026-04-17T13:42:05","date_gmt":"2026-04-17T13:42:05","guid":{"rendered":"https:\/\/singuli.wpress.me\/index.php\/proizvod\/ariel-color-fresh-kapsule-za-pranje-rublja-19-pranja\/"},"modified":"2026-04-21T00:26:41","modified_gmt":"2026-04-21T00:26:41","slug":"ariel-color-fresh-kapsule-za-pranje-rublja-19-pranja","status":"publish","type":"product","link":"https:\/\/singuli.wpress.me\/index.php\/proizvod\/ariel-color-fresh-kapsule-za-pranje-rublja-19-pranja\/","title":{"rendered":"ARIEL Color Fresh, kapsule za pranje rublja, 19 pranja"},"content":{"rendered":"<p>Ariel, marka koju preporu\u010duju Whirlpool, Electrolux, Candy i Beko, predstavlja <span style=\"font-weight: bold\">kapsule deterd\u017eenta za pranje rublja Ariel Allin1 PODS\u00ae Color<\/span> koje uklanjaju tvrdokorne mrlje i neugodne mirise \u010dak i na 30 \u00b0C. Osmi\u0161ljene su za izvanredno \u010di\u0161\u0107enje \u010dak i na programima s ni\u017eim temperaturama pranja, brzo se otapaju \u010dak i u hladnoj vodi te pru\u017eaju besprijekorne rezultate. <\/p>\n","protected":false},"excerpt":{"rendered":"<p>Uklanja mrlje, \u010duva boje, osvje\u017eava i \u0161titi tkaninu<br \/>\nOmot je 100 % topiv u vodi<br \/>\nAmbala\u017ea mo\u017ee se reciklirati<\/p>\n","protected":false},"featured_media":34659,"template":"","meta":{"_seopress_robots_primary_cat":"","_seopress_titles_title":"","_seopress_titles_desc":"","_seopress_robots_index":"","iawp_total_views":0},"product_brand":[427],"product_cat":[283,238],"product_tag":[],"class_list":{"0":"post-34658","1":"product","2":"type-product","3":"status-publish","4":"has-post-thumbnail","6":"product_brand-ariel","7":"product_cat-pranje-rublja-238","8":"product_cat-sve-za-dom","10":"first","11":"outofstock","12":"shipping-taxable","13":"purchasable","14":"product-type-simple"},"_links":{"self":[{"href":"https:\/\/singuli.wpress.me\/index.php\/wp-json\/wp\/v2\/product\/34658","targetHints":{"allow":["GET"]}}],"collection":[{"href":"https:\/\/singuli.wpress.me\/index.php\/wp-json\/wp\/v2\/product"}],"about":[{"href":"https:\/\/singuli.wpress.me\/index.php\/wp-json\/wp\/v2\/types\/product"}],"version-history":[{"count":0,"href":"https:\/\/singuli.wpress.me\/index.php\/wp-json\/wp\/v2\/product\/34658\/revisions"}],"wp:featuredmedia":[{"embeddable":true,"href":"https:\/\/singuli.wpress.me\/index.php\/wp-json\/wp\/v2\/media\/34659"}],"wp:attachment":[{"href":"https:\/\/singuli.wpress.me\/index.php\/wp-json\/wp\/v2\/media?parent=34658"}],"wp:term":[{"taxonomy":"product_brand","embeddable":true,"href":"https:\/\/singuli.wpress.me\/index.php\/wp-json\/wp\/v2\/product_brand?post=34658"},{"taxonomy":"product_cat","embeddable":true,"href":"https:\/\/singuli.wpress.me\/index.php\/wp-json\/wp\/v2\/product_cat?post=34658"},{"taxonomy":"product_tag","embeddable":true,"href":"https:\/\/singuli.wpress.me\/index.php\/wp-json\/wp\/v2\/product_tag?post=34658"}],"curies":[{"name":"wp","href":"https:\/\/api.w.org\/{rel}","templated":true}]}}