{"id":34669,"date":"2026-04-17T13:42:08","date_gmt":"2026-04-17T13:42:08","guid":{"rendered":"https:\/\/singuli.wpress.me\/index.php\/proizvod\/ariel-color-tekuci-deterdzent-za-pranje-rublja-60-pranja-2-7-l\/"},"modified":"2026-04-20T12:33:13","modified_gmt":"2026-04-20T12:33:13","slug":"ariel-color-tekuci-deterdzent-za-pranje-rublja-60-pranja-2-7-l","status":"publish","type":"product","link":"https:\/\/singuli.wpress.me\/index.php\/proizvod\/ariel-color-tekuci-deterdzent-za-pranje-rublja-60-pranja-2-7-l\/","title":{"rendered":"ARIEL Color, teku\u0107i deterd\u017eent za pranje rublja, 60 pranja, 2.7\u00a0l"},"content":{"rendered":"<p>Ariel, marka koju preporu\u010duju Whirlpool, Candy, Beko i Electrolux, predstavlja teku\u0107i deterd\u017eent za pranje rublja Ariel Color. Uklanja tvrdokorne mrlje i neugodne mirise, \u010dak i na 30 \u00b0C. Njegova formula posebno je osmi\u0161ljena za kratke programe pranja i pranje na ni\u017eim temperaturama. Tvrdokorne mrlje prije pranja tretirajte teku\u0107im deterd\u017eentom Ariel Color i njegovim zelenim \u010depom, a zatim operite rublje u perilici. Za najbolje rezultate \u010dep s deterd\u017eentom stavite izravno u bubanj perilice rublja. <br \/>\nIz ekolo\u0161kih razloga na neke boce ne stavljamo \u010dep s mjericom. Takav je \u010dep besplatno dostupan na internetskoj stranici ariel.info.<\/p>\n","protected":false},"excerpt":{"rendered":"<p>Izvanredno uklanjanje mrlja, \u010dak i na ni\u017eim temperaturama<br \/>\nDulje odr\u017eava blistavost boja i poma\u017ee sprije\u010diti gubitak boje<br \/>\nBoca teku\u0107eg deterd\u017eenta Ariel mo\u017ee se u potpunosti reciklirati<\/p>\n","protected":false},"featured_media":34670,"template":"","meta":{"_seopress_robots_primary_cat":"","_seopress_titles_title":"","_seopress_titles_desc":"","_seopress_robots_index":"","iawp_total_views":0},"product_brand":[427],"product_cat":[283,238],"product_tag":[],"class_list":{"0":"post-34669","1":"product","2":"type-product","3":"status-publish","4":"has-post-thumbnail","6":"product_brand-ariel","7":"product_cat-pranje-rublja-238","8":"product_cat-sve-za-dom","10":"first","11":"instock","12":"shipping-taxable","13":"purchasable","14":"product-type-simple"},"_links":{"self":[{"href":"https:\/\/singuli.wpress.me\/index.php\/wp-json\/wp\/v2\/product\/34669","targetHints":{"allow":["GET"]}}],"collection":[{"href":"https:\/\/singuli.wpress.me\/index.php\/wp-json\/wp\/v2\/product"}],"about":[{"href":"https:\/\/singuli.wpress.me\/index.php\/wp-json\/wp\/v2\/types\/product"}],"version-history":[{"count":0,"href":"https:\/\/singuli.wpress.me\/index.php\/wp-json\/wp\/v2\/product\/34669\/revisions"}],"wp:featuredmedia":[{"embeddable":true,"href":"https:\/\/singuli.wpress.me\/index.php\/wp-json\/wp\/v2\/media\/34670"}],"wp:attachment":[{"href":"https:\/\/singuli.wpress.me\/index.php\/wp-json\/wp\/v2\/media?parent=34669"}],"wp:term":[{"taxonomy":"product_brand","embeddable":true,"href":"https:\/\/singuli.wpress.me\/index.php\/wp-json\/wp\/v2\/product_brand?post=34669"},{"taxonomy":"product_cat","embeddable":true,"href":"https:\/\/singuli.wpress.me\/index.php\/wp-json\/wp\/v2\/product_cat?post=34669"},{"taxonomy":"product_tag","embeddable":true,"href":"https:\/\/singuli.wpress.me\/index.php\/wp-json\/wp\/v2\/product_tag?post=34669"}],"curies":[{"name":"wp","href":"https:\/\/api.w.org\/{rel}","templated":true}]}}