{"id":34709,"date":"2026-04-17T13:42:20","date_gmt":"2026-04-17T13:42:20","guid":{"rendered":"https:\/\/singuli.wpress.me\/index.php\/proizvod\/ariel-sensitive-tekuci-deterdzent-za-pranje-rublja-50-pranja-2-25-l\/"},"modified":"2026-04-20T12:33:13","modified_gmt":"2026-04-20T12:33:13","slug":"ariel-sensitive-tekuci-deterdzent-za-pranje-rublja-50-pranja-2-25-l","status":"publish","type":"product","link":"https:\/\/singuli.wpress.me\/index.php\/proizvod\/ariel-sensitive-tekuci-deterdzent-za-pranje-rublja-50-pranja-2-25-l\/","title":{"rendered":"ARIEL Sensitive, teku\u0107i deterd\u017eent za pranje rublja, 50 pranja, 2.25\u00a0l"},"content":{"rendered":"<p>Ariel, marka koju preporu\u010duju Whirlpool, Beko, Electrolux i Candy, predstavlja teku\u0107i deterd\u017eent za pranje rublja Ariel Brilliant Clean Universal+ koji jam\u010di izvanredno uklanjanje mrlja \u010dak i na ni\u017eim temperaturama. Njegova formula, s tehnologijom COOL CLEAN, posebno je osmi\u0161ljena za pranje na ni\u017eim temperaturama. <br \/>\nPerite rublje na ni\u017eim temperaturama Arielovim teku\u0107im deterd\u017eentom: u\u0161tedite energiju pri svakom pranju i pritom smanjite emisiju CO\u2082. <br \/>\nTeku\u0107i Ariel ujedno o\u017eivljava blistavost va\u0161eg bijelog rublja i spre\u010dava nastanak mrlja od znoja. Osim toga, dolazi u pakiranju koje se mo\u017ee reciklirati. <br \/>\nTvrdokorne mrlje prije pranja tretirajte teku\u0107im deterd\u017eentom Ariel Brilliant Clean Universal+ i njegovim zelenim \u010depom, a zatim operite rublje u perilici. Za najbolje rezultate \u010dep s deterd\u017eentom stavite izravno u bubanj perilice rublja. Iz ekolo\u0161kih razloga na neke boce ne stavljamo \u010dep s mjericom. Takav je \u010dep besplatno dostupan na internetskoj stranici ariel.info.<\/p>\n","protected":false},"excerpt":{"rendered":"<p>Dubinsko \u010di\u0161\u0107enje \u010dak i na ni\u017eim temperaturama<br \/>\nOsvje\u017eava bjelinu va\u0161eg rublja<br \/>\nPakiranje koje se mo\u017ee reciklirati<\/p>\n","protected":false},"featured_media":34710,"template":"","meta":{"_seopress_robots_primary_cat":"","_seopress_titles_title":"","_seopress_titles_desc":"","_seopress_robots_index":"","iawp_total_views":0},"product_brand":[427],"product_cat":[283,238],"product_tag":[],"class_list":{"0":"post-34709","1":"product","2":"type-product","3":"status-publish","4":"has-post-thumbnail","6":"product_brand-ariel","7":"product_cat-pranje-rublja-238","8":"product_cat-sve-za-dom","10":"first","11":"instock","12":"shipping-taxable","13":"purchasable","14":"product-type-simple"},"_links":{"self":[{"href":"https:\/\/singuli.wpress.me\/index.php\/wp-json\/wp\/v2\/product\/34709","targetHints":{"allow":["GET"]}}],"collection":[{"href":"https:\/\/singuli.wpress.me\/index.php\/wp-json\/wp\/v2\/product"}],"about":[{"href":"https:\/\/singuli.wpress.me\/index.php\/wp-json\/wp\/v2\/types\/product"}],"version-history":[{"count":0,"href":"https:\/\/singuli.wpress.me\/index.php\/wp-json\/wp\/v2\/product\/34709\/revisions"}],"wp:featuredmedia":[{"embeddable":true,"href":"https:\/\/singuli.wpress.me\/index.php\/wp-json\/wp\/v2\/media\/34710"}],"wp:attachment":[{"href":"https:\/\/singuli.wpress.me\/index.php\/wp-json\/wp\/v2\/media?parent=34709"}],"wp:term":[{"taxonomy":"product_brand","embeddable":true,"href":"https:\/\/singuli.wpress.me\/index.php\/wp-json\/wp\/v2\/product_brand?post=34709"},{"taxonomy":"product_cat","embeddable":true,"href":"https:\/\/singuli.wpress.me\/index.php\/wp-json\/wp\/v2\/product_cat?post=34709"},{"taxonomy":"product_tag","embeddable":true,"href":"https:\/\/singuli.wpress.me\/index.php\/wp-json\/wp\/v2\/product_tag?post=34709"}],"curies":[{"name":"wp","href":"https:\/\/api.w.org\/{rel}","templated":true}]}}