{"id":34715,"date":"2026-04-17T13:42:22","date_gmt":"2026-04-17T13:42:22","guid":{"rendered":"https:\/\/singuli.wpress.me\/index.php\/proizvod\/ariel-color-praskasti-deterdzent-5-5kg-100-pranja\/"},"modified":"2026-04-21T00:26:42","modified_gmt":"2026-04-21T00:26:42","slug":"ariel-color-praskasti-deterdzent-5-5kg-100-pranja","status":"publish","type":"product","link":"https:\/\/singuli.wpress.me\/index.php\/proizvod\/ariel-color-praskasti-deterdzent-5-5kg-100-pranja\/","title":{"rendered":"ARIEL Color, pra\u0161kasti deterd\u017eent, 5.5kg, 100\u00a0pranja"},"content":{"rendered":"<p>Ariel, marka koju preporu\u010duju Whirlpool, Candy, Electrolux i Beko, predstavlja brzo topivi pra\u0161kasti deterd\u017eent za rublje Ariel Color. Arielov pra\u0161kasti deterd\u017eent pru\u017ea dodatnu svje\u017einu i u\u010dinkovito uklanjanje mrlja \u010dak i u hladnoj vodi i na kratkim programima pranja. Zahvaljuju\u0107i jedinstvenoj tehnologiji brzo se otapa u dodiru s vodom, trenutno se aktivira i prodire duboko u vlakna, \u010dak i na niskim temperaturama pranja. Pranje na ni\u017eim temperaturama dulje \u0161titi tkanine u usporedbi s pranjem na vi\u0161im temperaturama.<\/p>\n","protected":false},"excerpt":{"rendered":"<p>Pru\u017ea dodatnu svje\u017einu i u\u010dinkovito uklanja mrlje.<br \/>\nDjelotvoran je \u010dak i u hladnoj vodi i na kratkim programima pranja.<br \/>\nBrzo se otapa i aktivira, \u0161tite\u0107i tkanine pri ni\u017eim temperaturama.<\/p>\n","protected":false},"featured_media":34716,"template":"","meta":{"_seopress_robots_primary_cat":"","_seopress_titles_title":"","_seopress_titles_desc":"","_seopress_robots_index":"","iawp_total_views":0},"product_brand":[427],"product_cat":[283,238],"product_tag":[],"class_list":{"0":"post-34715","1":"product","2":"type-product","3":"status-publish","4":"has-post-thumbnail","6":"product_brand-ariel","7":"product_cat-pranje-rublja-238","8":"product_cat-sve-za-dom","10":"first","11":"outofstock","12":"shipping-taxable","13":"purchasable","14":"product-type-simple"},"_links":{"self":[{"href":"https:\/\/singuli.wpress.me\/index.php\/wp-json\/wp\/v2\/product\/34715","targetHints":{"allow":["GET"]}}],"collection":[{"href":"https:\/\/singuli.wpress.me\/index.php\/wp-json\/wp\/v2\/product"}],"about":[{"href":"https:\/\/singuli.wpress.me\/index.php\/wp-json\/wp\/v2\/types\/product"}],"version-history":[{"count":0,"href":"https:\/\/singuli.wpress.me\/index.php\/wp-json\/wp\/v2\/product\/34715\/revisions"}],"wp:featuredmedia":[{"embeddable":true,"href":"https:\/\/singuli.wpress.me\/index.php\/wp-json\/wp\/v2\/media\/34716"}],"wp:attachment":[{"href":"https:\/\/singuli.wpress.me\/index.php\/wp-json\/wp\/v2\/media?parent=34715"}],"wp:term":[{"taxonomy":"product_brand","embeddable":true,"href":"https:\/\/singuli.wpress.me\/index.php\/wp-json\/wp\/v2\/product_brand?post=34715"},{"taxonomy":"product_cat","embeddable":true,"href":"https:\/\/singuli.wpress.me\/index.php\/wp-json\/wp\/v2\/product_cat?post=34715"},{"taxonomy":"product_tag","embeddable":true,"href":"https:\/\/singuli.wpress.me\/index.php\/wp-json\/wp\/v2\/product_tag?post=34715"}],"curies":[{"name":"wp","href":"https:\/\/api.w.org\/{rel}","templated":true}]}}