{"id":34728,"date":"2026-04-17T13:42:25","date_gmt":"2026-04-17T13:42:25","guid":{"rendered":"https:\/\/singuli.wpress.me\/index.php\/proizvod\/ariel-sensitive-tekuci-deterdzent-za-pranje-rublja-100-pranja-4-5-l\/"},"modified":"2026-04-20T12:33:13","modified_gmt":"2026-04-20T12:33:13","slug":"ariel-sensitive-tekuci-deterdzent-za-pranje-rublja-100-pranja-4-5-l","status":"publish","type":"product","link":"https:\/\/singuli.wpress.me\/index.php\/proizvod\/ariel-sensitive-tekuci-deterdzent-za-pranje-rublja-100-pranja-4-5-l\/","title":{"rendered":"ARIEL Sensitive, teku\u0107i deterd\u017eent za pranje rublja, 100 pranja, 4.5\u00a0l"},"content":{"rendered":"<table border=\"0\" cellpadding=\"0\" cellspacing=\"0\" width=\"1842\" style=\"border-collapse: collapse;width:1381pt\">\n<tbody>\n<tr style=\"height:14.4pt\">\n<td height=\"19\" width=\"1842\" style=\"height:14.4pt;width:1381pt\">Zahvaljuju\u0107i<br \/>\n  svojoj blagoj i nje\u017enoj formuli, teku\u0107i deterd\u017eent za pranje rublja Ariel<br \/>\n  Sensitive idealno je rje\u0161enje za dubinsko \u010di\u0161\u0107enje odje\u0107e va\u0161e obitelji, ako<br \/>\n  imate osjetljivu ko\u017eu. Njegova je formula dermatolo\u0161ki testirana, a odobrila<br \/>\n  ju je Europska zaklada za istra\u017eivanje alergija (ECARF). Ona sadr\u017ei<br \/>\n  hipoalergeni dodani miris, osmi\u0161ljen kako bi se smanjila opasnost od pojave<br \/>\n  alergijskih reakcija. Kako bismo vam pru\u017eili Arielovu najbolju za\u0161titu,<br \/>\n  formula \u010duva meko\u0107u odje\u0107e koja dolazi u dodir s osjetljivom ko\u017eom. Me\u0111utim,<br \/>\n  premda je nje\u017ean za ko\u017eu, Ariel je iznimno nemilosrdan za mrlje: teku\u0107i<br \/>\n  deterd\u017eent Ariel Sensitive Skin va\u0161oj odje\u0107i pru\u017ea pouzdanu Arielovu \u010disto\u0107u<br \/>\n  \u010dak i na ni\u017eim temperaturama. Usto, teku\u0107i deterd\u017eent Ariel sadr\u017ei enzime<br \/>\n  prirodnog porijekla i dolazi u pakiranju koje se mo\u017ee reciklirati. Za<br \/>\n  najbolje rezultate \u010dep s deterd\u017eentom stavite izravno u bubanj perilice<br \/>\n  rublja. Iz ekolo\u0161kih razloga na neke boce ne stavljamo \u010dep s mjericom. Takav<br \/>\n  je \u010dep besplatno dostupan na internetskoj stranici ariel.info.<\/td>\n<\/tr>\n<\/tbody>\n<\/table>\n","protected":false},"excerpt":{"rendered":"<p>Zahvaljuju\u0107i svojoj blagoj i nje\u017enoj formuli, teku\u0107i deterd\u017eent za pranje rublja Ariel Sensitive idealno je rje\u0161enje za dubinsko \u010di\u0161\u0107enje odje\u0107e<\/p>\n","protected":false},"featured_media":34729,"template":"","meta":{"_seopress_robots_primary_cat":"","_seopress_titles_title":"","_seopress_titles_desc":"","_seopress_robots_index":"","iawp_total_views":0},"product_brand":[427],"product_cat":[283,238],"product_tag":[],"class_list":{"0":"post-34728","1":"product","2":"type-product","3":"status-publish","4":"has-post-thumbnail","6":"product_brand-ariel","7":"product_cat-pranje-rublja-238","8":"product_cat-sve-za-dom","10":"first","11":"outofstock","12":"shipping-taxable","13":"purchasable","14":"product-type-simple"},"_links":{"self":[{"href":"https:\/\/singuli.wpress.me\/index.php\/wp-json\/wp\/v2\/product\/34728","targetHints":{"allow":["GET"]}}],"collection":[{"href":"https:\/\/singuli.wpress.me\/index.php\/wp-json\/wp\/v2\/product"}],"about":[{"href":"https:\/\/singuli.wpress.me\/index.php\/wp-json\/wp\/v2\/types\/product"}],"version-history":[{"count":0,"href":"https:\/\/singuli.wpress.me\/index.php\/wp-json\/wp\/v2\/product\/34728\/revisions"}],"wp:featuredmedia":[{"embeddable":true,"href":"https:\/\/singuli.wpress.me\/index.php\/wp-json\/wp\/v2\/media\/34729"}],"wp:attachment":[{"href":"https:\/\/singuli.wpress.me\/index.php\/wp-json\/wp\/v2\/media?parent=34728"}],"wp:term":[{"taxonomy":"product_brand","embeddable":true,"href":"https:\/\/singuli.wpress.me\/index.php\/wp-json\/wp\/v2\/product_brand?post=34728"},{"taxonomy":"product_cat","embeddable":true,"href":"https:\/\/singuli.wpress.me\/index.php\/wp-json\/wp\/v2\/product_cat?post=34728"},{"taxonomy":"product_tag","embeddable":true,"href":"https:\/\/singuli.wpress.me\/index.php\/wp-json\/wp\/v2\/product_tag?post=34728"}],"curies":[{"name":"wp","href":"https:\/\/api.w.org\/{rel}","templated":true}]}}