{"id":34744,"date":"2026-04-17T13:42:31","date_gmt":"2026-04-17T13:42:31","guid":{"rendered":"https:\/\/singuli.wpress.me\/index.php\/proizvod\/red-bull-sea-blue-energetski-napitak-24x0-25l\/"},"modified":"2026-04-20T12:33:13","modified_gmt":"2026-04-20T12:33:13","slug":"red-bull-sea-blue-energetski-napitak-24x0-25l","status":"publish","type":"product","link":"https:\/\/singuli.wpress.me\/index.php\/proizvod\/red-bull-sea-blue-energetski-napitak-24x0-25l\/","title":{"rendered":"RED BULL Sea Blue, energetski napitak, 24&#215;0.25l"},"content":{"rendered":"<p>Red Bull Sea Blue Edition s osvje\u017eavaju\u0107im okusom vo\u0107a merale.<\/p>\n","protected":false},"excerpt":{"rendered":"<p>Funkcionalni energetski napitak<br \/>\nO\u017eivljava duh i tijelo<br \/>\nOsvje\u017eavaju\u0107i okus merale<\/p>\n","protected":false},"featured_media":34745,"template":"","meta":{"_seopress_robots_primary_cat":"","_seopress_titles_title":"","_seopress_titles_desc":"","_seopress_robots_index":"","iawp_total_views":0},"product_brand":[472],"product_cat":[261,262],"product_tag":[],"class_list":{"0":"post-34744","1":"product","2":"type-product","3":"status-publish","4":"has-post-thumbnail","6":"product_brand-red-bull","7":"product_cat-hrana-i-pice","8":"product_cat-sokovi-i-napitci-261","10":"first","11":"instock","12":"shipping-taxable","13":"purchasable","14":"product-type-simple"},"_links":{"self":[{"href":"https:\/\/singuli.wpress.me\/index.php\/wp-json\/wp\/v2\/product\/34744","targetHints":{"allow":["GET"]}}],"collection":[{"href":"https:\/\/singuli.wpress.me\/index.php\/wp-json\/wp\/v2\/product"}],"about":[{"href":"https:\/\/singuli.wpress.me\/index.php\/wp-json\/wp\/v2\/types\/product"}],"version-history":[{"count":0,"href":"https:\/\/singuli.wpress.me\/index.php\/wp-json\/wp\/v2\/product\/34744\/revisions"}],"wp:featuredmedia":[{"embeddable":true,"href":"https:\/\/singuli.wpress.me\/index.php\/wp-json\/wp\/v2\/media\/34745"}],"wp:attachment":[{"href":"https:\/\/singuli.wpress.me\/index.php\/wp-json\/wp\/v2\/media?parent=34744"}],"wp:term":[{"taxonomy":"product_brand","embeddable":true,"href":"https:\/\/singuli.wpress.me\/index.php\/wp-json\/wp\/v2\/product_brand?post=34744"},{"taxonomy":"product_cat","embeddable":true,"href":"https:\/\/singuli.wpress.me\/index.php\/wp-json\/wp\/v2\/product_cat?post=34744"},{"taxonomy":"product_tag","embeddable":true,"href":"https:\/\/singuli.wpress.me\/index.php\/wp-json\/wp\/v2\/product_tag?post=34744"}],"curies":[{"name":"wp","href":"https:\/\/api.w.org\/{rel}","templated":true}]}}