{"id":34747,"date":"2026-04-17T13:42:32","date_gmt":"2026-04-17T13:42:32","guid":{"rendered":"https:\/\/singuli.wpress.me\/index.php\/proizvod\/erdut-cuvee-noir-new-line-crno-vino-0-75-l\/"},"modified":"2026-04-20T12:33:13","modified_gmt":"2026-04-20T12:33:13","slug":"erdut-cuvee-noir-new-line-crno-vino-0-75-l","status":"publish","type":"product","link":"https:\/\/singuli.wpress.me\/index.php\/proizvod\/erdut-cuvee-noir-new-line-crno-vino-0-75-l\/","title":{"rendered":"ERDUT Cuvee Noir New Line, crno vino, 0.75\u00a0l"},"content":{"rendered":"<p><span style=\"font-weight: bold\">Erdut Cuvee Noir New Line<\/span> 0.75 l elegantna je crvena kupa\u017ea bogatih aroma zrelog vo\u0107a i za\u010dina. Skladnog tijela i bar\u0161unastih tanina, idealno se sla\u017ee s crvenim mesom, sirevima i tjesteninama s umacima. Poslu\u017eiti na 16-18 \u00b0C za puni do\u017eivljaj okusa.<\/p>\n<p>Vino proizvedeno iz vlastitog vinograda<br \/>\nSadr\u017ei 13 % alkohola<br \/>\nRok trajanja u danima: neograni\u010den<br \/>\nOkus: vino duboke rubinsko crvene boje, s aromama crvenog bobi\u010dastog vo\u0107a, oboga\u0107eno za\u010dinskim notama, uravnote\u017eenih tanina punog tijela<br \/>\nKlasifikacija: polusuho vino<\/p>\n","protected":false},"excerpt":{"rendered":"<p>Kvalitetno polusuho vino<br \/>\nS aromama crvenog bobi\u010dastog vo\u0107a<br \/>\nSadr\u017ei 13 % alkohola<\/p>\n","protected":false},"featured_media":34748,"template":"","meta":{"_seopress_robots_primary_cat":"","_seopress_titles_title":"","_seopress_titles_desc":"","_seopress_robots_index":"","iawp_total_views":0},"product_brand":[478],"product_cat":[298,261],"product_tag":[],"class_list":{"0":"post-34747","1":"product","2":"type-product","3":"status-publish","4":"has-post-thumbnail","6":"product_brand-erdut","7":"product_cat-alkoholna-pica-261","8":"product_cat-hrana-i-pice","10":"first","11":"instock","12":"shipping-taxable","13":"purchasable","14":"product-type-simple"},"_links":{"self":[{"href":"https:\/\/singuli.wpress.me\/index.php\/wp-json\/wp\/v2\/product\/34747","targetHints":{"allow":["GET"]}}],"collection":[{"href":"https:\/\/singuli.wpress.me\/index.php\/wp-json\/wp\/v2\/product"}],"about":[{"href":"https:\/\/singuli.wpress.me\/index.php\/wp-json\/wp\/v2\/types\/product"}],"version-history":[{"count":0,"href":"https:\/\/singuli.wpress.me\/index.php\/wp-json\/wp\/v2\/product\/34747\/revisions"}],"wp:featuredmedia":[{"embeddable":true,"href":"https:\/\/singuli.wpress.me\/index.php\/wp-json\/wp\/v2\/media\/34748"}],"wp:attachment":[{"href":"https:\/\/singuli.wpress.me\/index.php\/wp-json\/wp\/v2\/media?parent=34747"}],"wp:term":[{"taxonomy":"product_brand","embeddable":true,"href":"https:\/\/singuli.wpress.me\/index.php\/wp-json\/wp\/v2\/product_brand?post=34747"},{"taxonomy":"product_cat","embeddable":true,"href":"https:\/\/singuli.wpress.me\/index.php\/wp-json\/wp\/v2\/product_cat?post=34747"},{"taxonomy":"product_tag","embeddable":true,"href":"https:\/\/singuli.wpress.me\/index.php\/wp-json\/wp\/v2\/product_tag?post=34747"}],"curies":[{"name":"wp","href":"https:\/\/api.w.org\/{rel}","templated":true}]}}