{"id":34751,"date":"2026-04-17T13:42:33","date_gmt":"2026-04-17T13:42:33","guid":{"rendered":"https:\/\/singuli.wpress.me\/index.php\/proizvod\/dash-stainrem-tekuci-deterdzent-za-pranje-rublja-3-105-l\/"},"modified":"2026-04-20T12:33:13","modified_gmt":"2026-04-20T12:33:13","slug":"dash-stainrem-tekuci-deterdzent-za-pranje-rublja-3-105-l","status":"publish","type":"product","link":"https:\/\/singuli.wpress.me\/index.php\/proizvod\/dash-stainrem-tekuci-deterdzent-za-pranje-rublja-3-105-l\/","title":{"rendered":"DASH Stainrem, teku\u0107i deterd\u017eent za pranje rublja, 3.105 l"},"content":{"rendered":"<p>Dash Power + Extra Stain Removal Action jam\u010di izvanredno uklanjanje \u010dak i 7-dnevnih skorenih mrlja. Koristite Dash Power s omek\u0161iva\u010dem rublja Lenor i mirisnim perlicama Lenor Unstoppables za dodatnu svje\u017einu i meko\u0107u.<\/p>\n","protected":false},"excerpt":{"rendered":"<p>Teku\u0107i deterd\u017eent Dash Power jam\u010di dodatnu u\u010dinkovitost u uklanjanju mrlja za besprijekornu \u010disto\u0107u<br \/>\nNagla\u0161ava bijelu i druge boje va\u0161eg rublja te \u010duva njegovu blistavost iz pranja u pranje<br \/>\nDash Power ostavlja na rublju ugodan miris \u010disto\u0107e<\/p>\n","protected":false},"featured_media":34752,"template":"","meta":{"_seopress_robots_primary_cat":"","_seopress_titles_title":"","_seopress_titles_desc":"","_seopress_robots_index":"","iawp_total_views":0},"product_brand":[762],"product_cat":[283,238],"product_tag":[],"class_list":{"0":"post-34751","1":"product","2":"type-product","3":"status-publish","4":"has-post-thumbnail","6":"product_brand-dash","7":"product_cat-pranje-rublja-238","8":"product_cat-sve-za-dom","10":"first","11":"instock","12":"shipping-taxable","13":"purchasable","14":"product-type-simple"},"_links":{"self":[{"href":"https:\/\/singuli.wpress.me\/index.php\/wp-json\/wp\/v2\/product\/34751","targetHints":{"allow":["GET"]}}],"collection":[{"href":"https:\/\/singuli.wpress.me\/index.php\/wp-json\/wp\/v2\/product"}],"about":[{"href":"https:\/\/singuli.wpress.me\/index.php\/wp-json\/wp\/v2\/types\/product"}],"version-history":[{"count":0,"href":"https:\/\/singuli.wpress.me\/index.php\/wp-json\/wp\/v2\/product\/34751\/revisions"}],"wp:featuredmedia":[{"embeddable":true,"href":"https:\/\/singuli.wpress.me\/index.php\/wp-json\/wp\/v2\/media\/34752"}],"wp:attachment":[{"href":"https:\/\/singuli.wpress.me\/index.php\/wp-json\/wp\/v2\/media?parent=34751"}],"wp:term":[{"taxonomy":"product_brand","embeddable":true,"href":"https:\/\/singuli.wpress.me\/index.php\/wp-json\/wp\/v2\/product_brand?post=34751"},{"taxonomy":"product_cat","embeddable":true,"href":"https:\/\/singuli.wpress.me\/index.php\/wp-json\/wp\/v2\/product_cat?post=34751"},{"taxonomy":"product_tag","embeddable":true,"href":"https:\/\/singuli.wpress.me\/index.php\/wp-json\/wp\/v2\/product_tag?post=34751"}],"curies":[{"name":"wp","href":"https:\/\/api.w.org\/{rel}","templated":true}]}}