{"id":34760,"date":"2026-04-17T13:42:36","date_gmt":"2026-04-17T13:42:36","guid":{"rendered":"https:\/\/singuli.wpress.me\/index.php\/proizvod\/lenor-fresh-air-effect-tropical-sunset-omeksivac-36-pranja-504-ml\/"},"modified":"2026-04-20T12:33:13","modified_gmt":"2026-04-20T12:33:13","slug":"lenor-fresh-air-effect-tropical-sunset-omeksivac-36-pranja-504-ml","status":"publish","type":"product","link":"https:\/\/singuli.wpress.me\/index.php\/proizvod\/lenor-fresh-air-effect-tropical-sunset-omeksivac-36-pranja-504-ml\/","title":{"rendered":"LENOR Fresh Air Effect Tropical Sunset, omek\u0161iva\u010d, 36 pranja, 504\u00a0ml"},"content":{"rendered":"<p>U\u017eivajte u rublju svje\u017eem kao da ste ga su\u0161ili vani na svje\u017eem zraku, \u010dak i kad ga su\u0161ite u ku\u0107i! Iznimno koncentrirana formula za svje\u017einu <span style=\"font-weight: bold\">omek\u0161iva\u010da Lenor Fresh Air<\/span> koncentriranija je u odnosu na ostale Lenorove omek\u0161iva\u010de rublja i pru\u017ea vam Xx pranja u manjoj boci. Zahvaljuju\u0107i inovativnoj tehnologiji, trebate samo malu dozu kako bi rublje bilo svje\u017ee kao da se su\u0161ilo na svje\u017eem zraku, bez obzira na vremenske prilike! U kombinaciji sa za\u0161titom od ustajalog mirisa, omek\u0161iva\u010d rublja Lenor Fresh Air Tropical Sunset pru\u017eit \u0107e u\u017eitak dugotrajne svje\u017eine. Slatke note tropskog vo\u0107a odvest \u0107e vas na rajske tropske pla\u017ee, dok sunce spokojno zalazi, obasjavaju\u0107i nebo zlatnim zrakama. Boca je izra\u0111ena od reciklirane plastike osim \u010depa, otvora za izlijevanje i omota. Lenor Fresh Air razvijen je u suradnji s potro\u0161a\u010dima kako bi pru\u017eio osje\u0107aj svje\u017eine kao kad se rublje su\u0161i vani na svje\u017eem zraku, a nastavlja otpu\u0161tati svje\u017einu kad je rublje tek osu\u0161eno, kad je u ormaru, pa \u010dak i kad se kre\u0107ete.<\/p>\n","protected":false},"excerpt":{"rendered":"<p>\u0160titi tkanine od blije\u0111enja, stvaranja mucica i razvla\u010denja tijekom pranja<br \/>\nOmogu\u0107uje vam da u\u017eivate u rublju svje\u017eem kao da se su\u0161ilo vani, \u010dak i kad se su\u0161ilo unutra<br \/>\nBoca od 100 % reciklirane plastike (osim \u010depa, otvora za izlijevanje i omota) koja se mo\u017ee ponovno reciklirati (osim omota)<\/p>\n","protected":false},"featured_media":34761,"template":"","meta":{"_seopress_robots_primary_cat":"","_seopress_titles_title":"","_seopress_titles_desc":"","_seopress_robots_index":"","iawp_total_views":0},"product_brand":[446],"product_cat":[283,238],"product_tag":[],"class_list":{"0":"post-34760","1":"product","2":"type-product","3":"status-publish","4":"has-post-thumbnail","6":"product_brand-lenor","7":"product_cat-pranje-rublja-238","8":"product_cat-sve-za-dom","10":"first","11":"outofstock","12":"shipping-taxable","13":"purchasable","14":"product-type-simple"},"_links":{"self":[{"href":"https:\/\/singuli.wpress.me\/index.php\/wp-json\/wp\/v2\/product\/34760","targetHints":{"allow":["GET"]}}],"collection":[{"href":"https:\/\/singuli.wpress.me\/index.php\/wp-json\/wp\/v2\/product"}],"about":[{"href":"https:\/\/singuli.wpress.me\/index.php\/wp-json\/wp\/v2\/types\/product"}],"version-history":[{"count":0,"href":"https:\/\/singuli.wpress.me\/index.php\/wp-json\/wp\/v2\/product\/34760\/revisions"}],"wp:featuredmedia":[{"embeddable":true,"href":"https:\/\/singuli.wpress.me\/index.php\/wp-json\/wp\/v2\/media\/34761"}],"wp:attachment":[{"href":"https:\/\/singuli.wpress.me\/index.php\/wp-json\/wp\/v2\/media?parent=34760"}],"wp:term":[{"taxonomy":"product_brand","embeddable":true,"href":"https:\/\/singuli.wpress.me\/index.php\/wp-json\/wp\/v2\/product_brand?post=34760"},{"taxonomy":"product_cat","embeddable":true,"href":"https:\/\/singuli.wpress.me\/index.php\/wp-json\/wp\/v2\/product_cat?post=34760"},{"taxonomy":"product_tag","embeddable":true,"href":"https:\/\/singuli.wpress.me\/index.php\/wp-json\/wp\/v2\/product_tag?post=34760"}],"curies":[{"name":"wp","href":"https:\/\/api.w.org\/{rel}","templated":true}]}}