{"id":34765,"date":"2026-04-17T13:42:37","date_gmt":"2026-04-17T13:42:37","guid":{"rendered":"https:\/\/singuli.wpress.me\/index.php\/proizvod\/dash-regular-praskasti-deterdzent-3-3-kg-66-pranja\/"},"modified":"2026-04-21T00:26:42","modified_gmt":"2026-04-21T00:26:42","slug":"dash-regular-praskasti-deterdzent-3-3-kg-66-pranja","status":"publish","type":"product","link":"https:\/\/singuli.wpress.me\/index.php\/proizvod\/dash-regular-praskasti-deterdzent-3-3-kg-66-pranja\/","title":{"rendered":"DASH Regular, pra\u0161kasti deterd\u017eent, 3.3 kg, 66\u00a0pranja"},"content":{"rendered":"<p>Pra\u0161kasti deterd\u017eent Dash Powder s tehnologijom protiv zadr\u017eavanja tragova deterd\u017eenta jam\u010di besprijekorno uklanjanje mrlja, \u010dak i pri ni\u017eim temperaturama i kratkim programima. Koristite Dash s omek\u0161iva\u010dem rublja Lenor i mirisnim perlicama Lenor Unstoppables za dodatnu svje\u017einu i meko\u0107u.<\/p>\n","protected":false},"excerpt":{"rendered":"<p>Besprijekorno uklanjanje mrlja: U\u010dinkovito uklanja mrlje \u010dak i na niskim temperaturama.<br \/>\nBez tragova deterd\u017eenta: Nema ostataka deterd\u017eenta na odje\u0107i.<br \/>\nIdealan za kratke programe: Izvrsne performanse i kod brzog pranja.<\/p>\n","protected":false},"featured_media":34766,"template":"","meta":{"_seopress_robots_primary_cat":"","_seopress_titles_title":"","_seopress_titles_desc":"","_seopress_robots_index":"","iawp_total_views":0},"product_brand":[762],"product_cat":[283,238],"product_tag":[],"class_list":{"0":"post-34765","1":"product","2":"type-product","3":"status-publish","4":"has-post-thumbnail","6":"product_brand-dash","7":"product_cat-pranje-rublja-238","8":"product_cat-sve-za-dom","10":"first","11":"instock","12":"shipping-taxable","13":"purchasable","14":"product-type-simple"},"_links":{"self":[{"href":"https:\/\/singuli.wpress.me\/index.php\/wp-json\/wp\/v2\/product\/34765","targetHints":{"allow":["GET"]}}],"collection":[{"href":"https:\/\/singuli.wpress.me\/index.php\/wp-json\/wp\/v2\/product"}],"about":[{"href":"https:\/\/singuli.wpress.me\/index.php\/wp-json\/wp\/v2\/types\/product"}],"version-history":[{"count":0,"href":"https:\/\/singuli.wpress.me\/index.php\/wp-json\/wp\/v2\/product\/34765\/revisions"}],"wp:featuredmedia":[{"embeddable":true,"href":"https:\/\/singuli.wpress.me\/index.php\/wp-json\/wp\/v2\/media\/34766"}],"wp:attachment":[{"href":"https:\/\/singuli.wpress.me\/index.php\/wp-json\/wp\/v2\/media?parent=34765"}],"wp:term":[{"taxonomy":"product_brand","embeddable":true,"href":"https:\/\/singuli.wpress.me\/index.php\/wp-json\/wp\/v2\/product_brand?post=34765"},{"taxonomy":"product_cat","embeddable":true,"href":"https:\/\/singuli.wpress.me\/index.php\/wp-json\/wp\/v2\/product_cat?post=34765"},{"taxonomy":"product_tag","embeddable":true,"href":"https:\/\/singuli.wpress.me\/index.php\/wp-json\/wp\/v2\/product_tag?post=34765"}],"curies":[{"name":"wp","href":"https:\/\/api.w.org\/{rel}","templated":true}]}}