{"id":34795,"date":"2026-04-17T13:42:46","date_gmt":"2026-04-17T13:42:46","guid":{"rendered":"https:\/\/singuli.wpress.me\/index.php\/proizvod\/panolin-s4-hlp-68-hidraulicko-ulje-20-l\/"},"modified":"2026-04-20T12:33:13","modified_gmt":"2026-04-20T12:33:13","slug":"panolin-s4-hlp-68-hidraulicko-ulje-20-l","status":"publish","type":"product","link":"https:\/\/singuli.wpress.me\/index.php\/proizvod\/panolin-s4-hlp-68-hidraulicko-ulje-20-l\/","title":{"rendered":"PANOLIN S4 HLP 68, hidrauli\u010dko ulje, 20\u00a0l"},"content":{"rendered":"<p>Ovo sinteti\u010dko hidrauli\u010dno ulje visoke je u\u010dinkovitosti, dizajnirano za najzahtjevnije primjene. Njegova napredna formula osigurava pouzdanu za\u0161titu i dug vijek trajanja hidrauli\u010dkim sustavima. Idealno je za hidrauli\u010dke rotatore dizalica, hidrauli\u010dne sustave, ko\u010dnice, nagibe, propelere, stabilizatore i potisnike, pru\u017eaju\u0107i optimalne performanse i sigurnost u radu.<\/p>\n","protected":false},"excerpt":{"rendered":"<p>Omogu\u0107uje pouzdan rad u zahtjevnim uvjetima<br \/>\nOsigurava dugotrajnu za\u0161titu hidrauli\u010dkih sustava<br \/>\nPogodno za \u0161irok spektar hidrauli\u010dkih sustava, od dizalica do stabilizatora<\/p>\n","protected":false},"featured_media":34796,"template":"","meta":{"_seopress_robots_primary_cat":"","_seopress_titles_title":"","_seopress_titles_desc":"","_seopress_robots_index":"","iawp_total_views":0},"product_brand":[752],"product_cat":[243,276],"product_tag":[],"class_list":{"0":"post-34795","1":"product","2":"type-product","3":"status-publish","4":"has-post-thumbnail","6":"product_brand-panolin","7":"product_cat-automobili-i-motori","8":"product_cat-industrijska-i-specijalna-ulja-243","10":"first","11":"outofstock","12":"shipping-taxable","13":"purchasable","14":"product-type-simple"},"_links":{"self":[{"href":"https:\/\/singuli.wpress.me\/index.php\/wp-json\/wp\/v2\/product\/34795","targetHints":{"allow":["GET"]}}],"collection":[{"href":"https:\/\/singuli.wpress.me\/index.php\/wp-json\/wp\/v2\/product"}],"about":[{"href":"https:\/\/singuli.wpress.me\/index.php\/wp-json\/wp\/v2\/types\/product"}],"version-history":[{"count":0,"href":"https:\/\/singuli.wpress.me\/index.php\/wp-json\/wp\/v2\/product\/34795\/revisions"}],"wp:featuredmedia":[{"embeddable":true,"href":"https:\/\/singuli.wpress.me\/index.php\/wp-json\/wp\/v2\/media\/34796"}],"wp:attachment":[{"href":"https:\/\/singuli.wpress.me\/index.php\/wp-json\/wp\/v2\/media?parent=34795"}],"wp:term":[{"taxonomy":"product_brand","embeddable":true,"href":"https:\/\/singuli.wpress.me\/index.php\/wp-json\/wp\/v2\/product_brand?post=34795"},{"taxonomy":"product_cat","embeddable":true,"href":"https:\/\/singuli.wpress.me\/index.php\/wp-json\/wp\/v2\/product_cat?post=34795"},{"taxonomy":"product_tag","embeddable":true,"href":"https:\/\/singuli.wpress.me\/index.php\/wp-json\/wp\/v2\/product_tag?post=34795"}],"curies":[{"name":"wp","href":"https:\/\/api.w.org\/{rel}","templated":true}]}}