{"id":34803,"date":"2026-04-17T13:42:48","date_gmt":"2026-04-17T13:42:48","guid":{"rendered":"https:\/\/singuli.wpress.me\/index.php\/proizvod\/oral-b-sensitivity-gum-calm-pasta-za-zube-75-ml\/"},"modified":"2026-04-20T12:33:13","modified_gmt":"2026-04-20T12:33:13","slug":"oral-b-sensitivity-gum-calm-pasta-za-zube-75-ml","status":"publish","type":"product","link":"https:\/\/singuli.wpress.me\/index.php\/proizvod\/oral-b-sensitivity-gum-calm-pasta-za-zube-75-ml\/","title":{"rendered":"ORAL-B Sensitivity &amp; Gum Calm, pasta za zube, 75\u00a0ml"},"content":{"rendered":"<p>Zubna pasta Oral-B Pro-Science Advanced Gum &amp; Sensitivity Gentle Whitening klini\u010dki dokazano \u0161titi od osjetljivosti zubi i umiruje desni, za ugodan osje\u0107aj u ustima. Njezina jedinstvena tehnologija ActivCalm \u0161titi osjetljive zube stvaraju\u0107i sloj za\u0161tite i hlade\u0107i desni tijekom i nakon pranja zubi te je izuzetno ugodna zahvaljuju\u0107i nje\u017enoj pjeni u ustima.<\/p>\n","protected":false},"excerpt":{"rendered":"<p>Klini\u010dki dokazano \u0161titi od osjetljivosti zubi i umiruje desni<br \/>\nJedinstvena tehnologija ActivCalm \u0161titi osjetljive zube<br \/>\nUgodan osje\u0107aj u ustima<\/p>\n","protected":false},"featured_media":34804,"template":"","meta":{"_seopress_robots_primary_cat":"","_seopress_titles_title":"","_seopress_titles_desc":"","_seopress_robots_index":"","iawp_total_views":0},"product_brand":[423],"product_cat":[268,309,320],"product_tag":[],"class_list":{"0":"post-34803","1":"product","2":"type-product","3":"status-publish","4":"has-post-thumbnail","6":"product_brand-oral-b-2","7":"product_cat-kozmetika-2","8":"product_cat-oralna-higijena-268","9":"product_cat-paste-za-zube-309","11":"first","12":"instock","13":"shipping-taxable","14":"purchasable","15":"product-type-simple"},"_links":{"self":[{"href":"https:\/\/singuli.wpress.me\/index.php\/wp-json\/wp\/v2\/product\/34803","targetHints":{"allow":["GET"]}}],"collection":[{"href":"https:\/\/singuli.wpress.me\/index.php\/wp-json\/wp\/v2\/product"}],"about":[{"href":"https:\/\/singuli.wpress.me\/index.php\/wp-json\/wp\/v2\/types\/product"}],"version-history":[{"count":0,"href":"https:\/\/singuli.wpress.me\/index.php\/wp-json\/wp\/v2\/product\/34803\/revisions"}],"wp:featuredmedia":[{"embeddable":true,"href":"https:\/\/singuli.wpress.me\/index.php\/wp-json\/wp\/v2\/media\/34804"}],"wp:attachment":[{"href":"https:\/\/singuli.wpress.me\/index.php\/wp-json\/wp\/v2\/media?parent=34803"}],"wp:term":[{"taxonomy":"product_brand","embeddable":true,"href":"https:\/\/singuli.wpress.me\/index.php\/wp-json\/wp\/v2\/product_brand?post=34803"},{"taxonomy":"product_cat","embeddable":true,"href":"https:\/\/singuli.wpress.me\/index.php\/wp-json\/wp\/v2\/product_cat?post=34803"},{"taxonomy":"product_tag","embeddable":true,"href":"https:\/\/singuli.wpress.me\/index.php\/wp-json\/wp\/v2\/product_tag?post=34803"}],"curies":[{"name":"wp","href":"https:\/\/api.w.org\/{rel}","templated":true}]}}