{"id":34808,"date":"2026-04-17T13:42:49","date_gmt":"2026-04-17T13:42:49","guid":{"rendered":"https:\/\/singuli.wpress.me\/index.php\/proizvod\/oral-b-kids-djecja-zubna-cetkica\/"},"modified":"2026-04-20T12:33:13","modified_gmt":"2026-04-20T12:33:13","slug":"oral-b-kids-djecja-zubna-cetkica","status":"publish","type":"product","link":"https:\/\/singuli.wpress.me\/index.php\/proizvod\/oral-b-kids-djecja-zubna-cetkica\/","title":{"rendered":"ORAL-B Kids, dje\u010dja zubna \u010detkica"},"content":{"rendered":"<p>Klasi\u010dna zubna \u010detkica Oral-B Kids s likovima iz crti\u0107a Snje\u017eno kraljevstvo odnosno Auti savr\u0161ena je dje\u010dja zubna \u010detkica za temeljito pranje zuba. <\/p>\n<p>Posebno je oblikovana za djecu starosti od 3 do 5 godina, s malom glavom koja olak\u0161ava pristup malim ustima. <\/p>\n<p>Oblo\u017eena glava poma\u017ee za\u0161tititi nje\u017ene desni, dok mekana vlakna u\u010dinkovito \u010diste.<\/p>\n","protected":false},"excerpt":{"rendered":"<p>Motivi Snje\u017eno kraljevstvo ili Auti<br \/>\nNamijenjeno djeci od 3 do 5 godina koja u\u010de \u010detkati zube<br \/>\nDr\u0161ka jednostavna za kori\u0161tenje i poma\u017ee djeci pri \u010detkanju<\/p>\n","protected":false},"featured_media":34809,"template":"","meta":{"_seopress_robots_primary_cat":"","_seopress_titles_title":"","_seopress_titles_desc":"","_seopress_robots_index":"","iawp_total_views":0},"product_brand":[423],"product_cat":[192,208,207],"product_tag":[],"class_list":{"0":"post-34808","1":"product","2":"type-product","3":"status-publish","4":"has-post-thumbnail","6":"product_brand-oral-b-2","7":"product_cat-aparati-za-osobnu-njegu","8":"product_cat-elektricne-i-manualne-cetkice-za-odrasle-i-djecu","9":"product_cat-oralna-higijena","11":"first","12":"instock","13":"shipping-taxable","14":"purchasable","15":"product-type-simple"},"_links":{"self":[{"href":"https:\/\/singuli.wpress.me\/index.php\/wp-json\/wp\/v2\/product\/34808","targetHints":{"allow":["GET"]}}],"collection":[{"href":"https:\/\/singuli.wpress.me\/index.php\/wp-json\/wp\/v2\/product"}],"about":[{"href":"https:\/\/singuli.wpress.me\/index.php\/wp-json\/wp\/v2\/types\/product"}],"version-history":[{"count":0,"href":"https:\/\/singuli.wpress.me\/index.php\/wp-json\/wp\/v2\/product\/34808\/revisions"}],"wp:featuredmedia":[{"embeddable":true,"href":"https:\/\/singuli.wpress.me\/index.php\/wp-json\/wp\/v2\/media\/34809"}],"wp:attachment":[{"href":"https:\/\/singuli.wpress.me\/index.php\/wp-json\/wp\/v2\/media?parent=34808"}],"wp:term":[{"taxonomy":"product_brand","embeddable":true,"href":"https:\/\/singuli.wpress.me\/index.php\/wp-json\/wp\/v2\/product_brand?post=34808"},{"taxonomy":"product_cat","embeddable":true,"href":"https:\/\/singuli.wpress.me\/index.php\/wp-json\/wp\/v2\/product_cat?post=34808"},{"taxonomy":"product_tag","embeddable":true,"href":"https:\/\/singuli.wpress.me\/index.php\/wp-json\/wp\/v2\/product_tag?post=34808"}],"curies":[{"name":"wp","href":"https:\/\/api.w.org\/{rel}","templated":true}]}}