{"id":34818,"date":"2026-04-17T13:42:52","date_gmt":"2026-04-17T13:42:52","guid":{"rendered":"https:\/\/singuli.wpress.me\/index.php\/proizvod\/old-spice-bearglove-deo-roll-on-50-ml\/"},"modified":"2026-04-20T12:33:13","modified_gmt":"2026-04-20T12:33:13","slug":"old-spice-bearglove-deo-roll-on-50-ml","status":"publish","type":"product","link":"https:\/\/singuli.wpress.me\/index.php\/proizvod\/old-spice-bearglove-deo-roll-on-50-ml\/","title":{"rendered":"OLD SPICE Bearglove, deo roll-on, 50\u00a0ml"},"content":{"rendered":"<p>U\u017eivaj u non-stop svje\u017eini* i fantamirisnom samopouzdanju uz dezodorans u stiku Old Spice Bearglove. Zahvaljuju\u0107i toj bezbri\u017enoj svje\u017eini mo\u017ee\u0161 se usredoto\u010diti na ambicioznije pothvate poput sklapanja poslova ili podu\u010davanja dupina ljudskom govoru. Isprobaj dezodorans u stiku za sna\u017enu za\u0161titu od neugodnih mirisa ispod pazuha te suhu i jednostavnu primjenu (u odnosu na dezodorans u spreju Old Spice). OSLOBODI FORMULU S 3X AKTIVNOM ZA\u0160TITOM: dugotrajan parfemski miris, za\u0161tita od neugodnih mirisa i djelovanje protiv neugodnih mirisa; \u0161to nastanu za legendaran non-stop miris* Uz miris so\u010dnog bobi\u010dastog vo\u0107a, pikantnih citrusa i hrskave jabuke s da\u0161kom za\u010dina postat \u0107e\u0161 najneodoljivije \u0161umsko bi\u0107e. A jesmo li spomenuli da sadr\u017ei 0% aluminijevih soli i pritom ne ostavlja tragove na crnoj i bijeloj odje\u0107i? Da, da, upravo tako. *uz svakodnevnu upotrebu<\/p>\n","protected":false},"excerpt":{"rendered":"<p>U\u017eivaj u non-stop svje\u017eini parfemske kvalitete* i fantamirisnom samopouzdanju uz dezodorans u stiku Old Spice (*uz svakodnevnu upotrebu)<br \/>\nUz miris so\u010dnog bobi\u010dastog vo\u0107a, pikantnih citrusa i hrskave jabuke s da\u0161kom za\u010dina postat \u0107e\u0161 najneodoljivije \u0161umsko bi\u0107e<br \/>\nDugotrajan parfemski miris, za\u0161tita od neugodnih mirisa i djelovanje protiv neugodnih mirisa; \u0161to nastanu za legendaran non-stop miris (uz svakodnevnu upotrebu)<\/p>\n","protected":false},"featured_media":34819,"template":"","meta":{"_seopress_robots_primary_cat":"","_seopress_titles_title":"","_seopress_titles_desc":"","_seopress_robots_index":"","iawp_total_views":0},"product_brand":[448],"product_cat":[285,268],"product_tag":[],"class_list":{"0":"post-34818","1":"product","2":"type-product","3":"status-publish","4":"has-post-thumbnail","6":"product_brand-old-spice","7":"product_cat-dezodoransi-268","8":"product_cat-kozmetika-2","10":"first","11":"instock","12":"shipping-taxable","13":"purchasable","14":"product-type-simple"},"_links":{"self":[{"href":"https:\/\/singuli.wpress.me\/index.php\/wp-json\/wp\/v2\/product\/34818","targetHints":{"allow":["GET"]}}],"collection":[{"href":"https:\/\/singuli.wpress.me\/index.php\/wp-json\/wp\/v2\/product"}],"about":[{"href":"https:\/\/singuli.wpress.me\/index.php\/wp-json\/wp\/v2\/types\/product"}],"version-history":[{"count":0,"href":"https:\/\/singuli.wpress.me\/index.php\/wp-json\/wp\/v2\/product\/34818\/revisions"}],"wp:featuredmedia":[{"embeddable":true,"href":"https:\/\/singuli.wpress.me\/index.php\/wp-json\/wp\/v2\/media\/34819"}],"wp:attachment":[{"href":"https:\/\/singuli.wpress.me\/index.php\/wp-json\/wp\/v2\/media?parent=34818"}],"wp:term":[{"taxonomy":"product_brand","embeddable":true,"href":"https:\/\/singuli.wpress.me\/index.php\/wp-json\/wp\/v2\/product_brand?post=34818"},{"taxonomy":"product_cat","embeddable":true,"href":"https:\/\/singuli.wpress.me\/index.php\/wp-json\/wp\/v2\/product_cat?post=34818"},{"taxonomy":"product_tag","embeddable":true,"href":"https:\/\/singuli.wpress.me\/index.php\/wp-json\/wp\/v2\/product_tag?post=34818"}],"curies":[{"name":"wp","href":"https:\/\/api.w.org\/{rel}","templated":true}]}}