{"id":34822,"date":"2026-04-17T13:42:53","date_gmt":"2026-04-17T13:42:53","guid":{"rendered":"https:\/\/singuli.wpress.me\/index.php\/proizvod\/old-spice-captain-gel-za-tusiranje-i-sampon-400-ml\/"},"modified":"2026-04-20T12:33:13","modified_gmt":"2026-04-20T12:33:13","slug":"old-spice-captain-gel-za-tusiranje-i-sampon-400-ml","status":"publish","type":"product","link":"https:\/\/singuli.wpress.me\/index.php\/proizvod\/old-spice-captain-gel-za-tusiranje-i-sampon-400-ml\/","title":{"rendered":"OLD SPICE Captain, gel za tu\u0161iranje i \u0161ampon, 400\u00a0ml"},"content":{"rendered":"<p><span style=\"font-weight: bold\">Mu\u0161ki gel za tu\u0161iranje Old Spice<\/span> \u010disti ko\u017eu i naglavce izbacuje neugodne mirise. <br \/>\nNanesi malu koli\u010dinu na dlan, obi\u010dno pod tu\u0161em, zapjeni i koristi ga za \u010di\u0161\u0107enje tijela. Kada ne dominira\u0161 na morima, dominira\u0161 u zatvorenim prostorima i ispunjava\u0161 ih svje\u017eim mirisom sandalovine i otvorenog oceana. <br \/>\nMu\u0161ki gel za pranje tijela Old Spice izbacuje prljav\u0161tinu i neugodne mirise umjesto tebe tako da se mo\u017ee\u0161 usredoto\u010diti na vi\u0161e ciljeve poput sklapanja poslova ili dresiranja dupina.<\/p>\n","protected":false},"excerpt":{"rendered":"<p>2u1, gel za tu\u0161iranje i \u0161ampon<br \/>\nMiris sandalovine i otvorenog oceana<br \/>\nUklanja prljav\u0161tinu i neugodne mirise<\/p>\n","protected":false},"featured_media":34823,"template":"","meta":{"_seopress_robots_primary_cat":"","_seopress_titles_title":"","_seopress_titles_desc":"","_seopress_robots_index":"","iawp_total_views":0},"product_brand":[448],"product_cat":[268,278],"product_tag":[],"class_list":{"0":"post-34822","1":"product","2":"type-product","3":"status-publish","4":"has-post-thumbnail","6":"product_brand-old-spice","7":"product_cat-kozmetika-2","8":"product_cat-njega-tijela-268","10":"first","11":"instock","12":"shipping-taxable","13":"purchasable","14":"product-type-simple"},"_links":{"self":[{"href":"https:\/\/singuli.wpress.me\/index.php\/wp-json\/wp\/v2\/product\/34822","targetHints":{"allow":["GET"]}}],"collection":[{"href":"https:\/\/singuli.wpress.me\/index.php\/wp-json\/wp\/v2\/product"}],"about":[{"href":"https:\/\/singuli.wpress.me\/index.php\/wp-json\/wp\/v2\/types\/product"}],"version-history":[{"count":0,"href":"https:\/\/singuli.wpress.me\/index.php\/wp-json\/wp\/v2\/product\/34822\/revisions"}],"wp:featuredmedia":[{"embeddable":true,"href":"https:\/\/singuli.wpress.me\/index.php\/wp-json\/wp\/v2\/media\/34823"}],"wp:attachment":[{"href":"https:\/\/singuli.wpress.me\/index.php\/wp-json\/wp\/v2\/media?parent=34822"}],"wp:term":[{"taxonomy":"product_brand","embeddable":true,"href":"https:\/\/singuli.wpress.me\/index.php\/wp-json\/wp\/v2\/product_brand?post=34822"},{"taxonomy":"product_cat","embeddable":true,"href":"https:\/\/singuli.wpress.me\/index.php\/wp-json\/wp\/v2\/product_cat?post=34822"},{"taxonomy":"product_tag","embeddable":true,"href":"https:\/\/singuli.wpress.me\/index.php\/wp-json\/wp\/v2\/product_tag?post=34822"}],"curies":[{"name":"wp","href":"https:\/\/api.w.org\/{rel}","templated":true}]}}