{"id":34833,"date":"2026-04-17T13:42:56","date_gmt":"2026-04-17T13:42:56","guid":{"rendered":"https:\/\/singuli.wpress.me\/index.php\/proizvod\/old-spice-wolfthorn-gel-za-tusiranje-675-ml\/"},"modified":"2026-04-20T12:33:13","modified_gmt":"2026-04-20T12:33:13","slug":"old-spice-wolfthorn-gel-za-tusiranje-675-ml","status":"publish","type":"product","link":"https:\/\/singuli.wpress.me\/index.php\/proizvod\/old-spice-wolfthorn-gel-za-tusiranje-675-ml\/","title":{"rendered":"OLD SPICE Wolfthorn, gel za tu\u0161iranje, 675\u00a0ml"},"content":{"rendered":"<p>U\u017eivaj u nezaboravnoj dugotrajnoj svje\u017eini i fantamirisnom samopouzdanju uz \u0161ampon i gel za tu\u0161iranje Old Spice Wolfthorn za mu\u0161karce. Njegova formula za dubinsko \u010di\u0161\u0107enje oboga\u0107ena mirisima parfemske kvalitete uklanja prljav\u0161tinu i neugodne mirise, a ti ostaje\u0161 svje\u017e i \u010dist. Ova vi\u0161enamjenska formula 3-u-1 djeluje na tijelo, kosu i lice te \u010dini tvoju ko\u017eu neodoljivo glatkom, tako da se mo\u017ee\u0161 usredoto\u010diti na ambicioznije pothvate poput sklapanja poslova ili podu\u010davanja dupina ljudskom govoru. Ovaj svje\u017ei miris divljih citrusa, tropskog vo\u0107a i so\u010dne mandarine s da\u0161kom vanilije istaknut \u0107e tvoju neukrotivu stranu.<\/p>\n","protected":false},"excerpt":{"rendered":"<p>Zahvaljuju\u0107i tehnologiji dubinskog \u010di\u0161\u0107enja i mirisima parfemske kvalitete gela za tu\u0161iranje i \u0161ampona Old Spice, u\u017eivat \u0107e\u0161 u svje\u017eini od glave do pete<br \/>\nOvaj svje\u017ei miris divljih citrusa, tropskog vo\u0107a i so\u010dne mandarine s da\u0161kom vanilije istaknut \u0107e tvoju neukrotivu stranu<br \/>\nPobolj\u0161aj iskustvo tu\u0161iranja ovim gelom za tu\u0161iranje! Gel za tu\u0161iranje 3-u-1 ne samo da ispire neugodne mirise nego i ostavlja osje\u0107aj glatke i mekane ko\u017ee<\/p>\n","protected":false},"featured_media":34834,"template":"","meta":{"_seopress_robots_primary_cat":"","_seopress_titles_title":"","_seopress_titles_desc":"","_seopress_robots_index":"","iawp_total_views":0},"product_brand":[448],"product_cat":[268,278],"product_tag":[],"class_list":{"0":"post-34833","1":"product","2":"type-product","3":"status-publish","4":"has-post-thumbnail","6":"product_brand-old-spice","7":"product_cat-kozmetika-2","8":"product_cat-njega-tijela-268","10":"first","11":"instock","12":"shipping-taxable","13":"purchasable","14":"product-type-simple"},"_links":{"self":[{"href":"https:\/\/singuli.wpress.me\/index.php\/wp-json\/wp\/v2\/product\/34833","targetHints":{"allow":["GET"]}}],"collection":[{"href":"https:\/\/singuli.wpress.me\/index.php\/wp-json\/wp\/v2\/product"}],"about":[{"href":"https:\/\/singuli.wpress.me\/index.php\/wp-json\/wp\/v2\/types\/product"}],"version-history":[{"count":0,"href":"https:\/\/singuli.wpress.me\/index.php\/wp-json\/wp\/v2\/product\/34833\/revisions"}],"wp:featuredmedia":[{"embeddable":true,"href":"https:\/\/singuli.wpress.me\/index.php\/wp-json\/wp\/v2\/media\/34834"}],"wp:attachment":[{"href":"https:\/\/singuli.wpress.me\/index.php\/wp-json\/wp\/v2\/media?parent=34833"}],"wp:term":[{"taxonomy":"product_brand","embeddable":true,"href":"https:\/\/singuli.wpress.me\/index.php\/wp-json\/wp\/v2\/product_brand?post=34833"},{"taxonomy":"product_cat","embeddable":true,"href":"https:\/\/singuli.wpress.me\/index.php\/wp-json\/wp\/v2\/product_cat?post=34833"},{"taxonomy":"product_tag","embeddable":true,"href":"https:\/\/singuli.wpress.me\/index.php\/wp-json\/wp\/v2\/product_tag?post=34833"}],"curies":[{"name":"wp","href":"https:\/\/api.w.org\/{rel}","templated":true}]}}