{"id":34841,"date":"2026-04-17T13:42:58","date_gmt":"2026-04-17T13:42:58","guid":{"rendered":"https:\/\/singuli.wpress.me\/index.php\/proizvod\/old-spice-wolfhorn-dezodorans-u-sticku-50-ml\/"},"modified":"2026-04-21T00:26:42","modified_gmt":"2026-04-21T00:26:42","slug":"old-spice-wolfhorn-dezodorans-u-sticku-50-ml","status":"publish","type":"product","link":"https:\/\/singuli.wpress.me\/index.php\/proizvod\/old-spice-wolfhorn-dezodorans-u-sticku-50-ml\/","title":{"rendered":"OLD SPICE Wolfhorn, dezodorans u sticku, 50\u00a0ml"},"content":{"rendered":"<p>Tko bi rekao da divlji miris Wolfthorna mo\u017ee pomo\u0107i u borbi protiv ne tako ugodnih i dru\u0161tveno prihvatljivih mirisa? Mo\u017eda su to znali Aristotel ili sove koje govore, ali svakako ne obi\u010dni mu\u0161karci i obi\u010dne, glupe sove. U kraljevstvu \u017eivotinja i ljudi zvanom Zemlja, postoji samo jedna \u017eivotinja koja je dovoljno inteligentna da miri\u0161e kao najopasnija i najmu\u017eevnija me\u0111u svim \u017eivotinjama. To je mu\u0161karac koji miri\u0161e kao vuk, kada bi vuk mirisao poput zgodnog frajera. Tako stoje stvari u tom kraljevstvu. <\/p>\n<p>Stoga, ako ga ikad misli\u0161 posjetiti, prvo nau\u010di kako dobro mirisati uz Old Spice Wolfthorn. <\/p>\n<p>Dezodorans Old Spice izuzetno je mu\u017eevan miris koji ti poma\u017ee da se rije\u0161i\u0161 neugodnih tjelesnih mirisa i mirisa ispod pazuha. <\/p>\n<p>Za no\u0107ne zvjerke koje se ne pla\u0161e svoje mu\u017eevnosti ni dezodoransa.<\/p>\n","protected":false},"excerpt":{"rendered":"<p>Tehnologija cjelodnevnog mirisa<br \/>\nMo\u0107no nadja\u010dava neugodne mirise<br \/>\nZa\u0161tita od bijelih i \u017eutih mrlja<\/p>\n","protected":false},"featured_media":34842,"template":"","meta":{"_seopress_robots_primary_cat":"","_seopress_titles_title":"","_seopress_titles_desc":"","_seopress_robots_index":"","iawp_total_views":0},"product_brand":[448],"product_cat":[285,268],"product_tag":[],"class_list":{"0":"post-34841","1":"product","2":"type-product","3":"status-publish","4":"has-post-thumbnail","6":"product_brand-old-spice","7":"product_cat-dezodoransi-268","8":"product_cat-kozmetika-2","10":"first","11":"instock","12":"shipping-taxable","13":"purchasable","14":"product-type-simple"},"_links":{"self":[{"href":"https:\/\/singuli.wpress.me\/index.php\/wp-json\/wp\/v2\/product\/34841","targetHints":{"allow":["GET"]}}],"collection":[{"href":"https:\/\/singuli.wpress.me\/index.php\/wp-json\/wp\/v2\/product"}],"about":[{"href":"https:\/\/singuli.wpress.me\/index.php\/wp-json\/wp\/v2\/types\/product"}],"version-history":[{"count":0,"href":"https:\/\/singuli.wpress.me\/index.php\/wp-json\/wp\/v2\/product\/34841\/revisions"}],"wp:featuredmedia":[{"embeddable":true,"href":"https:\/\/singuli.wpress.me\/index.php\/wp-json\/wp\/v2\/media\/34842"}],"wp:attachment":[{"href":"https:\/\/singuli.wpress.me\/index.php\/wp-json\/wp\/v2\/media?parent=34841"}],"wp:term":[{"taxonomy":"product_brand","embeddable":true,"href":"https:\/\/singuli.wpress.me\/index.php\/wp-json\/wp\/v2\/product_brand?post=34841"},{"taxonomy":"product_cat","embeddable":true,"href":"https:\/\/singuli.wpress.me\/index.php\/wp-json\/wp\/v2\/product_cat?post=34841"},{"taxonomy":"product_tag","embeddable":true,"href":"https:\/\/singuli.wpress.me\/index.php\/wp-json\/wp\/v2\/product_tag?post=34841"}],"curies":[{"name":"wp","href":"https:\/\/api.w.org\/{rel}","templated":true}]}}