{"id":34853,"date":"2026-04-17T13:43:01","date_gmt":"2026-04-17T13:43:01","guid":{"rendered":"https:\/\/singuli.wpress.me\/index.php\/proizvod\/old-spice-night-panther-gel-za-tusiranje-400-ml\/"},"modified":"2026-04-20T12:33:13","modified_gmt":"2026-04-20T12:33:13","slug":"old-spice-night-panther-gel-za-tusiranje-400-ml","status":"publish","type":"product","link":"https:\/\/singuli.wpress.me\/index.php\/proizvod\/old-spice-night-panther-gel-za-tusiranje-400-ml\/","title":{"rendered":"OLD SPICE Night Panther, gel za tu\u0161iranje, 400\u00a0ml"},"content":{"rendered":"<p>U\u017eivaj u nezaboravnoj dugotrajnoj svje\u017eini i fantamirisnom samopouzdanju uz \u0161ampon i gel za tu\u0161iranje Old Spice Night Panther za mu\u0161karce. Njegova formula za dubinsko \u010di\u0161\u0107enje oboga\u0107ena mirisima parfemske kvalitete uklanja prljav\u0161tinu i neugodne mirise, a ti ostaje\u0161 svje\u017e i \u010dist. Ova vi\u0161enamjenska formula 3-u-1 djeluje na tijelo, kosu i lice te \u010dini tvoju ko\u017eu neodoljivo glatkom, tako da se mo\u017ee\u0161 usredoto\u010diti na ambicioznije pothvate poput sklapanja poslova ili podu\u010davanja dupina ljudskom govoru. Ovaj bogati miris tamne \u010dokolade, pikantnih citrusa i vanilije stvara opasnu ovisnost.<\/p>\n","protected":false},"excerpt":{"rendered":"<p>Zahvaljuju\u0107i tehnologiji dubinskog \u010di\u0161\u0107enja i mirisima parfemske kvalitete gela za tu\u0161iranje i \u0161ampona Old Spice, u\u017eivat \u0107e\u0161 u svje\u017eini od glave do pete<br \/>\nBogati miris tamne \u010dokolade, pikantnih citrusa i vanilije stvara opasnu ovisnost<br \/>\nPobolj\u0161aj iskustvo tu\u0161iranja ovim gelom za tu\u0161iranje! Gel za tu\u0161iranje 3-u-1 ne samo da ispire neugodne mirise nego i ostavlja osje\u0107aj glatke i mekane ko\u017ee<\/p>\n","protected":false},"featured_media":34854,"template":"","meta":{"_seopress_robots_primary_cat":"","_seopress_titles_title":"","_seopress_titles_desc":"","_seopress_robots_index":"","iawp_total_views":0},"product_brand":[448],"product_cat":[268,278],"product_tag":[],"class_list":{"0":"post-34853","1":"product","2":"type-product","3":"status-publish","4":"has-post-thumbnail","6":"product_brand-old-spice","7":"product_cat-kozmetika-2","8":"product_cat-njega-tijela-268","10":"first","11":"instock","12":"shipping-taxable","13":"purchasable","14":"product-type-simple"},"_links":{"self":[{"href":"https:\/\/singuli.wpress.me\/index.php\/wp-json\/wp\/v2\/product\/34853","targetHints":{"allow":["GET"]}}],"collection":[{"href":"https:\/\/singuli.wpress.me\/index.php\/wp-json\/wp\/v2\/product"}],"about":[{"href":"https:\/\/singuli.wpress.me\/index.php\/wp-json\/wp\/v2\/types\/product"}],"version-history":[{"count":0,"href":"https:\/\/singuli.wpress.me\/index.php\/wp-json\/wp\/v2\/product\/34853\/revisions"}],"wp:featuredmedia":[{"embeddable":true,"href":"https:\/\/singuli.wpress.me\/index.php\/wp-json\/wp\/v2\/media\/34854"}],"wp:attachment":[{"href":"https:\/\/singuli.wpress.me\/index.php\/wp-json\/wp\/v2\/media?parent=34853"}],"wp:term":[{"taxonomy":"product_brand","embeddable":true,"href":"https:\/\/singuli.wpress.me\/index.php\/wp-json\/wp\/v2\/product_brand?post=34853"},{"taxonomy":"product_cat","embeddable":true,"href":"https:\/\/singuli.wpress.me\/index.php\/wp-json\/wp\/v2\/product_cat?post=34853"},{"taxonomy":"product_tag","embeddable":true,"href":"https:\/\/singuli.wpress.me\/index.php\/wp-json\/wp\/v2\/product_tag?post=34853"}],"curies":[{"name":"wp","href":"https:\/\/api.w.org\/{rel}","templated":true}]}}