{"id":34865,"date":"2026-04-17T13:43:04","date_gmt":"2026-04-17T13:43:04","guid":{"rendered":"https:\/\/singuli.wpress.me\/index.php\/proizvod\/lenor-fresh-wind-omeksivac-50-pranja-700-ml\/"},"modified":"2026-04-20T12:33:13","modified_gmt":"2026-04-20T12:33:13","slug":"lenor-fresh-wind-omeksivac-50-pranja-700-ml","status":"publish","type":"product","link":"https:\/\/singuli.wpress.me\/index.php\/proizvod\/lenor-fresh-wind-omeksivac-50-pranja-700-ml\/","title":{"rendered":"LENOR Fresh Wind, omek\u0161iva\u010d, 50 pranja, 700\u00a0ml"},"content":{"rendered":"<p>U\u017eivajte u rublju svje\u017eem kao da ste ga su\u0161ili vani na svje\u017eem zraku, \u010dak i kad ga su\u0161ite u ku\u0107i! Iznimno koncentrirana formula za svje\u017einu <span style=\"font-weight: bold\">omek\u0161iva\u010da Lenor Fresh Air<\/span> koncentriranija je u odnosu na ostale Lenorove omek\u0161iva\u010de rublja i pru\u017ea vam Xx pranja u manjoj boci. Zahvaljuju\u0107i inovativnoj tehnologiji, trebate samo malu dozu kako bi rublje bilo svje\u017ee kao da se su\u0161ilo na svje\u017eem zraku, bez obzira na vremenske prilike! U kombinaciji sa za\u0161titom od ustajalog mirisa, omek\u0161iva\u010d rublja Lenor Fresh Air Fresh Wind pru\u017eit \u0107e u\u017eitak dugotrajne svje\u017eine. Udahnite svje\u017e proljetni miris! Ova kombinacija svje\u017eih i \u010distih nota u kombinaciji sa za\u0161titom od ustajalog mirisa pru\u017eit \u0107e u\u017eitak dugotrajne svje\u017eine. Boca je izra\u0111ena od reciklirane plastike osim \u010depa, otvora za izlijevanje i omota. Lenor Fresh Air razvijen je u suradnji s potro\u0161a\u010dima kako bi pru\u017eio osje\u0107aj svje\u017eine kao kad se rublje su\u0161i vani na svje\u017eem zraku, a nastavlja otpu\u0161tati svje\u017einu kad je rublje tek osu\u0161eno, kad je u ormaru, pa \u010dak i kad se kre\u0107ete.<\/p>\n","protected":false},"excerpt":{"rendered":"<p>Energi\u010dni mirisom mora, svje\u017einom vjetra i da\u0161kom citrusa<br \/>\nRublje koje miri\u0161e svje\u017ee kao da se su\u0161ilo na svje\u017eem zraku<br \/>\nBoca od 100 % recikliranog materijala i mo\u017ee se reciklirati (osim omota)<\/p>\n","protected":false},"featured_media":34866,"template":"","meta":{"_seopress_robots_primary_cat":"","_seopress_titles_title":"","_seopress_titles_desc":"","_seopress_robots_index":"","iawp_total_views":0},"product_brand":[446],"product_cat":[283,238],"product_tag":[],"class_list":{"0":"post-34865","1":"product","2":"type-product","3":"status-publish","4":"has-post-thumbnail","6":"product_brand-lenor","7":"product_cat-pranje-rublja-238","8":"product_cat-sve-za-dom","10":"first","11":"instock","12":"shipping-taxable","13":"purchasable","14":"product-type-simple"},"_links":{"self":[{"href":"https:\/\/singuli.wpress.me\/index.php\/wp-json\/wp\/v2\/product\/34865","targetHints":{"allow":["GET"]}}],"collection":[{"href":"https:\/\/singuli.wpress.me\/index.php\/wp-json\/wp\/v2\/product"}],"about":[{"href":"https:\/\/singuli.wpress.me\/index.php\/wp-json\/wp\/v2\/types\/product"}],"version-history":[{"count":0,"href":"https:\/\/singuli.wpress.me\/index.php\/wp-json\/wp\/v2\/product\/34865\/revisions"}],"wp:featuredmedia":[{"embeddable":true,"href":"https:\/\/singuli.wpress.me\/index.php\/wp-json\/wp\/v2\/media\/34866"}],"wp:attachment":[{"href":"https:\/\/singuli.wpress.me\/index.php\/wp-json\/wp\/v2\/media?parent=34865"}],"wp:term":[{"taxonomy":"product_brand","embeddable":true,"href":"https:\/\/singuli.wpress.me\/index.php\/wp-json\/wp\/v2\/product_brand?post=34865"},{"taxonomy":"product_cat","embeddable":true,"href":"https:\/\/singuli.wpress.me\/index.php\/wp-json\/wp\/v2\/product_cat?post=34865"},{"taxonomy":"product_tag","embeddable":true,"href":"https:\/\/singuli.wpress.me\/index.php\/wp-json\/wp\/v2\/product_tag?post=34865"}],"curies":[{"name":"wp","href":"https:\/\/api.w.org\/{rel}","templated":true}]}}