{"id":34883,"date":"2026-04-17T13:43:09","date_gmt":"2026-04-17T13:43:09","guid":{"rendered":"https:\/\/singuli.wpress.me\/index.php\/proizvod\/lenor-fresh-air-effect-pink-blossom-omeksivac-50-pranja-700-ml\/"},"modified":"2026-04-20T12:33:13","modified_gmt":"2026-04-20T12:33:13","slug":"lenor-fresh-air-effect-pink-blossom-omeksivac-50-pranja-700-ml","status":"publish","type":"product","link":"https:\/\/singuli.wpress.me\/index.php\/proizvod\/lenor-fresh-air-effect-pink-blossom-omeksivac-50-pranja-700-ml\/","title":{"rendered":"LENOR Fresh Air Effect Pink Blossom, omek\u0161iva\u010d, 50 pranja, 700\u00a0ml"},"content":{"rendered":"<p>Lenor Uz omek\u0161iva\u010d rublja Lenor Pink Blossom s biljim sastojcima za meko\u0107u osje\u0107at \u0107ete se dobro u svakoj tkanini uz najbolju Lenorovu svje\u017einu do sada. <\/p>\n<p>Pru\u017ea dugotrajnu svje\u017einu do tjedan dana, bo\u017eanstvenu meko\u0107u i omogu\u0107uje lako gla\u010danje. <\/p>\n<p>Novi puderasti miris s karakteristi\u010dnim notama cvijeta jabuke, slatke dinje i tople ambre. <\/p>\n<p>Koristite u kombinaciji s deterd\u017eentom Lenor za dubinsko \u010di\u0161\u0107enje i uskla\u0111en miris!<\/p>\n","protected":false},"excerpt":{"rendered":"<p>Omek\u0161avaju\u0107a formula s izrazito koncentriranom svje\u017einom<br \/>\nOvaj cvjetni miris karakteriziraju svje\u017ee note cvijeta jabuke, slatke dinje i toplog jantara<br \/>\n\u0160titi od izblje\u0111ivanja, nakupljanja i istezanja tijekom pranja<\/p>\n","protected":false},"featured_media":34884,"template":"","meta":{"_seopress_robots_primary_cat":"","_seopress_titles_title":"","_seopress_titles_desc":"","_seopress_robots_index":"","iawp_total_views":0},"product_brand":[446],"product_cat":[283,238],"product_tag":[],"class_list":{"0":"post-34883","1":"product","2":"type-product","3":"status-publish","4":"has-post-thumbnail","6":"product_brand-lenor","7":"product_cat-pranje-rublja-238","8":"product_cat-sve-za-dom","10":"first","11":"instock","12":"shipping-taxable","13":"purchasable","14":"product-type-simple"},"_links":{"self":[{"href":"https:\/\/singuli.wpress.me\/index.php\/wp-json\/wp\/v2\/product\/34883","targetHints":{"allow":["GET"]}}],"collection":[{"href":"https:\/\/singuli.wpress.me\/index.php\/wp-json\/wp\/v2\/product"}],"about":[{"href":"https:\/\/singuli.wpress.me\/index.php\/wp-json\/wp\/v2\/types\/product"}],"version-history":[{"count":0,"href":"https:\/\/singuli.wpress.me\/index.php\/wp-json\/wp\/v2\/product\/34883\/revisions"}],"wp:featuredmedia":[{"embeddable":true,"href":"https:\/\/singuli.wpress.me\/index.php\/wp-json\/wp\/v2\/media\/34884"}],"wp:attachment":[{"href":"https:\/\/singuli.wpress.me\/index.php\/wp-json\/wp\/v2\/media?parent=34883"}],"wp:term":[{"taxonomy":"product_brand","embeddable":true,"href":"https:\/\/singuli.wpress.me\/index.php\/wp-json\/wp\/v2\/product_brand?post=34883"},{"taxonomy":"product_cat","embeddable":true,"href":"https:\/\/singuli.wpress.me\/index.php\/wp-json\/wp\/v2\/product_cat?post=34883"},{"taxonomy":"product_tag","embeddable":true,"href":"https:\/\/singuli.wpress.me\/index.php\/wp-json\/wp\/v2\/product_tag?post=34883"}],"curies":[{"name":"wp","href":"https:\/\/api.w.org\/{rel}","templated":true}]}}