{"id":34889,"date":"2026-04-17T13:43:11","date_gmt":"2026-04-17T13:43:11","guid":{"rendered":"https:\/\/singuli.wpress.me\/index.php\/proizvod\/chewy-vites-vites-kids-calcium-d3-v-gumeni-bomboni-60-kom\/"},"modified":"2026-04-20T12:33:13","modified_gmt":"2026-04-20T12:33:13","slug":"chewy-vites-vites-kids-calcium-d3-v-gumeni-bomboni-60-kom","status":"publish","type":"product","link":"https:\/\/singuli.wpress.me\/index.php\/proizvod\/chewy-vites-vites-kids-calcium-d3-v-gumeni-bomboni-60-kom\/","title":{"rendered":"CHEWY VITES Vites Kids Calcium + D3 V, gumeni bomboni, 60\u00a0kom"},"content":{"rendered":"<p>Chewy Vites Kids Calcium + Vitamin D3, gumeni bomboni za \u017evakanje, za djecu, dodatak prehrani s kalcijem i vitaminom D3, okus jagode. ZA KOSTI I ZUBE   Sadr\u017ei kalcij koji je potreban za odr\u017eavanje normalnih kostiju i zubi, doprinosi normalnoj funkciji mi\u0161ica i doprinosi normalnom metabolizmu stvaranja energije. Sadr\u017ei vitamin D koji doprinosi normalnoj apsorpciji i iskori\u0161tenju kalcija i fosfora, doprinosi normalnoj razini kalcija u krvi i doprinosi normalnoj funkciji imunolo\u0161kog sustava djece. Kalcij i vitamin D potrebni su za normalan<br \/>\nrast i razvoj dje\u010djih kostiju.  Svu na\u0161u pa\u017enju usmjeravamo na stvaranje kvalitetnih i ukusnih vocnih dodataka prehrani, koje djeca vole. Na\u0161i veganski \u017eele bomboni sadr\u017ee samo najbolje sastojke. Pogodno za vegane i vegetarijance, bez umjetnih boja, okusa, zasla\u0111iva\u010da, konzervansa, ne sadr\u017ei GMO i bez glutena. <\/p>\n<p>Preporu\u010dena dnevna koli\u010dina za djecu stariju od 3 godine je 1 gumeni bombon, temeljito sa\u017evakati uz obrok (ne na prazan \u017eeludac) pod nadzorom odrasle osobe. Proizvod mogu konzumirati i odrasle osobe.<\/p>\n<p>Sastojci u preporu\u010denoj dnevnoj dozi (= 1 gumeni bombon):<br \/>\nVitamin D (kolekalcijferol biljnog porijekla)    6 \u00b5g  (120% PU)<br \/>\nKalcij  120 mg (15% PU)<br \/>\nFosfor  62 mg (9% PU)<br \/>\nPU = Preporu\u010deni dnevni unos<\/p>\n","protected":false},"excerpt":{"rendered":"<p>Sadr\u017ei kalcij koji je potreban za odr\u017eavanje normalnih kostiju i zubi, doprinosi normalnoj funkciji mi\u0161ica i doprinosi normalnom metabolizmu stvaranja energije.<br \/>\nPotrebni su za normalan rast i razvoj dje\u010djih kostiju<br \/>\nKalcij i vitamin D su biljnog porijekla<\/p>\n","protected":false},"featured_media":34890,"template":"","meta":{"_seopress_robots_primary_cat":"","_seopress_titles_title":"","_seopress_titles_desc":"","_seopress_robots_index":"","iawp_total_views":0},"product_brand":[764],"product_cat":[211,289],"product_tag":[],"class_list":{"0":"post-34889","1":"product","2":"type-product","3":"status-publish","4":"has-post-thumbnail","6":"product_brand-chewy-vites","7":"product_cat-njega-majke-i-djeteta","8":"product_cat-trudnoca-i-vitamini-211","10":"first","11":"instock","12":"shipping-taxable","13":"purchasable","14":"product-type-simple"},"_links":{"self":[{"href":"https:\/\/singuli.wpress.me\/index.php\/wp-json\/wp\/v2\/product\/34889","targetHints":{"allow":["GET"]}}],"collection":[{"href":"https:\/\/singuli.wpress.me\/index.php\/wp-json\/wp\/v2\/product"}],"about":[{"href":"https:\/\/singuli.wpress.me\/index.php\/wp-json\/wp\/v2\/types\/product"}],"version-history":[{"count":0,"href":"https:\/\/singuli.wpress.me\/index.php\/wp-json\/wp\/v2\/product\/34889\/revisions"}],"wp:featuredmedia":[{"embeddable":true,"href":"https:\/\/singuli.wpress.me\/index.php\/wp-json\/wp\/v2\/media\/34890"}],"wp:attachment":[{"href":"https:\/\/singuli.wpress.me\/index.php\/wp-json\/wp\/v2\/media?parent=34889"}],"wp:term":[{"taxonomy":"product_brand","embeddable":true,"href":"https:\/\/singuli.wpress.me\/index.php\/wp-json\/wp\/v2\/product_brand?post=34889"},{"taxonomy":"product_cat","embeddable":true,"href":"https:\/\/singuli.wpress.me\/index.php\/wp-json\/wp\/v2\/product_cat?post=34889"},{"taxonomy":"product_tag","embeddable":true,"href":"https:\/\/singuli.wpress.me\/index.php\/wp-json\/wp\/v2\/product_tag?post=34889"}],"curies":[{"name":"wp","href":"https:\/\/api.w.org\/{rel}","templated":true}]}}