{"id":34891,"date":"2026-04-17T13:43:12","date_gmt":"2026-04-17T13:43:12","guid":{"rendered":"https:\/\/singuli.wpress.me\/index.php\/proizvod\/chewy-vites-vites-adult-beauty-collagen-gumeni-bomboni-60-kom\/"},"modified":"2026-04-20T12:33:13","modified_gmt":"2026-04-20T12:33:13","slug":"chewy-vites-vites-adult-beauty-collagen-gumeni-bomboni-60-kom","status":"publish","type":"product","link":"https:\/\/singuli.wpress.me\/index.php\/proizvod\/chewy-vites-vites-adult-beauty-collagen-gumeni-bomboni-60-kom\/","title":{"rendered":"CHEWY VITES Vites Adult Beauty Collagen, gumeni bomboni, 60\u00a0kom"},"content":{"rendered":"<p>Chewy Vites Adult Beauty Collagen, gumeni bomboni za \u017evakanje, za odrasle dodatak prehrani s kolagenom, Q10,  biotinom i vitaminima, okus jagode . ZA KO\u017dU  Chewy Vites Beauty Collagen formuliran za odrasle. Sadr\u017ei biotin i vitamin A koji doprinosi odr\u017eavanju normalne ko\u017ee. Svaki Chewy Vites Beauty collagen  bombon sadr\u017ei balansiranu konecentraciju kolagena, 4 esencijalna vitamina uz dodatak koenzima Q10.<\/p>\n<p>Na\u010din primjene: Preporu\u010dena dnevna koli\u010dina za odrasle osobe je 2 gumena bombona. Nemojte prekora\u010diti preporu\u010denu dnevnu dozu.<\/p>\n<p>Sastojci u preporu\u010denoj dnevnoj dozi (= 2 gumena bombona): <br \/>\n Kolagen                             210 mg<br \/>\nVitamin C                             24 mg 30%PU<br \/>\nVitamin A (retinol)            480 \u00b5g 60% PU<br \/>\nVitamin E (\u03b1-tokoferol)     3.6 mg 30%PU <br \/>\nBiotin                                   100 \u00b5g 200%PU<br \/>\nKoenzim Q10                       8.7mg <br \/>\nPU = Preporu\u010deni dnevni unos<\/p>\n","protected":false},"excerpt":{"rendered":"<p>Chewy Vites Beauty Collagen posebno je formuliran za odrasle<br \/>\nKolagen je sastavni dio zdrave ko\u017ee, a biotin i vitamin A doprinose  odr\u017eavanju normalne ko\u017ee<br \/>\nSvaki gumeni bombon Chewy Vites Beauty Collagen sadr\u017ei uravnote\u017eenu dozu hidroliziranog kolagena tipa 1 i komplementarnih vitamina i minerala za ljepotu<\/p>\n","protected":false},"featured_media":34892,"template":"","meta":{"_seopress_robots_primary_cat":"","_seopress_titles_title":"","_seopress_titles_desc":"","_seopress_robots_index":"","iawp_total_views":0},"product_brand":[764],"product_cat":[211,289],"product_tag":[],"class_list":{"0":"post-34891","1":"product","2":"type-product","3":"status-publish","4":"has-post-thumbnail","6":"product_brand-chewy-vites","7":"product_cat-njega-majke-i-djeteta","8":"product_cat-trudnoca-i-vitamini-211","10":"first","11":"instock","12":"shipping-taxable","13":"purchasable","14":"product-type-simple"},"_links":{"self":[{"href":"https:\/\/singuli.wpress.me\/index.php\/wp-json\/wp\/v2\/product\/34891","targetHints":{"allow":["GET"]}}],"collection":[{"href":"https:\/\/singuli.wpress.me\/index.php\/wp-json\/wp\/v2\/product"}],"about":[{"href":"https:\/\/singuli.wpress.me\/index.php\/wp-json\/wp\/v2\/types\/product"}],"version-history":[{"count":0,"href":"https:\/\/singuli.wpress.me\/index.php\/wp-json\/wp\/v2\/product\/34891\/revisions"}],"wp:featuredmedia":[{"embeddable":true,"href":"https:\/\/singuli.wpress.me\/index.php\/wp-json\/wp\/v2\/media\/34892"}],"wp:attachment":[{"href":"https:\/\/singuli.wpress.me\/index.php\/wp-json\/wp\/v2\/media?parent=34891"}],"wp:term":[{"taxonomy":"product_brand","embeddable":true,"href":"https:\/\/singuli.wpress.me\/index.php\/wp-json\/wp\/v2\/product_brand?post=34891"},{"taxonomy":"product_cat","embeddable":true,"href":"https:\/\/singuli.wpress.me\/index.php\/wp-json\/wp\/v2\/product_cat?post=34891"},{"taxonomy":"product_tag","embeddable":true,"href":"https:\/\/singuli.wpress.me\/index.php\/wp-json\/wp\/v2\/product_tag?post=34891"}],"curies":[{"name":"wp","href":"https:\/\/api.w.org\/{rel}","templated":true}]}}