{"id":34893,"date":"2026-04-17T13:43:13","date_gmt":"2026-04-17T13:43:13","guid":{"rendered":"https:\/\/singuli.wpress.me\/index.php\/proizvod\/chewy-vites-vites-adult-magnesium-gumeni-bomboni-60-kom\/"},"modified":"2026-04-20T12:33:13","modified_gmt":"2026-04-20T12:33:13","slug":"chewy-vites-vites-adult-magnesium-gumeni-bomboni-60-kom","status":"publish","type":"product","link":"https:\/\/singuli.wpress.me\/index.php\/proizvod\/chewy-vites-vites-adult-magnesium-gumeni-bomboni-60-kom\/","title":{"rendered":"CHEWY VITES Vites Adult Magnesium, gumeni bomboni, 60\u00a0kom"},"content":{"rendered":"<p>Chewy Vites Adult Magnesium, gumeni bomboni za \u017evakanje, za odrasle dodatak prehrani s magnezijem, okus bobi\u010dastog vo\u0107a. Sadr\u017ei magnezij koji doprinosi smanjenju umora i iscrpljenosti,  doprinosi normalnoj funkciji mi\u0161i\u0107a i  normalnom metabolizmu stvaranja energije, doprinosi normalnoj psiholo\u0161koj funkcij i normalnom funkcioniranju \u017eiv\u010danog sustava. Svaki Chewy Vites Magnezij bombon sadr\u017ei 82.5mg elementarnog magnezija.<\/p>\n<p>Na\u010din primjene: Preporu\u010dena dnevna koli\u010dina za odrasle osobe je 1 gumeni bombon, sa\u017evakati uz obrok (ne na prazan \u017eeludac).Po potrebi se mo\u017ee konzumirati 2 gumena bombona dnevno.<\/p>\n<p>Sastojci u preporu\u010denoj dnevnoj dozi :<br \/>\n(= 1 gumeni bombon) Magnezij citrat 736 mg od \u010dega elementarni  magnezij  82.50 mg 20% PU<br \/>\n(=2 gumena bombona) Magnezij citrat   1472mg od \u010dega elementarni magnezij   85mg  40%PU<br \/>\nPU = Preporu\u010deni dnevni unos<\/p>\n","protected":false},"excerpt":{"rendered":"<p>Smanjuje umor i iscrpljenost zahvaljuju\u0107i magneziju<br \/>\nPodr\u017eava mi\u0161i\u0107nu funkciju i energetski metabolizam<br \/>\nPoti\u010de zdravlje \u017eiv\u010danog sustava i psiholo\u0161ku funkciju<\/p>\n","protected":false},"featured_media":34894,"template":"","meta":{"_seopress_robots_primary_cat":"","_seopress_titles_title":"","_seopress_titles_desc":"","_seopress_robots_index":"","iawp_total_views":0},"product_brand":[764],"product_cat":[211,289],"product_tag":[],"class_list":{"0":"post-34893","1":"product","2":"type-product","3":"status-publish","4":"has-post-thumbnail","6":"product_brand-chewy-vites","7":"product_cat-njega-majke-i-djeteta","8":"product_cat-trudnoca-i-vitamini-211","10":"first","11":"instock","12":"shipping-taxable","13":"purchasable","14":"product-type-simple"},"_links":{"self":[{"href":"https:\/\/singuli.wpress.me\/index.php\/wp-json\/wp\/v2\/product\/34893","targetHints":{"allow":["GET"]}}],"collection":[{"href":"https:\/\/singuli.wpress.me\/index.php\/wp-json\/wp\/v2\/product"}],"about":[{"href":"https:\/\/singuli.wpress.me\/index.php\/wp-json\/wp\/v2\/types\/product"}],"version-history":[{"count":0,"href":"https:\/\/singuli.wpress.me\/index.php\/wp-json\/wp\/v2\/product\/34893\/revisions"}],"wp:featuredmedia":[{"embeddable":true,"href":"https:\/\/singuli.wpress.me\/index.php\/wp-json\/wp\/v2\/media\/34894"}],"wp:attachment":[{"href":"https:\/\/singuli.wpress.me\/index.php\/wp-json\/wp\/v2\/media?parent=34893"}],"wp:term":[{"taxonomy":"product_brand","embeddable":true,"href":"https:\/\/singuli.wpress.me\/index.php\/wp-json\/wp\/v2\/product_brand?post=34893"},{"taxonomy":"product_cat","embeddable":true,"href":"https:\/\/singuli.wpress.me\/index.php\/wp-json\/wp\/v2\/product_cat?post=34893"},{"taxonomy":"product_tag","embeddable":true,"href":"https:\/\/singuli.wpress.me\/index.php\/wp-json\/wp\/v2\/product_tag?post=34893"}],"curies":[{"name":"wp","href":"https:\/\/api.w.org\/{rel}","templated":true}]}}