{"id":34895,"date":"2026-04-17T13:43:14","date_gmt":"2026-04-17T13:43:14","guid":{"rendered":"https:\/\/singuli.wpress.me\/index.php\/proizvod\/dash-lavander-tekuci-deterdzent-za-pranje-rublja-40-pranja-1-8-l\/"},"modified":"2026-04-20T12:33:13","modified_gmt":"2026-04-20T12:33:13","slug":"dash-lavander-tekuci-deterdzent-za-pranje-rublja-40-pranja-1-8-l","status":"publish","type":"product","link":"https:\/\/singuli.wpress.me\/index.php\/proizvod\/dash-lavander-tekuci-deterdzent-za-pranje-rublja-40-pranja-1-8-l\/","title":{"rendered":"DASH Lavander, teku\u0107i deterd\u017eent za pranje rublja, 40 pranja, 1.8\u00a0l"},"content":{"rendered":"<p><span style=\"font-weight: bold\">Dash Lavender<\/span> jam\u010di besprijekorno uklanjanje mrlja, higijenski \u010disti i osigurava neodoljivu svje\u017einu pri samo 1 pranju. Koristite Dash Lavender s omek\u0161iva\u010dem rublja Lenor i mirisnim perlicama Lenor Unstoppables za dodatnu svje\u017einu i meko\u0107u.<\/p>\n","protected":false},"excerpt":{"rendered":"<p>Dash Lavender jam\u010di besprijekorno uklanjanje mrlja, higijenski \u010disti i osigurava neodoljivu svje\u017einu pri samo 1 pranju. Koristite Dash Lavender s<\/p>\n","protected":false},"featured_media":34896,"template":"","meta":{"_seopress_robots_primary_cat":"","_seopress_titles_title":"","_seopress_titles_desc":"","_seopress_robots_index":"","iawp_total_views":0},"product_brand":[762],"product_cat":[283,238],"product_tag":[],"class_list":{"0":"post-34895","1":"product","2":"type-product","3":"status-publish","4":"has-post-thumbnail","6":"product_brand-dash","7":"product_cat-pranje-rublja-238","8":"product_cat-sve-za-dom","10":"first","11":"instock","12":"shipping-taxable","13":"purchasable","14":"product-type-simple"},"_links":{"self":[{"href":"https:\/\/singuli.wpress.me\/index.php\/wp-json\/wp\/v2\/product\/34895","targetHints":{"allow":["GET"]}}],"collection":[{"href":"https:\/\/singuli.wpress.me\/index.php\/wp-json\/wp\/v2\/product"}],"about":[{"href":"https:\/\/singuli.wpress.me\/index.php\/wp-json\/wp\/v2\/types\/product"}],"version-history":[{"count":0,"href":"https:\/\/singuli.wpress.me\/index.php\/wp-json\/wp\/v2\/product\/34895\/revisions"}],"wp:featuredmedia":[{"embeddable":true,"href":"https:\/\/singuli.wpress.me\/index.php\/wp-json\/wp\/v2\/media\/34896"}],"wp:attachment":[{"href":"https:\/\/singuli.wpress.me\/index.php\/wp-json\/wp\/v2\/media?parent=34895"}],"wp:term":[{"taxonomy":"product_brand","embeddable":true,"href":"https:\/\/singuli.wpress.me\/index.php\/wp-json\/wp\/v2\/product_brand?post=34895"},{"taxonomy":"product_cat","embeddable":true,"href":"https:\/\/singuli.wpress.me\/index.php\/wp-json\/wp\/v2\/product_cat?post=34895"},{"taxonomy":"product_tag","embeddable":true,"href":"https:\/\/singuli.wpress.me\/index.php\/wp-json\/wp\/v2\/product_tag?post=34895"}],"curies":[{"name":"wp","href":"https:\/\/api.w.org\/{rel}","templated":true}]}}