{"id":34906,"date":"2026-04-17T13:43:17","date_gmt":"2026-04-17T13:43:17","guid":{"rendered":"https:\/\/singuli.wpress.me\/index.php\/proizvod\/medex-magnesium-direct-400-d3-direktna-primjena-dodatak-prehrani-20-kom\/"},"modified":"2026-04-20T12:33:13","modified_gmt":"2026-04-20T12:33:13","slug":"medex-magnesium-direct-400-d3-direktna-primjena-dodatak-prehrani-20-kom","status":"publish","type":"product","link":"https:\/\/singuli.wpress.me\/index.php\/proizvod\/medex-magnesium-direct-400-d3-direktna-primjena-dodatak-prehrani-20-kom\/","title":{"rendered":"MEDEX  Magnesium Direct  400 + D3 direktna primjena, dodatak prehrani, 20\u00a0kom"},"content":{"rendered":"<p>Magnesium direct 400 + D3 je dodatak prehrani u obliku granula sa magnezijem vitaminima D3, B1 i B6, odli\u010dnog okusa naran\u010de.  Namijenjen je svima koji \u017eele smanjiti umor i iscrpljenost, i onima koji brinu o normalnom funkcioniranju \u017eiv\u010danog sustava, mi\u0161i\u0107a i srca . Idealno za putovanja (uzima se bez vode). Magnezij i vitamin D dodatno doprinose funkciji mi\u0161i\u0107a, odr\u017eavanju zdravih kostiju i zubi Vitamin B6 doprinosi regulaciji hormonske aktivnosti. <\/p>\n<p>Na\u010din primjene: \u00a0vre\u0107ica dnevno, odrasli i djeca stariji od 14 godina. Vre\u0107icu otvorite na ozna\u010denom mjestu, sadr\u017eaj istresite direktno u usta, polako otopite i progutajte bez konzumiranja vode. Magnezij mo\u017ee imati laksativni u\u010dinak. Ako se to dogodi, prepolovite dozu, smanjite unos.<\/p>\n<p>Koli\u010dine u dnevnoj dozi:<br \/>\nSastojci , na 1 vre\u0107icu (2,2 g)*    <br \/>\nMagnezij  400 mg 107% PU<br \/>\nVitamin B6   1,4 mg 100% PU <br \/>\nVitamin D  10 \u03bcg (400 IE) 200% PU<br \/>\nTiamin (vitamin B1) 1,1 mg 100% PU <br \/>\n*Sastojci u preporu\u010denoj dnevnoj dozi.<br \/>\n** PU  Preporu\u010deni dnevni unos.<\/p>\n","protected":false},"excerpt":{"rendered":"<p>Direct Magnesium 400 + D3 u prahu doprinosi smanjenju umora i iscrpljenosti te normalnoj funkciji \u017eiv\u010danog sustava, mi\u0161i\u0107a i srca<br \/>\nJedna vre\u0107ica sadr\u017ei 2.2g<br \/>\nNamijenjen odraslima i djeci starijoj od 14god<\/p>\n","protected":false},"featured_media":34907,"template":"","meta":{"_seopress_robots_primary_cat":"","_seopress_titles_title":"","_seopress_titles_desc":"","_seopress_robots_index":"","iawp_total_views":0},"product_brand":[415],"product_cat":[211,289],"product_tag":[],"class_list":{"0":"post-34906","1":"product","2":"type-product","3":"status-publish","4":"has-post-thumbnail","6":"product_brand-medex","7":"product_cat-njega-majke-i-djeteta","8":"product_cat-trudnoca-i-vitamini-211","10":"first","11":"instock","12":"shipping-taxable","13":"purchasable","14":"product-type-simple"},"_links":{"self":[{"href":"https:\/\/singuli.wpress.me\/index.php\/wp-json\/wp\/v2\/product\/34906","targetHints":{"allow":["GET"]}}],"collection":[{"href":"https:\/\/singuli.wpress.me\/index.php\/wp-json\/wp\/v2\/product"}],"about":[{"href":"https:\/\/singuli.wpress.me\/index.php\/wp-json\/wp\/v2\/types\/product"}],"version-history":[{"count":0,"href":"https:\/\/singuli.wpress.me\/index.php\/wp-json\/wp\/v2\/product\/34906\/revisions"}],"wp:featuredmedia":[{"embeddable":true,"href":"https:\/\/singuli.wpress.me\/index.php\/wp-json\/wp\/v2\/media\/34907"}],"wp:attachment":[{"href":"https:\/\/singuli.wpress.me\/index.php\/wp-json\/wp\/v2\/media?parent=34906"}],"wp:term":[{"taxonomy":"product_brand","embeddable":true,"href":"https:\/\/singuli.wpress.me\/index.php\/wp-json\/wp\/v2\/product_brand?post=34906"},{"taxonomy":"product_cat","embeddable":true,"href":"https:\/\/singuli.wpress.me\/index.php\/wp-json\/wp\/v2\/product_cat?post=34906"},{"taxonomy":"product_tag","embeddable":true,"href":"https:\/\/singuli.wpress.me\/index.php\/wp-json\/wp\/v2\/product_tag?post=34906"}],"curies":[{"name":"wp","href":"https:\/\/api.w.org\/{rel}","templated":true}]}}