{"id":34911,"date":"2026-04-17T13:43:21","date_gmt":"2026-04-17T13:43:21","guid":{"rendered":"https:\/\/singuli.wpress.me\/index.php\/proizvod\/glam-buddies-mini-torbica-macka\/"},"modified":"2026-04-20T12:33:13","modified_gmt":"2026-04-20T12:33:13","slug":"glam-buddies-mini-torbica-macka","status":"publish","type":"product","link":"https:\/\/singuli.wpress.me\/index.php\/proizvod\/glam-buddies-mini-torbica-macka\/","title":{"rendered":"GLAM BUDDIES, mini torbica, Ma\u010dka"},"content":{"rendered":"<p>Jedna torbica, puno iznena\u0111enja \u2013 moda nikada nije bila ovako zabavna!<br \/>\nSvaka Glam Buddies torbica krije vi\u0161e od 10 fantasti\u010dnih iznena\u0111enja koja jedva \u010dekaju da ih otkrije\u0161. Unutra \u0107e\u0161 prona\u0107i slatke modne dodatke, sjajne ukrase i posebne sitnice koje \u0107e upotpuniti tvoju kolekciju. A najbolje od svega? Tu je i preslatki pli\u0161ani ljubimac, spreman da postane tvoj novi najbolji prijatelj!<br \/>\nDob: 4+god<\/p>\n","protected":false},"excerpt":{"rendered":"<p>Svaka torbica krije vi\u0161e od 10 iznena\u0111enja<br \/>\nU torbici se prona\u0111u slatke modne dodatke, sjajne ukrase, posebne sitnice, ali i pli\u0161ani ljubimac<br \/>\nDob: 4+ god<\/p>\n","protected":false},"featured_media":34912,"template":"","meta":{"_seopress_robots_primary_cat":"","_seopress_titles_title":"","_seopress_titles_desc":"","_seopress_robots_index":"","iawp_total_views":0},"product_brand":[490],"product_cat":[274,238],"product_tag":[],"class_list":{"0":"post-34911","1":"product","2":"type-product","3":"status-publish","4":"has-post-thumbnail","6":"product_brand-glam-buddies","7":"product_cat-kucanski-pribor-238","8":"product_cat-sve-za-dom","10":"first","11":"instock","12":"shipping-taxable","13":"purchasable","14":"product-type-simple"},"_links":{"self":[{"href":"https:\/\/singuli.wpress.me\/index.php\/wp-json\/wp\/v2\/product\/34911","targetHints":{"allow":["GET"]}}],"collection":[{"href":"https:\/\/singuli.wpress.me\/index.php\/wp-json\/wp\/v2\/product"}],"about":[{"href":"https:\/\/singuli.wpress.me\/index.php\/wp-json\/wp\/v2\/types\/product"}],"version-history":[{"count":0,"href":"https:\/\/singuli.wpress.me\/index.php\/wp-json\/wp\/v2\/product\/34911\/revisions"}],"wp:featuredmedia":[{"embeddable":true,"href":"https:\/\/singuli.wpress.me\/index.php\/wp-json\/wp\/v2\/media\/34912"}],"wp:attachment":[{"href":"https:\/\/singuli.wpress.me\/index.php\/wp-json\/wp\/v2\/media?parent=34911"}],"wp:term":[{"taxonomy":"product_brand","embeddable":true,"href":"https:\/\/singuli.wpress.me\/index.php\/wp-json\/wp\/v2\/product_brand?post=34911"},{"taxonomy":"product_cat","embeddable":true,"href":"https:\/\/singuli.wpress.me\/index.php\/wp-json\/wp\/v2\/product_cat?post=34911"},{"taxonomy":"product_tag","embeddable":true,"href":"https:\/\/singuli.wpress.me\/index.php\/wp-json\/wp\/v2\/product_tag?post=34911"}],"curies":[{"name":"wp","href":"https:\/\/api.w.org\/{rel}","templated":true}]}}